{"id":64896,"date":"2026-04-01T19:49:50","date_gmt":"2026-04-01T18:49:50","guid":{"rendered":"https:\/\/bigbuy.tupique.com\/produto\/pyrolytic-oven-bosch-hba574bb3-3600-w-71-l\/"},"modified":"2026-04-16T12:29:57","modified_gmt":"2026-04-16T11:29:57","slug":"pyrolytic-oven-bosch-hba574bb3-3600-w-71-l","status":"publish","type":"product","link":"https:\/\/bigbuy.tupique.com\/en\/produto\/pyrolytic-oven-bosch-hba574bb3-3600-w-71-l\/","title":{"rendered":"Four \u00e0 pyrolyse BOSCH HBA574BB3 3600 W 71 L"},"content":{"rendered":"<p>Si vous \u00eates \u00e0 la recherche de nouvelles tendances sur le march\u00e9, nous vous pr\u00e9sentons <b>Four \u00e0 pyrolyse BOSCH HBA574BB3 3600 W 71 L<\/b> !<\/p>\n<ul>\n<li>Type de four:\n<ul>\n<li>Four<\/li>\n<li>Four \u00e0 pyrolyse<\/li>\n<\/ul>\n<\/li>\n<li>Produit \u00e0 brancher: Oui<\/li>\n<li>Type de prise: Prise EU<\/li>\n<li>Bloc d\u2019Alimentation: r\u00e9seau \u00e9lectrique<\/li>\n<li>Caract\u00e9ristiques:\n<ul>\n<li>Lumi\u00e8re int\u00e9rieure<\/li>\n<li>Verrouillage pour enfants<\/li>\n<li>\u00c9cran integr\u00e9<\/li>\n<\/ul>\n<\/li>\n<li>Classification \u00e9nerg\u00e9tique: A+<\/li>\n<li>Type de commande: Plaque Tournante<\/li>\n<li>Couleur: Noir<\/li>\n<li>Tension:\n<ul>\n<li>240 V<\/li>\n<li>220-240 V<\/li>\n<\/ul>\n<\/li>\n<li>Technologie: LED<\/li>\n<li>Programmes: 7<\/li>\n<li>Longueur du c\u00e2ble: 1,2 m<\/li>\n<li>Fr\u00e9quence d&#8217;entr\u00e9e AC: 50-60 Hz<\/li>\n<li>puissance: 3600 W<\/li>\n<li>Thermostat: R\u00e9glable<\/li>\n<li>Lampe: 1<\/li>\n<li>Type: Int\u00e9gr\u00e9<\/li>\n<li>Amp\u00e9rage: 16 A<\/li>\n<li>Capacit\u00e9: 71 L<\/li>\n<\/ul>","protected":false},"excerpt":{"rendered":"<p><span class=\"unit-info\">8.2815 &euro; \/ 1 l<\/span><\/p>","protected":false},"featured_media":64884,"comment_status":"open","ping_status":"closed","template":"","meta":[],"product_brand":[162],"product_cat":[60,747,77],"product_tag":[55],"class_list":{"0":"post-64896","1":"product","2":"type-product","3":"status-publish","4":"has-post-thumbnail","6":"product_brand-brandp_959","7":"product_cat-cuisine-gourmet","8":"product_cat-fours","9":"product_cat-petit-electromenager","10":"product_tag-tag_926","12":"first","13":"instock","14":"taxable","15":"shipping-taxable","16":"purchasable","17":"product-type-simple"},"_links":{"self":[{"href":"https:\/\/bigbuy.tupique.com\/en\/wp-json\/wp\/v2\/product\/64896","targetHints":{"allow":["GET"]}}],"collection":[{"href":"https:\/\/bigbuy.tupique.com\/en\/wp-json\/wp\/v2\/product"}],"about":[{"href":"https:\/\/bigbuy.tupique.com\/en\/wp-json\/wp\/v2\/types\/product"}],"replies":[{"embeddable":true,"href":"https:\/\/bigbuy.tupique.com\/en\/wp-json\/wp\/v2\/comments?post=64896"}],"wp:featuredmedia":[{"embeddable":true,"href":"https:\/\/bigbuy.tupique.com\/en\/wp-json\/wp\/v2\/media\/64884"}],"wp:attachment":[{"href":"https:\/\/bigbuy.tupique.com\/en\/wp-json\/wp\/v2\/media?parent=64896"}],"wp:term":[{"taxonomy":"product_brand","embeddable":true,"href":"https:\/\/bigbuy.tupique.com\/en\/wp-json\/wp\/v2\/product_brand?post=64896"},{"taxonomy":"product_cat","embeddable":true,"href":"https:\/\/bigbuy.tupique.com\/en\/wp-json\/wp\/v2\/product_cat?post=64896"},{"taxonomy":"product_tag","embeddable":true,"href":"https:\/\/bigbuy.tupique.com\/en\/wp-json\/wp\/v2\/product_tag?post=64896"}],"curies":[{"name":"wp","href":"https:\/\/api.w.org\/{rel}","templated":true}]}}