{"id":64859,"date":"2026-04-01T19:48:56","date_gmt":"2026-04-01T18:48:56","guid":{"rendered":"https:\/\/bigbuy.tupique.com\/produto\/gas-hob-bosch-pcs7a5i90\/"},"modified":"2026-05-11T19:57:22","modified_gmt":"2026-05-11T17:57:22","slug":"gas-hob-bosch-pcs7a5i90","status":"publish","type":"product","link":"https:\/\/bigbuy.tupique.com\/en\/produto\/gas-hob-bosch-pcs7a5i90\/","title":{"rendered":"Plaque au gaz BOSCH PCS7A5I90"},"content":{"rendered":"<p>Si vous \u00eates \u00e0 la recherche de nouvelles tendances sur le march\u00e9, nous vous pr\u00e9sentons <b>Plaque au gaz BOSCH PCS7A5I90<\/b> !<\/p>\n<ul>\n<li>Type:\n<ul>\n<li>Plaque \u00e0 Induction<\/li>\n<li>Plaque au gaz<\/li>\n<li>Int\u00e9gr\u00e9<\/li>\n<\/ul>\n<\/li>\n<li>Produit \u00e0 brancher: Oui<\/li>\n<li>Largeur: 75 cm<\/li>\n<li>Type de prise: Prise EU<\/li>\n<li>Bloc d\u2019Alimentation:\n<ul>\n<li>r\u00e9seau \u00e9lectrique<\/li>\n<li>Gaz<\/li>\n<\/ul>\n<\/li>\n<li>Zones de cuisson: 5<\/li>\n<li>Couleur:\n<ul>\n<li>Blanc<\/li>\n<li>Acier<\/li>\n<\/ul>\n<\/li>\n<li>Mati\u00e8re: Acier inoxydable<\/li>\n<li>Forme: Rond<\/li>\n<li>Tension:\n<ul>\n<li>240 V<\/li>\n<li>220-240 V<\/li>\n<\/ul>\n<\/li>\n<li>Longueur du c\u00e2ble: 1 m<\/li>\n<li>Type de carburant: Gaz<\/li>\n<li>Fr\u00e9quence d&#8217;entr\u00e9e AC: 50-60 Hz<\/li>\n<li>Long: 52 cm<\/li>\n<li>\u00c9cran integr\u00e9: Non<\/li>\n<li>Design: Sans cadre<\/li>\n<\/ul>\n<p>Informations importantes: En ce qui concerne le raccordement au gaz, il convient de respecter les r\u00e9glementations nationales en vigueur..<\/p>","protected":false},"excerpt":{"rendered":"<p>Si vous \u00eates \u00e0 la recherche de nouvelles tendances sur le march\u00e9, nous vous pr\u00e9sentons Plaque au gaz BOSCH PCS7A5I90 ! Type: Plaque \u00e0 Induction Plaque au gaz Int\u00e9gr\u00e9 Produit \u00e0 brancher: Oui Largeur: 75 cm Type de prise: Prise EU Bloc d\u2019Alimentation: r\u00e9seau \u00e9lectrique Gaz Zones de cuisson: 5 Couleur: Blanc Acier Mati\u00e8re: Acier [&hellip;]<\/p>\n","protected":false},"featured_media":64850,"comment_status":"open","ping_status":"closed","template":"","meta":[],"product_brand":[162],"product_cat":[60,77,78],"product_tag":[55,56],"class_list":{"0":"post-64859","1":"product","2":"type-product","3":"status-publish","4":"has-post-thumbnail","6":"product_brand-brandp_959","7":"product_cat-cuisine-gourmet","8":"product_cat-petit-electromenager","9":"product_cat-plaques-de-cuisson","10":"product_tag-tag_926","11":"product_tag-tag_930","13":"first","14":"instock","15":"taxable","16":"shipping-taxable","17":"purchasable","18":"product-type-simple"},"_links":{"self":[{"href":"https:\/\/bigbuy.tupique.com\/en\/wp-json\/wp\/v2\/product\/64859","targetHints":{"allow":["GET"]}}],"collection":[{"href":"https:\/\/bigbuy.tupique.com\/en\/wp-json\/wp\/v2\/product"}],"about":[{"href":"https:\/\/bigbuy.tupique.com\/en\/wp-json\/wp\/v2\/types\/product"}],"replies":[{"embeddable":true,"href":"https:\/\/bigbuy.tupique.com\/en\/wp-json\/wp\/v2\/comments?post=64859"}],"wp:featuredmedia":[{"embeddable":true,"href":"https:\/\/bigbuy.tupique.com\/en\/wp-json\/wp\/v2\/media\/64850"}],"wp:attachment":[{"href":"https:\/\/bigbuy.tupique.com\/en\/wp-json\/wp\/v2\/media?parent=64859"}],"wp:term":[{"taxonomy":"product_brand","embeddable":true,"href":"https:\/\/bigbuy.tupique.com\/en\/wp-json\/wp\/v2\/product_brand?post=64859"},{"taxonomy":"product_cat","embeddable":true,"href":"https:\/\/bigbuy.tupique.com\/en\/wp-json\/wp\/v2\/product_cat?post=64859"},{"taxonomy":"product_tag","embeddable":true,"href":"https:\/\/bigbuy.tupique.com\/en\/wp-json\/wp\/v2\/product_tag?post=64859"}],"curies":[{"name":"wp","href":"https:\/\/api.w.org\/{rel}","templated":true}]}}