{"id":64788,"date":"2026-04-01T19:35:12","date_gmt":"2026-04-01T18:35:12","guid":{"rendered":"https:\/\/bigbuy.tupique.com\/produto\/gas-hob-balay-3etg676rb\/"},"modified":"2026-04-15T06:26:59","modified_gmt":"2026-04-15T05:26:59","slug":"gas-hob-balay-3etg676rb","status":"publish","type":"product","link":"https:\/\/bigbuy.tupique.com\/en\/produto\/gas-hob-balay-3etg676rb\/","title":{"rendered":"Plaque au gaz Balay 3ETG676RB"},"content":{"rendered":"<p>Si vous pensez r\u00e9nover votre cuisine, achetez <b>Plaque au gaz Balay 3ETG676RB<\/b> et d\u00b4autres <b>produits Balay<\/b> !<\/p>\n<ul>\n<li>Produit \u00e0 brancher: Oui<\/li>\n<li>Bloc d\u2019Alimentation:\n<ul>\n<li>r\u00e9seau \u00e9lectrique<\/li>\n<li>Gaz Naturel<\/li>\n<\/ul>\n<\/li>\n<li>Couleur: Noir<\/li>\n<li>Fonctions:\n<ul>\n<li>Cuire<\/li>\n<li>Contr\u00f4le de la temp\u00e9rature<\/li>\n<\/ul>\n<\/li>\n<li>Finition: Mat<\/li>\n<li>Mati\u00e8re:\n<ul>\n<li>verre<\/li>\n<li>Verre tremp\u00e9<\/li>\n<\/ul>\n<\/li>\n<li>Zones de cuisson: 5<\/li>\n<li>Contr\u00f4le: Plaque Tournante<\/li>\n<li>Type d&#8217;installation: Sur le plan de travail<\/li>\n<li>\u00c9lev\u00e9: 4,5 cm<\/li>\n<li>Connectivit\u00e9: No<\/li>\n<\/ul>\n<p>Informations importantes: En ce qui concerne le raccordement au gaz, il convient de respecter les r\u00e9glementations nationales en vigueur..<\/p>","protected":false},"excerpt":{"rendered":"<p>Si vous pensez r\u00e9nover votre cuisine, achetez Plaque au gaz Balay 3ETG676RB et d\u00b4autres produits Balay ! Produit \u00e0 brancher: Oui Bloc d\u2019Alimentation: r\u00e9seau \u00e9lectrique Gaz Naturel Couleur: Noir Fonctions: Cuire Contr\u00f4le de la temp\u00e9rature Finition: Mat Mati\u00e8re: verre Verre tremp\u00e9 Zones de cuisson: 5 Contr\u00f4le: Plaque Tournante Type d&#8217;installation: Sur le plan de travail [&hellip;]<\/p>\n","protected":false},"featured_media":64787,"comment_status":"open","ping_status":"closed","template":"","meta":[],"product_brand":[114],"product_cat":[60,77,78],"product_tag":[55,56],"class_list":{"0":"post-64788","1":"product","2":"type-product","3":"status-publish","4":"has-post-thumbnail","6":"product_brand-brandp_1251","7":"product_cat-cuisine-gourmet","8":"product_cat-petit-electromenager","9":"product_cat-plaques-de-cuisson","10":"product_tag-tag_926","11":"product_tag-tag_930","13":"first","14":"instock","15":"taxable","16":"shipping-taxable","17":"purchasable","18":"product-type-simple"},"_links":{"self":[{"href":"https:\/\/bigbuy.tupique.com\/en\/wp-json\/wp\/v2\/product\/64788","targetHints":{"allow":["GET"]}}],"collection":[{"href":"https:\/\/bigbuy.tupique.com\/en\/wp-json\/wp\/v2\/product"}],"about":[{"href":"https:\/\/bigbuy.tupique.com\/en\/wp-json\/wp\/v2\/types\/product"}],"replies":[{"embeddable":true,"href":"https:\/\/bigbuy.tupique.com\/en\/wp-json\/wp\/v2\/comments?post=64788"}],"wp:featuredmedia":[{"embeddable":true,"href":"https:\/\/bigbuy.tupique.com\/en\/wp-json\/wp\/v2\/media\/64787"}],"wp:attachment":[{"href":"https:\/\/bigbuy.tupique.com\/en\/wp-json\/wp\/v2\/media?parent=64788"}],"wp:term":[{"taxonomy":"product_brand","embeddable":true,"href":"https:\/\/bigbuy.tupique.com\/en\/wp-json\/wp\/v2\/product_brand?post=64788"},{"taxonomy":"product_cat","embeddable":true,"href":"https:\/\/bigbuy.tupique.com\/en\/wp-json\/wp\/v2\/product_cat?post=64788"},{"taxonomy":"product_tag","embeddable":true,"href":"https:\/\/bigbuy.tupique.com\/en\/wp-json\/wp\/v2\/product_tag?post=64788"}],"curies":[{"name":"wp","href":"https:\/\/api.w.org\/{rel}","templated":true}]}}