{"id":64786,"date":"2026-04-01T19:35:10","date_gmt":"2026-04-01T18:35:10","guid":{"rendered":"https:\/\/bigbuy.tupique.com\/produto\/portable-monitor-lg-gramview-16mr70-wqxga-16\/"},"modified":"2026-04-15T06:26:52","modified_gmt":"2026-04-15T05:26:52","slug":"portable-monitor-lg-gramview-16mr70-wqxga-16","status":"publish","type":"product","link":"https:\/\/bigbuy.tupique.com\/en\/produto\/portable-monitor-lg-gramview-16mr70-wqxga-16\/","title":{"rendered":"Moniteur portable LG Gram+View 16MR70 WQXGA 16&#8243;"},"content":{"rendered":"<p>Si vous \u00eates \u00e0 la recherche de nouvelles tendances sur le march\u00e9, nous vous pr\u00e9sentons <b>Moniteur portable LG Gram+View 16MR70 WQXGA 16&#8243;<\/b> !<\/p>\n<p>Le <b>LG Gram+View 16MR70<\/b> est un <b>moniteur<\/b> portable qui se distingue par sa polyvalence et sa qualit\u00e9 visuelle, con\u00e7u pour ceux qui souhaitent \u00e9tendre leur espace de travail ou am\u00e9liorer leur exp\u00e9rience multim\u00e9dia avec une portabilit\u00e9 maximale. Ce mod\u00e8le propose un <b>\u00e9cran IPS LCD de 16 pouces<\/b> au format <b>16:10<\/b>, offrant une large surface d\u2019affichage pour les t\u00e2ches professionnelles ou le divertissement et permettant une meilleure productivit\u00e9 gr\u00e2ce \u00e0 un espace vertical accru par rapport aux panneaux traditionnels. Avec sa r\u00e9solution <b>WQXGA<\/b> (2560 x 1600 pixels), profitez d\u2019images nettes, de couleurs pr\u00e9cises et de d\u00e9tails fins, que ce soit pour l\u2019\u00e9dition de documents ou le visionnage de vid\u00e9os haute r\u00e9solution. Son design ultral\u00e9ger et \u00e9l\u00e9gant, avec des finitions <b>noires et argent\u00e9es<\/b>, s\u2019int\u00e8gre parfaitement dans tout environnement de bureau ou en d\u00e9placement, tandis que la connectivit\u00e9 flexible via <b>USB et USB-C<\/b> assure une compatibilit\u00e9 avec les ordinateurs portables, tablettes ou smartphones modernes, simplifiant la connexion sans besoin d\u2019adaptateurs suppl\u00e9mentaires. Le moniteur LG Gram+View 16MR70 constitue une solution pratique et efficace pour ceux qui recherchent un compl\u00e9ment visuel de haute qualit\u00e9 partout, alliant design l\u00e9ger et performances visuelles avanc\u00e9es dans un seul appareil.<\/p>\n<ul>\n<li>Type: \u00c9cran<\/li>\n<li>Brille:\n<ul>\n<li>350 cd\/m\u00b2<\/li>\n<li>350 lm ANSI<\/li>\n<\/ul>\n<\/li>\n<li>Type de prise: Prise EU<\/li>\n<li>Produit \u00e0 brancher: Oui<\/li>\n<li>Rapport d&#8217;aspect:\n<ul>\n<li>16:9<\/li>\n<li>16:10<\/li>\n<\/ul>\n<\/li>\n<li>Couleur:\n<ul>\n<li>Noir<\/li>\n<li>Argent\u00e9<\/li>\n<\/ul>\n<\/li>\n<li>Technologie:\n<ul>\n<li>LED<\/li>\n<li>IPS<\/li>\n<li>LCD<\/li>\n<\/ul>\n<\/li>\n<li>Caract\u00e9ristiques:\n<ul>\n<li>Inclinable<\/li>\n<li>\u00c9cran LCD<\/li>\n<li>\u00c9cran plat<\/li>\n<\/ul>\n<\/li>\n<li>Bloc d\u2019Alimentation: r\u00e9seau \u00e9lectrique<\/li>\n<li>Connexions:\n<ul>\n<li>USB<\/li>\n<li>USB-C<\/li>\n<li>USB-C x 2<\/li>\n<\/ul>\n<\/li>\n<li>Classification \u00e9nerg\u00e9tique: D<\/li>\n<li>M\u00e9moire RAM: 16 GB RAM<\/li>\n<li>Rapport de contraste: 1200:1<\/li>\n<li>R\u00e9solution: WQXGA<\/li>\n<li>Ecran tactile: Non<\/li>\n<li>Fr\u00e9quence: 60 Hz<\/li>\n<li>Ecran: 16&#8243;<\/li>\n<li>R\u00e9solution (px): 2560 x 1600 px<\/li>\n<li>Diagonale de l&#8217;\u00e9cran (cm): 40,6 cm<\/li>\n<\/ul>","protected":false},"excerpt":{"rendered":"<p>Si vous \u00eates \u00e0 la recherche de nouvelles tendances sur le march\u00e9, nous vous pr\u00e9sentons Moniteur portable LG Gram+View 16MR70 WQXGA 16&#8243; ! Le LG Gram+View 16MR70 est un moniteur portable qui se distingue par sa polyvalence et sa qualit\u00e9 visuelle, con\u00e7u pour ceux qui souhaitent \u00e9tendre leur espace de travail ou am\u00e9liorer leur exp\u00e9rience [&hellip;]<\/p>\n","protected":false},"featured_media":157707,"comment_status":"open","ping_status":"closed","template":"","meta":[],"product_brand":[662],"product_cat":[65,581,616],"product_tag":[213,106],"class_list":{"0":"post-64786","1":"product","2":"type-product","3":"status-publish","4":"has-post-thumbnail","6":"product_brand-brandp_559","7":"product_cat-informatique-electronique","8":"product_cat-informatique-peripheriques-et-consommables","9":"product_cat-moniteurs","10":"product_tag-tag_933","11":"product_tag-tag_1295","13":"first","14":"instock","15":"taxable","16":"shipping-taxable","17":"purchasable","18":"product-type-simple"},"_links":{"self":[{"href":"https:\/\/bigbuy.tupique.com\/en\/wp-json\/wp\/v2\/product\/64786","targetHints":{"allow":["GET"]}}],"collection":[{"href":"https:\/\/bigbuy.tupique.com\/en\/wp-json\/wp\/v2\/product"}],"about":[{"href":"https:\/\/bigbuy.tupique.com\/en\/wp-json\/wp\/v2\/types\/product"}],"replies":[{"embeddable":true,"href":"https:\/\/bigbuy.tupique.com\/en\/wp-json\/wp\/v2\/comments?post=64786"}],"wp:featuredmedia":[{"embeddable":true,"href":"https:\/\/bigbuy.tupique.com\/en\/wp-json\/wp\/v2\/media\/157707"}],"wp:attachment":[{"href":"https:\/\/bigbuy.tupique.com\/en\/wp-json\/wp\/v2\/media?parent=64786"}],"wp:term":[{"taxonomy":"product_brand","embeddable":true,"href":"https:\/\/bigbuy.tupique.com\/en\/wp-json\/wp\/v2\/product_brand?post=64786"},{"taxonomy":"product_cat","embeddable":true,"href":"https:\/\/bigbuy.tupique.com\/en\/wp-json\/wp\/v2\/product_cat?post=64786"},{"taxonomy":"product_tag","embeddable":true,"href":"https:\/\/bigbuy.tupique.com\/en\/wp-json\/wp\/v2\/product_tag?post=64786"}],"curies":[{"name":"wp","href":"https:\/\/api.w.org\/{rel}","templated":true}]}}