{"id":64734,"date":"2026-04-01T19:33:43","date_gmt":"2026-04-01T18:33:43","guid":{"rendered":"https:\/\/bigbuy.tupique.com\/produto\/soundbar-sony-ht-a8000-black\/"},"modified":"2026-05-11T19:57:23","modified_gmt":"2026-05-11T17:57:23","slug":"soundbar-sony-ht-a8000-black","status":"publish","type":"product","link":"https:\/\/bigbuy.tupique.com\/en\/produto\/soundbar-sony-ht-a8000-black\/","title":{"rendered":"Barre audio Sony HT-A8000 Noir"},"content":{"rendered":"<p>Si vous \u00eates passionn\u00e9 d&#8217;<b>informatique et d&#8217;\u00e9lectronique<\/b>, si vous \u00eates \u00e0 la pointe de la technologie et qu&#8217;aucun d\u00e9tail ne vous \u00e9chappe, achetez <b>Barre audio Sony HT-A8000 Noir<\/b> au meilleur prix.<\/p>\n<ul>\n<li>Type:\n<ul>\n<li>Haut-parleur<\/li>\n<li>Barre audio<\/li>\n<\/ul>\n<\/li>\n<li>Type de prise: Prise EU<\/li>\n<li>Produit \u00e0 brancher: Oui<\/li>\n<li>Bloc d\u2019Alimentation: r\u00e9seau \u00e9lectrique<\/li>\n<li>Connectivit\u00e9:\n<ul>\n<li>Wi-Fi<\/li>\n<li>Bluetooth<\/li>\n<li>Bluetooth 5.2<\/li>\n<li>eARC<\/li>\n<\/ul>\n<\/li>\n<li>Couleur: Noir<\/li>\n<li>Mati\u00e8re: Plastique<\/li>\n<li>Caract\u00e9ristiques:\n<ul>\n<li>Interrupteur marche\/arr\u00eat<\/li>\n<li>Montage mural<\/li>\n<li>Garantie<\/li>\n<li>Guide d&#8217;installation inclus<\/li>\n<li>Apple AirPlay 2<\/li>\n<li>Canal de retour audio (ARC)<\/li>\n<li>Mode nuit<\/li>\n<\/ul>\n<\/li>\n<li>Connexions:\n<ul>\n<li>HDMI<\/li>\n<li>HDCP<\/li>\n<li>HDMI x 2<\/li>\n<\/ul>\n<\/li>\n<li>Piles incluses: Oui<\/li>\n<li>Inclut:\n<ul>\n<li>T\u00e9l\u00e9commande<\/li>\n<li>Kit de montage mural<\/li>\n<\/ul>\n<\/li>\n<li>Fr\u00e9quence d&#8217;entr\u00e9e AC: 50-60 Hz<\/li>\n<li>Tension: 220-240 V<\/li>\n<\/ul>\n<p><\/p>\n<p>Sony HT-A8000. Canaux de sortie audio: 11.0 canaux, Puissance \u00e9valu\u00e9e de RMS: 495 W, D\u00e9codeurs audio int\u00e9gr\u00e9s: DTS, DTS 96\/24, DTS-ES, DTS-HD HR, DTS-HD Master Audio, DTS:X, Dolby Atmos, Dolby Digital, Dolby&#8230;. Puissance RMS du haut-parleur Soundbar: 495 W, Diam\u00e8tre de haut parleur aigu: 2,2 cm. Couleur du produit: Noir, Technologie HDR (plage dynamique \u00e9lev\u00e9e): Hybrid Log-Gamma (HLG), Formats audio pris en charge: LPCM. Technologie de connectivit\u00e9: Avec fil &amp;sans fil, Standards wifi: 802.11a, 802.11b, 802.11g, Wi-Fi 4 (802.11n), Wi-Fi 5 (802.11ac). Tension d&#8217;entr\u00e9e AC: 220 &#8211; 240 V, Fr\u00e9quence d&#8217;entr\u00e9e AC: 50\/60 Hz, Consommation \u00e9lectrique typique: 60 W<\/p>\n<p><\/p>\n<ul>\n<li>Canaux de sortie audio: 11.0 canaux<\/li>\n<li>Puissance \u00e9valu\u00e9e de RMS: 495 W<\/li>\n<li>D\u00e9codeurs audio int\u00e9gr\u00e9s: DTS, DTS 96\/24, DTS-ES, DTS-HD HR, DTS-HD Master Audio, DTS:X, Dolby Atmos, Dolby Digital, Dolby Digital Plus, Dolby Dual Mono, Dolby TrueHD<\/li>\n<li>Canal de retour audio (ARC, Audio Return Channel): Oui<\/li>\n<li>Canal de retour audio am\u00e9lior\u00e9 (eARC): Oui<\/li>\n<li>Puissance RMS du haut-parleur Soundbar: 495 W<\/li>\n<li>Nombre de haut-parleurs: 11<\/li>\n<li>Nombre de conducteurs tweeter: 5<\/li>\n<li>Nombre de lecteurs de haut-parleurs: 4<\/li>\n<li>Nombre de drivers complets: 2<\/li>\n<li>Diam\u00e8tre de haut parleur aigu: 2,2 cm<\/li>\n<li>Caisson de basse inclus: Non<\/li>\n<li>Couleur du produit: Noir<\/li>\n<li>Montage mural: Oui<\/li>\n<li>Technologie HDR (plage dynamique \u00e9lev\u00e9e): Hybrid Log-Gamma (HLG)<\/li>\n<li>Formats audio pris en charge: LPCM<\/li>\n<li>Prise en charge d\u2019Apple AirPlay 2: Oui<\/li>\n<li>R\u00e9seau des services de streaming pris en charge: Spotify<\/li>\n<li>Contr\u00f4le d&#8217;\u00e9lectronique grand publique (CEC): BRAVIA Sync<\/li>\n<li>Mode nuit: Oui<\/li>\n<li>Bouton marche\/arr\u00eat int\u00e9gr\u00e9: Oui<\/li>\n<li>Niveleur automatique de volume: Oui<\/li>\n<li>Voyants: Statut<\/li>\n<li>Nombre de canaux d&#8217;amplificateur: 11 canaux<\/li>\n<li>Technologie de connectivit\u00e9: Avec fil &amp;sans fil<\/li>\n<li>Bluetooth: Oui<\/li>\n<li>Wifi: Oui<\/li>\n<li>Quantit\u00e9 de ports HDMI: 2<\/li>\n<li>Mod\u00e8le du Bluetooth: 5.2<\/li>\n<li>Standards wifi: 802.11a, 802.11b, 802.11g, Wi-Fi 4 (802.11n), Wi-Fi 5 (802.11ac)<\/li>\n<li>Entr\u00e9e HDMI: 1<\/li>\n<li>Nombre de sorties HDMI: 1<\/li>\n<li>HDCP: Oui<\/li>\n<li>Version HDCP: 2.3<\/li>\n<li>Tension d&#8217;entr\u00e9e AC: 220 &#8211; 240 V<\/li>\n<li>Fr\u00e9quence d&#8217;entr\u00e9e AC: 50\/60 Hz<\/li>\n<li>Consommation \u00e9lectrique typique: 60 W<\/li>\n<li>Consommation d&#8217;\u00e9nergie (mode veille): 0,5 W<\/li>\n<li>Largeur: 1100 mm<\/li>\n<li>Profondeur: 113 mm<\/li>\n<li>Hauteur: 64 mm<\/li>\n<li>Poids du Soundbar: 4,7 kg<\/li>\n<li>Longueur du c\u00e2ble: 1500 m<\/li>\n<li>Largeur du colis: 1204 mm<\/li>\n<li>Profondeur du colis: 250 mm<\/li>\n<li>Hauteur du colis: 137 mm<\/li>\n<li>Poids du paquet: 7,9 kg<\/li>\n<li>Kit de montage mural: Oui<\/li>\n<li>C\u00e2bles inclus: Secteur, HDMI<\/li>\n<li>T\u00e9l\u00e9commande fournie: Oui<\/li>\n<li>Piles fournies: Oui<\/li>\n<li>Guide de d\u00e9marrage rapide: Oui<\/li>\n<li>Carte de garantie: Oui<\/li>\n<li>Technologies Sony (AV\/TV): Dolby Vision\u2122<\/li>\n<li>Profils Bluetooth: A2DP, AVRCP<\/li>\n<li>Amplificateur num\u00e9rique S-master: Oui<\/li>\n<\/ul>","protected":false},"excerpt":{"rendered":"<p>Si vous \u00eates passionn\u00e9 d&#8217;informatique et d&#8217;\u00e9lectronique, si vous \u00eates \u00e0 la pointe de la technologie et qu&#8217;aucun d\u00e9tail ne vous \u00e9chappe, achetez Barre audio Sony HT-A8000 Noir au meilleur prix. Type: Haut-parleur Barre audio Type de prise: Prise EU Produit \u00e0 brancher: Oui Bloc d\u2019Alimentation: r\u00e9seau \u00e9lectrique Connectivit\u00e9: Wi-Fi Bluetooth Bluetooth 5.2 eARC Couleur: [&hellip;]<\/p>\n","protected":false},"featured_media":64704,"comment_status":"open","ping_status":"closed","template":"","meta":[],"product_brand":[1245],"product_cat":[1278,755,65],"product_tag":[106],"class_list":{"0":"post-64734","1":"product","2":"type-product","3":"status-publish","4":"has-post-thumbnail","6":"product_brand-brandp_235","7":"product_cat-barres-de-son","8":"product_cat-electronique-son","9":"product_cat-informatique-electronique","10":"product_tag-tag_1295","12":"first","13":"instock","14":"taxable","15":"shipping-taxable","16":"purchasable","17":"product-type-simple"},"_links":{"self":[{"href":"https:\/\/bigbuy.tupique.com\/en\/wp-json\/wp\/v2\/product\/64734","targetHints":{"allow":["GET"]}}],"collection":[{"href":"https:\/\/bigbuy.tupique.com\/en\/wp-json\/wp\/v2\/product"}],"about":[{"href":"https:\/\/bigbuy.tupique.com\/en\/wp-json\/wp\/v2\/types\/product"}],"replies":[{"embeddable":true,"href":"https:\/\/bigbuy.tupique.com\/en\/wp-json\/wp\/v2\/comments?post=64734"}],"wp:featuredmedia":[{"embeddable":true,"href":"https:\/\/bigbuy.tupique.com\/en\/wp-json\/wp\/v2\/media\/64704"}],"wp:attachment":[{"href":"https:\/\/bigbuy.tupique.com\/en\/wp-json\/wp\/v2\/media?parent=64734"}],"wp:term":[{"taxonomy":"product_brand","embeddable":true,"href":"https:\/\/bigbuy.tupique.com\/en\/wp-json\/wp\/v2\/product_brand?post=64734"},{"taxonomy":"product_cat","embeddable":true,"href":"https:\/\/bigbuy.tupique.com\/en\/wp-json\/wp\/v2\/product_cat?post=64734"},{"taxonomy":"product_tag","embeddable":true,"href":"https:\/\/bigbuy.tupique.com\/en\/wp-json\/wp\/v2\/product_tag?post=64734"}],"curies":[{"name":"wp","href":"https:\/\/api.w.org\/{rel}","templated":true}]}}