{"id":64587,"date":"2026-04-01T19:29:49","date_gmt":"2026-04-01T18:29:49","guid":{"rendered":"https:\/\/bigbuy.tupique.com\/produto\/vertical-iron-rowenta-qr1811-ixeo-2200-w\/"},"modified":"2026-04-15T18:49:36","modified_gmt":"2026-04-15T17:49:36","slug":"vertical-iron-rowenta-qr1811-ixeo-2200-w","status":"publish","type":"product","link":"https:\/\/bigbuy.tupique.com\/en\/produto\/vertical-iron-rowenta-qr1811-ixeo-2200-w\/","title":{"rendered":"Fer vertical Rowenta QR1811 IXEO 2200 W"},"content":{"rendered":"<p>Si vous recherchez des \u00e9lectrom\u00e9nagers pour votre maison aux meilleurs prix, ne manquez pas <b>Fer vertical Rowenta QR1811 IXEO 2200 W<\/b> et une large s\u00e9lection de petits \u00e9lectrom\u00e9nagers de qualit\u00e9 !<\/p>\n<p>La <b>centrale vapeur verticale<\/b> <b>Rowenta QR1811 IXEO<\/b> se distingue par son design fonctionnel et ses mat\u00e9riaux de haute qualit\u00e9, associant <b>acier inoxydable<\/b> et <b>plastique<\/b> dans une finition <b>blanche<\/b> \u00e9l\u00e9gante qui s\u2019int\u00e8gre parfaitement \u00e0 tout int\u00e9rieur. Gr\u00e2ce \u00e0 son <b>r\u00e9servoir d\u20191 litre<\/b>, elle permet de longues s\u00e9ances de repassage sans remplissages fr\u00e9quents, optimisant la performance pour l\u2019entretien des v\u00eatements du quotidien ou des tissus d\u00e9licats. Son <b>d\u00e9bit vapeur continu de 60 g\/min<\/b> est con\u00e7u pour \u00e9liminer efficacement les plis sur les v\u00eatements comme sur les rideaux, offrant polyvalence et rapidit\u00e9 au repassage. Sa <b>puissance de 2200 W<\/b> assure une chauffe rapide et une production de vapeur constante, facilitant des r\u00e9sultats professionnels en moins de temps. L\u2019association de mat\u00e9riaux robustes et d\u2019un grand r\u00e9servoir, alli\u00e9e \u00e0 une vapeur puissante, fait de ce mod\u00e8le un outil fiable pour ceux qui recherchent efficacit\u00e9 et confort pour garder leur linge impeccable. La Rowenta QR1811 IXEO est une solution avanc\u00e9e et pratique pour le repassage et l\u2019entretien textile au quotidien.<\/p>\n<ul>\n<li>Type: Fer \u00e0 vapeur vertical<\/li>\n<li>Couleur: Blanc<\/li>\n<li>Mati\u00e8re:\n<ul>\n<li>Acier inoxydable<\/li>\n<li>Plastique<\/li>\n<\/ul>\n<\/li>\n<li>Capacit\u00e9: 1 L<\/li>\n<li>Vapeur continue: 60 g\/min<\/li>\n<li>puissance: 2200 W<\/li>\n<li>Autonomie approx.: Illimit\u00e9<\/li>\n<\/ul>","protected":false},"excerpt":{"rendered":"<p><span class=\"unit-info\">288.9900 &euro; \/ 1 l<\/span><\/p>","protected":false},"featured_media":64586,"comment_status":"open","ping_status":"closed","template":"","meta":[],"product_brand":[1638],"product_cat":[239,240,751],"product_tag":[56],"class_list":{"0":"post-64587","1":"product","2":"type-product","3":"status-publish","4":"has-post-thumbnail","6":"product_brand-brandp_917","7":"product_cat-maison-jardin","8":"product_cat-nettoyage-aspirateur-et-repassage","9":"product_cat-seche-linge-fers-a-repasser-sechoirs","10":"product_tag-tag_930","12":"first","13":"instock","14":"taxable","15":"shipping-taxable","16":"purchasable","17":"product-type-simple"},"_links":{"self":[{"href":"https:\/\/bigbuy.tupique.com\/en\/wp-json\/wp\/v2\/product\/64587","targetHints":{"allow":["GET"]}}],"collection":[{"href":"https:\/\/bigbuy.tupique.com\/en\/wp-json\/wp\/v2\/product"}],"about":[{"href":"https:\/\/bigbuy.tupique.com\/en\/wp-json\/wp\/v2\/types\/product"}],"replies":[{"embeddable":true,"href":"https:\/\/bigbuy.tupique.com\/en\/wp-json\/wp\/v2\/comments?post=64587"}],"wp:featuredmedia":[{"embeddable":true,"href":"https:\/\/bigbuy.tupique.com\/en\/wp-json\/wp\/v2\/media\/64586"}],"wp:attachment":[{"href":"https:\/\/bigbuy.tupique.com\/en\/wp-json\/wp\/v2\/media?parent=64587"}],"wp:term":[{"taxonomy":"product_brand","embeddable":true,"href":"https:\/\/bigbuy.tupique.com\/en\/wp-json\/wp\/v2\/product_brand?post=64587"},{"taxonomy":"product_cat","embeddable":true,"href":"https:\/\/bigbuy.tupique.com\/en\/wp-json\/wp\/v2\/product_cat?post=64587"},{"taxonomy":"product_tag","embeddable":true,"href":"https:\/\/bigbuy.tupique.com\/en\/wp-json\/wp\/v2\/product_tag?post=64587"}],"curies":[{"name":"wp","href":"https:\/\/api.w.org\/{rel}","templated":true}]}}