{"id":64519,"date":"2026-04-01T19:17:16","date_gmt":"2026-04-01T18:17:16","guid":{"rendered":"https:\/\/bigbuy.tupique.com\/produto\/gaming-chair-cougar-magus-grey\/"},"modified":"2026-04-15T05:48:55","modified_gmt":"2026-04-15T04:48:55","slug":"gaming-chair-cougar-magus-grey","status":"publish","type":"product","link":"https:\/\/bigbuy.tupique.com\/en\/produto\/gaming-chair-cougar-magus-grey\/","title":{"rendered":"Chaise de jeu Cougar MAGUS Gris"},"content":{"rendered":"<p>Si vous \u00eates \u00e0 la recherche de nouvelles tendances sur le march\u00e9, nous vous pr\u00e9sentons <b>Chaise de jeu Cougar MAGUS Gris<\/b> !<\/p>\n<p>La <b>chaise gaming<\/b> <b>MAGUS<\/b> de la marque <b>Cougar<\/b> est con\u00e7ue pour offrir confort et fonctionnalit\u00e9 lors de longues sessions de jeu ou de travail, alliant un design moderne en <b>gris<\/b> \u00e0 des mat\u00e9riaux de qualit\u00e9. Sa surface est en <b>lin imitation<\/b>, garantissant durabilit\u00e9 et toucher agr\u00e9able. Ce <b>fauteuil gaming inclinable<\/b> permet un r\u00e9glage de position facilitant la d\u00e9tente, avec une rotation libre de 270 degr\u00e9s pour une mobilit\u00e9 ais\u00e9e. Il int\u00e8gre des <b>accoudoirs confortables<\/b> et dispose d\u2019une <b>poche lat\u00e9rale de rangement<\/b>, id\u00e9ale pour garder accessoires ou appareils \u00e0 port\u00e9e de main, optimisant l\u2019espace de jeu ou de travail. Avec des dimensions de <b>740 x 850 x 1070 mm<\/b> et un poids d\u2019environ <b>30,7 kg<\/b>, cette chaise offre une structure solide et stable, supportant jusqu\u2019\u00e0 <b>150 kg<\/b>, assurant robustesse et s\u00e9curit\u00e9 pour la plupart des utilisateurs. Fabriqu\u00e9e en <b>Chine<\/b>, la MAGUS allie praticit\u00e9 et design pens\u00e9 pour gamers, professionnels ou tout utilisateur recherchant un si\u00e8ge ergonomique aux multiples r\u00e9glages. En r\u00e9sum\u00e9, la <b>Cougar MAGUS<\/b> est une option fonctionnelle et polyvalente dans la gamme des chaises gaming, avec un design soign\u00e9 et des caract\u00e9ristiques adapt\u00e9es aux besoins actuels.<\/p>\n<ul>\n<li>Type:\n<ul>\n<li>Chaise de jeu<\/li>\n<li>Jeux<\/li>\n<li>Fauteuil<\/li>\n<li>Appui-t\u00eate<\/li>\n<\/ul>\n<\/li>\n<li>Couleur: Gris<\/li>\n<li>Caract\u00e9ristiques:\n<ul>\n<li>Avec accoudoirs<\/li>\n<li>Dossier r\u00e9glable<\/li>\n<\/ul>\n<\/li>\n<li>Design: Ergonomique<\/li>\n<li>Poids Max. support\u00e9: 150 kg<\/li>\n<\/ul>","protected":false},"excerpt":{"rendered":"<p>Si vous \u00eates \u00e0 la recherche de nouvelles tendances sur le march\u00e9, nous vous pr\u00e9sentons Chaise de jeu Cougar MAGUS Gris ! La chaise gaming MAGUS de la marque Cougar est con\u00e7ue pour offrir confort et fonctionnalit\u00e9 lors de longues sessions de jeu ou de travail, alliant un design moderne en gris \u00e0 des mat\u00e9riaux [&hellip;]<\/p>\n","protected":false},"featured_media":64502,"comment_status":"open","ping_status":"closed","template":"","meta":[],"product_brand":[1558],"product_cat":[739,65,737],"product_tag":[572],"class_list":{"0":"post-64519","1":"product","2":"type-product","3":"status-publish","4":"has-post-thumbnail","6":"product_brand-brandp_1353","7":"product_cat-accessoires-gaming","8":"product_cat-informatique-electronique","9":"product_cat-informatique-gaming","10":"product_tag-tag_29","12":"first","13":"instock","14":"taxable","15":"shipping-taxable","16":"purchasable","17":"product-type-simple"},"_links":{"self":[{"href":"https:\/\/bigbuy.tupique.com\/en\/wp-json\/wp\/v2\/product\/64519","targetHints":{"allow":["GET"]}}],"collection":[{"href":"https:\/\/bigbuy.tupique.com\/en\/wp-json\/wp\/v2\/product"}],"about":[{"href":"https:\/\/bigbuy.tupique.com\/en\/wp-json\/wp\/v2\/types\/product"}],"replies":[{"embeddable":true,"href":"https:\/\/bigbuy.tupique.com\/en\/wp-json\/wp\/v2\/comments?post=64519"}],"wp:featuredmedia":[{"embeddable":true,"href":"https:\/\/bigbuy.tupique.com\/en\/wp-json\/wp\/v2\/media\/64502"}],"wp:attachment":[{"href":"https:\/\/bigbuy.tupique.com\/en\/wp-json\/wp\/v2\/media?parent=64519"}],"wp:term":[{"taxonomy":"product_brand","embeddable":true,"href":"https:\/\/bigbuy.tupique.com\/en\/wp-json\/wp\/v2\/product_brand?post=64519"},{"taxonomy":"product_cat","embeddable":true,"href":"https:\/\/bigbuy.tupique.com\/en\/wp-json\/wp\/v2\/product_cat?post=64519"},{"taxonomy":"product_tag","embeddable":true,"href":"https:\/\/bigbuy.tupique.com\/en\/wp-json\/wp\/v2\/product_tag?post=64519"}],"curies":[{"name":"wp","href":"https:\/\/api.w.org\/{rel}","templated":true}]}}