{"id":64449,"date":"2026-04-01T19:15:25","date_gmt":"2026-04-01T18:15:25","guid":{"rendered":"https:\/\/bigbuy.tupique.com\/produto\/washing-machine-samsung-ww10fg6u34lk-10-kg-60-cm\/"},"modified":"2026-05-11T19:57:19","modified_gmt":"2026-05-11T17:57:19","slug":"washing-machine-samsung-ww10fg6u34lk-10-kg-60-cm","status":"publish","type":"product","link":"https:\/\/bigbuy.tupique.com\/en\/produto\/washing-machine-samsung-ww10fg6u34lk-10-kg-60-cm\/","title":{"rendered":"Machine \u00e0 laver Samsung WW10FG6U34LK 10 kg 60 cm"},"content":{"rendered":"<p>Si vous \u00eates \u00e0 la recherche de nouvelles tendances sur le march\u00e9, nous vous pr\u00e9sentons <b>Machine \u00e0 laver Samsung WW10FG6U34LK 10 kg 60 cm<\/b> !<\/p>\n<p>La <b>lave-linge frontal Samsung<\/b> offre une <b>capacit\u00e9 robuste de 10 kg<\/b>, id\u00e9ale pour les familles ou les utilisateurs ayant besoin de laver de grandes quantit\u00e9s de linge efficacement. Avec une <b>classe \u00e9nerg\u00e9tique A<\/b>, il garantit une faible consommation \u00e9lectrique tout en maintenant des performances optimales \u00e0 chaque cycle. Son design en <b>blanc<\/b> et ses dimensions compactes de <b>60 cm<\/b> facilitent son int\u00e9gration sous plan de travail, s\u2019adaptant aux espaces r\u00e9duits sans perdre en fonctionnalit\u00e9. Parmi ses points forts figure la technologie de connexion <b>Wi-Fi<\/b>, permettant de contr\u00f4ler et programmer le lavage depuis un appareil mobile, ainsi que l\u2019\u00e9cran int\u00e9gr\u00e9 facilitant la s\u00e9lection des programmes et options. Le lave-linge comprend un <b>verrouillage enfant<\/b>, qui \u00e9vite les modifications accidentelles pendant le fonctionnement, renfor\u00e7ant la s\u00e9curit\u00e9 \u00e0 domicile. Les programmes disponibles couvrent une large vari\u00e9t\u00e9 de tissus et besoins : coton, d\u00e9licat et soie, ainsi que des cycles sp\u00e9ciaux comme <b>\u00e9co 40-60\u00b0C, pr\u00e9lavage, rapide 15 minutes, vapeur et essorage \u00e0 1351 tours par minute<\/b>, optimisant \u00e0 la fois le soin des v\u00eatements et l\u2019efficacit\u00e9 du lavage. En termes de niveau sonore, il maintient un volume contenu de <b>72 d\u00e9cibels<\/b> lors de l\u2019essorage, r\u00e9duisant le bruit habituel des lave-linge classiques. Ce lave-linge Samsung est con\u00e7u pour offrir un \u00e9quilibre entre performance, \u00e9conomie d\u2019\u00e9nergie et confort d\u2019utilisation, constituant une solution fonctionnelle pour ceux qui recherchent un lavage complet avec des technologies modernes et une bonne adaptabilit\u00e9 aux diff\u00e9rents environnements domestiques.<\/p>\n<ul>\n<li>Type d&#8217;installation: Sous le plan de travail<\/li>\n<li>Produit \u00e0 brancher: Oui<\/li>\n<li>Langue: Espagnol<\/li>\n<li>Bloc d\u2019Alimentation: r\u00e9seau \u00e9lectrique<\/li>\n<li>Classification \u00e9nerg\u00e9tique: A<\/li>\n<li>Niveau sonore: 72 dB<\/li>\n<li>Capacit\u00e9: 10 kg<\/li>\n<li>Couleur: Blanc<\/li>\n<li>Largeur: 60 cm<\/li>\n<li>Caract\u00e9ristiques:\n<ul>\n<li>Verrouillage pour enfants<\/li>\n<li>\u00c9cran integr\u00e9<\/li>\n<\/ul>\n<\/li>\n<li>Connectivit\u00e9: Wi-Fi<\/li>\n<li>Type de charge: Frontal<\/li>\n<li>Type de commande: Plaque Tournante<\/li>\n<\/ul>","protected":false},"excerpt":{"rendered":"<p><span class=\"unit-info\">66.5990 &euro; \/ 1 kg<\/span><\/p>","protected":false},"featured_media":64445,"comment_status":"open","ping_status":"closed","template":"","meta":[],"product_brand":[183],"product_cat":[239,240,751],"product_tag":[],"class_list":{"0":"post-64449","1":"product","2":"type-product","3":"status-publish","4":"has-post-thumbnail","6":"product_brand-brandp_576","7":"product_cat-maison-jardin","8":"product_cat-nettoyage-aspirateur-et-repassage","9":"product_cat-seche-linge-fers-a-repasser-sechoirs","11":"first","12":"instock","13":"taxable","14":"shipping-taxable","15":"purchasable","16":"product-type-simple"},"_links":{"self":[{"href":"https:\/\/bigbuy.tupique.com\/en\/wp-json\/wp\/v2\/product\/64449","targetHints":{"allow":["GET"]}}],"collection":[{"href":"https:\/\/bigbuy.tupique.com\/en\/wp-json\/wp\/v2\/product"}],"about":[{"href":"https:\/\/bigbuy.tupique.com\/en\/wp-json\/wp\/v2\/types\/product"}],"replies":[{"embeddable":true,"href":"https:\/\/bigbuy.tupique.com\/en\/wp-json\/wp\/v2\/comments?post=64449"}],"wp:featuredmedia":[{"embeddable":true,"href":"https:\/\/bigbuy.tupique.com\/en\/wp-json\/wp\/v2\/media\/64445"}],"wp:attachment":[{"href":"https:\/\/bigbuy.tupique.com\/en\/wp-json\/wp\/v2\/media?parent=64449"}],"wp:term":[{"taxonomy":"product_brand","embeddable":true,"href":"https:\/\/bigbuy.tupique.com\/en\/wp-json\/wp\/v2\/product_brand?post=64449"},{"taxonomy":"product_cat","embeddable":true,"href":"https:\/\/bigbuy.tupique.com\/en\/wp-json\/wp\/v2\/product_cat?post=64449"},{"taxonomy":"product_tag","embeddable":true,"href":"https:\/\/bigbuy.tupique.com\/en\/wp-json\/wp\/v2\/product_tag?post=64449"}],"curies":[{"name":"wp","href":"https:\/\/api.w.org\/{rel}","templated":true}]}}