{"id":64433,"date":"2026-04-01T19:15:00","date_gmt":"2026-04-01T18:15:00","guid":{"rendered":"https:\/\/bigbuy.tupique.com\/produto\/washing-machine-electrolux-efi6194o1b-1400-rpm-9-kg\/"},"modified":"2026-05-11T19:57:13","modified_gmt":"2026-05-11T17:57:13","slug":"washing-machine-electrolux-efi6194o1b-1400-rpm-9-kg","status":"publish","type":"product","link":"https:\/\/bigbuy.tupique.com\/en\/produto\/washing-machine-electrolux-efi6194o1b-1400-rpm-9-kg\/","title":{"rendered":"Machine \u00e0 laver Electrolux EFI6194O1B 1400 rpm 9 kg"},"content":{"rendered":"<p>Si vous \u00eates \u00e0 la recherche de nouvelles tendances sur le march\u00e9, nous vous pr\u00e9sentons <b>Machine \u00e0 laver Electrolux EFI6194O1B 1400 rpm 9 kg<\/b> !<\/p>\n<p>La <b>machine \u00e0 laver<\/b> Electrolux blanche est con\u00e7ue pour offrir une combinaison efficace de performance et de confort au quotidien, id\u00e9ale pour les foyers souhaitant optimiser la consommation d&#8217;\u00e9nergie et la capacit\u00e9 de lavage. Ce mod\u00e8le b\u00e9n\u00e9ficie d&#8217;une <b>classe \u00e9nerg\u00e9tique A<\/b>, garantissant une faible consommation \u00e9lectrique sans compromettre la puissance ou l&#8217;efficacit\u00e9 du lavage, parfait pour ceux qui privil\u00e9gient la durabilit\u00e9 dans leur routine. Sa <b>capacit\u00e9 de 9 kg<\/b> permet de traiter de grandes quantit\u00e9s de linge, particuli\u00e8rement utile pour les familles ou pour laver des articles volumineux comme les couettes. Le <b>syst\u00e8me \u00e0 chargement frontal<\/b> facilite l&#8217;acc\u00e8s et am\u00e9liore l&#8217;efficacit\u00e9 du lavage, tandis que la <b>vitesse d&#8217;essorage jusqu&#8217;\u00e0 1400 tr\/min<\/b> aide \u00e0 r\u00e9duire le temps de s\u00e9chage. Cette machine dispose d&#8217;un <b>\u00e9cran digital<\/b> intuitif en espagnol pour simplifier la s\u00e9lection des programmes et r\u00e9glages, ainsi qu&#8217;un <b>verrouillage enfant<\/b> renfor\u00e7ant la s\u00e9curit\u00e9 dans les environnements familiaux. Elle propose de nombreux <b>programmes de lavage<\/b> sp\u00e9cialis\u00e9s : coton, d\u00e9licat\/soie, couette en plumes, Eco 40-60\u00b0C, Hygiene+, jean, ext\u00e9rieur, pr\u00e9lavage, rapide, rin\u00e7age, essorage\/vidange, sport, synth\u00e9tique et laine, permettant d&#8217;adapter chaque cycle au type de textile et au niveau de salet\u00e9 pour des r\u00e9sultats optimaux. Elle inclut une fonction de <b>d\u00e9part diff\u00e9r\u00e9<\/b>, pratique pour programmer le d\u00e9but du cycle selon les besoins de l&#8217;utilisateur. Gr\u00e2ce \u00e0 son <b>niveau sonore faible lors de l&#8217;essorage (76 dB)<\/b>, elle s&#8217;int\u00e8gre discr\u00e8tement dans toutes les pi\u00e8ces de la maison. En r\u00e9sum\u00e9, cette machine \u00e0 laver Electrolux est une solution avanc\u00e9e et \u00e9quilibr\u00e9e pour ceux qui recherchent efficacit\u00e9, capacit\u00e9 et polyvalence dans l&#8217;entretien du linge.<\/p>\n<ul>\n<li>Type d&#8217;installation: Sous le plan de travail<\/li>\n<li>Produit \u00e0 brancher: Oui<\/li>\n<li>Langue: Espagnol<\/li>\n<li>Type de prise: Prise EU<\/li>\n<li>Bloc d\u2019Alimentation: r\u00e9seau \u00e9lectrique<\/li>\n<li>Classification \u00e9nerg\u00e9tique: A<\/li>\n<li>Capacit\u00e9: 9 kg<\/li>\n<li>Couleur: Blanc<\/li>\n<li>Caract\u00e9ristiques:\n<ul>\n<li>Verrouillage pour enfants<\/li>\n<li>\u00c9cran integr\u00e9<\/li>\n<li>Temp\u00e9rature r\u00e9glable<\/li>\n<\/ul>\n<\/li>\n<li>Programmes:\n<ul>\n<li>15<\/li>\n<li>Coton<\/li>\n<li>Centrifugation<\/li>\n<li>D\u00e9licats<\/li>\n<li>Laine<\/li>\n<li>Rapide<\/li>\n<li>ECO<\/li>\n<li>Sport<\/li>\n<li>Couette l\u00e9g\u00e8re<\/li>\n<\/ul>\n<\/li>\n<li>Type de charge: Frontal<\/li>\n<li>Fr\u00e9quence: 50 Hz<\/li>\n<li>Longueur du c\u00e2ble: 1,8 m<\/li>\n<li>vitesse: 1400 rpm<\/li>\n<li>Niveau sonore: 76 dB<\/li>\n<li>Tension d&#8217;entr\u00e9e AC: 230 V<\/li>\n<\/ul>","protected":false},"excerpt":{"rendered":"<p><span class=\"unit-info\">74.7767 &euro; \/ 1 kg<\/span><\/p>","protected":false},"featured_media":64429,"comment_status":"open","ping_status":"closed","template":"","meta":[],"product_brand":[1249],"product_cat":[239,240,751],"product_tag":[],"class_list":{"0":"post-64433","1":"product","2":"type-product","3":"status-publish","4":"has-post-thumbnail","6":"product_brand-brandp_907","7":"product_cat-maison-jardin","8":"product_cat-nettoyage-aspirateur-et-repassage","9":"product_cat-seche-linge-fers-a-repasser-sechoirs","11":"first","12":"instock","13":"taxable","14":"shipping-taxable","15":"purchasable","16":"product-type-simple"},"_links":{"self":[{"href":"https:\/\/bigbuy.tupique.com\/en\/wp-json\/wp\/v2\/product\/64433","targetHints":{"allow":["GET"]}}],"collection":[{"href":"https:\/\/bigbuy.tupique.com\/en\/wp-json\/wp\/v2\/product"}],"about":[{"href":"https:\/\/bigbuy.tupique.com\/en\/wp-json\/wp\/v2\/types\/product"}],"replies":[{"embeddable":true,"href":"https:\/\/bigbuy.tupique.com\/en\/wp-json\/wp\/v2\/comments?post=64433"}],"wp:featuredmedia":[{"embeddable":true,"href":"https:\/\/bigbuy.tupique.com\/en\/wp-json\/wp\/v2\/media\/64429"}],"wp:attachment":[{"href":"https:\/\/bigbuy.tupique.com\/en\/wp-json\/wp\/v2\/media?parent=64433"}],"wp:term":[{"taxonomy":"product_brand","embeddable":true,"href":"https:\/\/bigbuy.tupique.com\/en\/wp-json\/wp\/v2\/product_brand?post=64433"},{"taxonomy":"product_cat","embeddable":true,"href":"https:\/\/bigbuy.tupique.com\/en\/wp-json\/wp\/v2\/product_cat?post=64433"},{"taxonomy":"product_tag","embeddable":true,"href":"https:\/\/bigbuy.tupique.com\/en\/wp-json\/wp\/v2\/product_tag?post=64433"}],"curies":[{"name":"wp","href":"https:\/\/api.w.org\/{rel}","templated":true}]}}