{"id":64302,"date":"2026-04-01T19:03:43","date_gmt":"2026-04-01T18:03:43","guid":{"rendered":"https:\/\/bigbuy.tupique.com\/produto\/smartwatch-samsung-sm-l705faw2phe\/"},"modified":"2026-04-15T05:09:57","modified_gmt":"2026-04-15T04:09:57","slug":"smartwatch-samsung-sm-l705faw2phe","status":"publish","type":"product","link":"https:\/\/bigbuy.tupique.com\/en\/produto\/smartwatch-samsung-sm-l705faw2phe\/","title":{"rendered":"Montre intelligente Samsung SM-L705FAW2PHE"},"content":{"rendered":"<p>Si vous \u00eates \u00e0 la recherche de nouvelles tendances sur le march\u00e9, nous vous pr\u00e9sentons <b>Montre intelligente Samsung SM-L705FAW2PHE<\/b> !<\/p>\n<p>Le <b>Samsung SM-L705FAW2PHE<\/b> est une <b>montre connect\u00e9e<\/b> con\u00e7ue pour offrir connectivit\u00e9 et fonctionnalit\u00e9s avanc\u00e9es dans un appareil compact et \u00e9l\u00e9gant. Cette montre intelligente dispose d\u2019une <b>connectivit\u00e9 Bluetooth et Wi-Fi<\/b>, permettant une synchronisation facile avec les t\u00e9l\u00e9phones mobiles et l\u2019acc\u00e8s aux applications et services en ligne pour une exp\u00e9rience sans fil fluide. Parmi ses fonctions, on trouve un <b>capteur de fr\u00e9quence cardiaque<\/b> qui assure un suivi continu et pr\u00e9cis de la sant\u00e9 de l\u2019utilisateur, id\u00e9al pour ceux qui souhaitent contr\u00f4ler leur condition physique et bien-\u00eatre en temps r\u00e9el. Le design int\u00e8gre un <b>bracelet blanc<\/b> apportant un style moderne et polyvalent, adapt\u00e9 \u00e0 toutes les occasions. L\u2019inclusion d\u2019une <b>prise EU<\/b> garantit la compatibilit\u00e9 avec les prises \u00e9lectriques europ\u00e9ennes, facilitant la charge et l\u2019utilisation quotidienne. Bien que le code de protection IP ne soit pas sp\u00e9cifi\u00e9, la combinaison des fonctions connect\u00e9es et du capteur physiologique fait de ce mod\u00e8le un outil utile pour les utilisateurs recherchant un \u00e9quilibre entre technologie, sant\u00e9 et confort. Le Samsung SM-L705FAW2PHE repr\u00e9sente une option pratique pour ceux qui ont besoin d\u2019une montre connect\u00e9e fiable et bien \u00e9quip\u00e9e dans le catalogue Samsung.<\/p>\n<ul>\n<li>Type de montre: Montre intelligente<\/li>\n<li>Produit \u00e0 brancher: Oui<\/li>\n<li>Type de prise: Prise EU<\/li>\n<li>Bloc d\u2019Alimentation: r\u00e9seau \u00e9lectrique<\/li>\n<li>Connectivit\u00e9:\n<ul>\n<li>Bluetooth<\/li>\n<li>Wi-Fi<\/li>\n<li>GPS<\/li>\n<li>NFC<\/li>\n<li>Glonass<\/li>\n<li>BeiDou<\/li>\n<li>Galileo<\/li>\n<li>eSIM<\/li>\n<li>Bluetooth 5.3<\/li>\n<\/ul>\n<\/li>\n<li>Couleur: Blanc<\/li>\n<li>Caract\u00e9ristiques:\n<ul>\n<li>Acc\u00e9l\u00e9rom\u00e8tre<\/li>\n<li>Haut-parleurs int\u00e9gr\u00e9s<\/li>\n<li>Barom\u00e8tre<\/li>\n<li>Ecran tactile<\/li>\n<li>Gyroscope<\/li>\n<li>Microphone int\u00e9gr\u00e9<\/li>\n<li>Capteur optique<\/li>\n<li>Moniteur de Sommeil<\/li>\n<li>Connexion au r\u00e9seau mobile<\/li>\n<li>Capteur g\u00e9omagn\u00e9tique<\/li>\n<\/ul>\n<\/li>\n<li>Connexions: 4G<\/li>\n<li>Fonctions:\n<ul>\n<li>\u00c9cran couleur<\/li>\n<li>Moniteur de Sommeil<\/li>\n<li>Moniteur de fr\u00e9quence cardiaque<\/li>\n<\/ul>\n<\/li>\n<li>Type de batterie: Int\u00e9gr\u00e9e<\/li>\n<li>Forme: Rond<\/li>\n<li>Classification IP: IP68<\/li>\n<li>Ecran: 1,5&#8243;<\/li>\n<li>Technologie: AMOLED<\/li>\n<li>R\u00e9sistant \u00e0 l&#8217;eau: 10 atm<\/li>\n<li>M\u00e9moire Flash: 64 MB<\/li>\n<\/ul>","protected":false},"excerpt":{"rendered":"<p>Si vous \u00eates \u00e0 la recherche de nouvelles tendances sur le march\u00e9, nous vous pr\u00e9sentons Montre intelligente Samsung SM-L705FAW2PHE ! Le Samsung SM-L705FAW2PHE est une montre connect\u00e9e con\u00e7ue pour offrir connectivit\u00e9 et fonctionnalit\u00e9s avanc\u00e9es dans un appareil compact et \u00e9l\u00e9gant. Cette montre intelligente dispose d\u2019une connectivit\u00e9 Bluetooth et Wi-Fi, permettant une synchronisation facile avec les [&hellip;]<\/p>\n","protected":false},"featured_media":64301,"comment_status":"open","ping_status":"closed","template":"","meta":[],"product_brand":[183],"product_cat":[575,65,748],"product_tag":[103,104,566,106],"class_list":{"0":"post-64302","1":"product","2":"type-product","3":"status-publish","4":"has-post-thumbnail","6":"product_brand-brandp_576","7":"product_cat-electronique-telephonie-et-tablettes","8":"product_cat-informatique-electronique","9":"product_cat-smartwatches","10":"product_tag-tag_1261","11":"product_tag-tag_1279","12":"product_tag-tag_547","13":"product_tag-tag_1295","15":"first","16":"instock","17":"taxable","18":"shipping-taxable","19":"purchasable","20":"product-type-simple"},"_links":{"self":[{"href":"https:\/\/bigbuy.tupique.com\/en\/wp-json\/wp\/v2\/product\/64302","targetHints":{"allow":["GET"]}}],"collection":[{"href":"https:\/\/bigbuy.tupique.com\/en\/wp-json\/wp\/v2\/product"}],"about":[{"href":"https:\/\/bigbuy.tupique.com\/en\/wp-json\/wp\/v2\/types\/product"}],"replies":[{"embeddable":true,"href":"https:\/\/bigbuy.tupique.com\/en\/wp-json\/wp\/v2\/comments?post=64302"}],"wp:featuredmedia":[{"embeddable":true,"href":"https:\/\/bigbuy.tupique.com\/en\/wp-json\/wp\/v2\/media\/64301"}],"wp:attachment":[{"href":"https:\/\/bigbuy.tupique.com\/en\/wp-json\/wp\/v2\/media?parent=64302"}],"wp:term":[{"taxonomy":"product_brand","embeddable":true,"href":"https:\/\/bigbuy.tupique.com\/en\/wp-json\/wp\/v2\/product_brand?post=64302"},{"taxonomy":"product_cat","embeddable":true,"href":"https:\/\/bigbuy.tupique.com\/en\/wp-json\/wp\/v2\/product_cat?post=64302"},{"taxonomy":"product_tag","embeddable":true,"href":"https:\/\/bigbuy.tupique.com\/en\/wp-json\/wp\/v2\/product_tag?post=64302"}],"curies":[{"name":"wp","href":"https:\/\/api.w.org\/{rel}","templated":true}]}}