{"id":64294,"date":"2026-04-01T19:03:34","date_gmt":"2026-04-01T18:03:34","guid":{"rendered":"https:\/\/bigbuy.tupique.com\/produto\/dishwasher-bosch-sms4emw06e-white-60-cm\/"},"modified":"2026-04-15T05:09:24","modified_gmt":"2026-04-15T04:09:24","slug":"dishwasher-bosch-sms4emw06e-white-60-cm","status":"publish","type":"product","link":"https:\/\/bigbuy.tupique.com\/en\/produto\/dishwasher-bosch-sms4emw06e-white-60-cm\/","title":{"rendered":"Lave-vaisselle BOSCH SMS4EMW06E Blanc 60 cm"},"content":{"rendered":"<p>Si vous pensez r\u00e9nover votre cuisine, achetez <b>Lave-vaisselle BOSCH SMS4EMW06E Blanc 60 cm<\/b> et d\u00b4autres <b>produits BOSCH<\/b> !<\/p>\n<p>Le <b>lave-vaisselle Bosch S\u00e9rie 4 SMS4EMW06E<\/b> est un appareil con\u00e7u pour offrir efficacit\u00e9 et fonctionnalit\u00e9 dans le nettoyage quotidien de la vaisselle, id\u00e9al pour les foyers aux besoins mod\u00e9r\u00e9s gr\u00e2ce \u00e0 sa <b>capacit\u00e9 de 14 couverts<\/b>. Ce mod\u00e8le de <b>60 cm de largeur<\/b> pr\u00e9sente un design ext\u00e9rieur en <b>blanc<\/b> avec des d\u00e9tails en <b>acier inoxydable<\/b>, lui conf\u00e9rant une finition moderne et r\u00e9sistante, capable de s\u2019int\u00e9grer \u00e0 divers styles de cuisine. Il se distingue par sa <b>classe \u00e9nerg\u00e9tique B<\/b>, optimisant la consommation \u00e9lectrique sans sacrifier la performance, et une consommation d\u2019eau efficace de <b>9 litres par cycle<\/b>, contribuant \u00e0 un usage plus durable. Il int\u00e8gre plusieurs programmes de lavage adapt\u00e9s \u00e0 diff\u00e9rentes exigences, notamment les cycles rapides de <b>60 minutes \u00e0 65 \u00b0C<\/b>, le mode <b>Eco \u00e0 50 \u00b0C<\/b>, ainsi que des options telles que <b>Auto 45-65 \u00b0C<\/b>, <b>Favorite<\/b>, <b>Intensive 70 \u00b0C<\/b> et <b>Silent 50 \u00b0C<\/b>, garantissant un nettoyage optimal tant pour la salet\u00e9 courante que pour des r\u00e9sultats d\u00e9licats ou intensifs. Un avantage notable est la fonction de <b>d\u00e9part diff\u00e9r\u00e9 jusqu\u2019\u00e0 24 heures<\/b>, qui permet de programmer le fonctionnement selon les besoins et les horaires de consommation \u00e9lectrique, ainsi que l\u2019option de <b>demi-charge<\/b>, adapt\u00e9e au lavage de petites quantit\u00e9s de vaisselle en \u00e9conomisant les ressources. Sur le plan technologique, il dispose d\u2019un <b>\u00e9cran int\u00e9gr\u00e9<\/b> facilitant une utilisation intuitive et le suivi des cycles, et offre une <b>connectivit\u00e9 Wi-Fi<\/b>, s\u2019int\u00e9grant aux maisons intelligentes pour un contr\u00f4le et une supervision \u00e0 distance via appareils mobiles. Ce lave-vaisselle Bosch allie performances techniques avanc\u00e9es, efficacit\u00e9 \u00e9nerg\u00e9tique et adaptabilit\u00e9, offrant un \u00e9quilibre entre consommation responsable et efficacit\u00e9 dans le nettoyage quotidien. Il se positionne comme une solution pratique et technologique pour les utilisateurs recherchant qualit\u00e9 et polyvalence dans l\u2019entretien de leur vaisselle.<\/p>\n<ul>\n<li>Type: Lave-vaisselle<\/li>\n<li>Produit \u00e0 brancher: Oui<\/li>\n<li>Type de prise: Prise EU<\/li>\n<li>Bloc d\u2019Alimentation: r\u00e9seau \u00e9lectrique<\/li>\n<li>Couleur: Blanc<\/li>\n<li>Largeur: 60 cm<\/li>\n<li>Caract\u00e9ristiques: \u00c9cran integr\u00e9<\/li>\n<li>Connectivit\u00e9: Wi-Fi<\/li>\n<li>Capacit\u00e9 (Nb de couverts):\n<ul>\n<li>6<\/li>\n<li>14<\/li>\n<\/ul>\n<\/li>\n<li>Classification \u00e9nerg\u00e9tique: B<\/li>\n<li>Niveau sonore: 42 dB<\/li>\n<li>Mati\u00e8re: Acier inoxydable<\/li>\n<li>puissance: 2400 W<\/li>\n<li>Programmes: 6<\/li>\n<li>Fr\u00e9quence d&#8217;entr\u00e9e AC: 50-60 Hz<\/li>\n<li>Longueur du c\u00e2ble: 1,75 m<\/li>\n<li>Type de commande: Tactile<\/li>\n<li>Tension: 220-240 V<\/li>\n<li>Pieds: Ajustables<\/li>\n<li>Amp\u00e9rage: 10 A<\/li>\n<li>Type d&#8217;installation: Ind\u00e9pendant<\/li>\n<\/ul>","protected":false},"excerpt":{"rendered":"<p>Si vous pensez r\u00e9nover votre cuisine, achetez Lave-vaisselle BOSCH SMS4EMW06E Blanc 60 cm et d\u00b4autres produits BOSCH ! Le lave-vaisselle Bosch S\u00e9rie 4 SMS4EMW06E est un appareil con\u00e7u pour offrir efficacit\u00e9 et fonctionnalit\u00e9 dans le nettoyage quotidien de la vaisselle, id\u00e9al pour les foyers aux besoins mod\u00e9r\u00e9s gr\u00e2ce \u00e0 sa capacit\u00e9 de 14 couverts. Ce [&hellip;]<\/p>\n","protected":false},"featured_media":64293,"comment_status":"open","ping_status":"closed","template":"","meta":[],"product_brand":[162],"product_cat":[393,60,77],"product_tag":[],"class_list":{"0":"post-64294","1":"product","2":"type-product","3":"status-publish","4":"has-post-thumbnail","6":"product_brand-brandp_959","7":"product_cat-autres-appareils-de-cuisines","8":"product_cat-cuisine-gourmet","9":"product_cat-petit-electromenager","11":"first","12":"instock","13":"taxable","14":"shipping-taxable","15":"purchasable","16":"product-type-simple"},"_links":{"self":[{"href":"https:\/\/bigbuy.tupique.com\/en\/wp-json\/wp\/v2\/product\/64294","targetHints":{"allow":["GET"]}}],"collection":[{"href":"https:\/\/bigbuy.tupique.com\/en\/wp-json\/wp\/v2\/product"}],"about":[{"href":"https:\/\/bigbuy.tupique.com\/en\/wp-json\/wp\/v2\/types\/product"}],"replies":[{"embeddable":true,"href":"https:\/\/bigbuy.tupique.com\/en\/wp-json\/wp\/v2\/comments?post=64294"}],"wp:featuredmedia":[{"embeddable":true,"href":"https:\/\/bigbuy.tupique.com\/en\/wp-json\/wp\/v2\/media\/64293"}],"wp:attachment":[{"href":"https:\/\/bigbuy.tupique.com\/en\/wp-json\/wp\/v2\/media?parent=64294"}],"wp:term":[{"taxonomy":"product_brand","embeddable":true,"href":"https:\/\/bigbuy.tupique.com\/en\/wp-json\/wp\/v2\/product_brand?post=64294"},{"taxonomy":"product_cat","embeddable":true,"href":"https:\/\/bigbuy.tupique.com\/en\/wp-json\/wp\/v2\/product_cat?post=64294"},{"taxonomy":"product_tag","embeddable":true,"href":"https:\/\/bigbuy.tupique.com\/en\/wp-json\/wp\/v2\/product_tag?post=64294"}],"curies":[{"name":"wp","href":"https:\/\/api.w.org\/{rel}","templated":true}]}}