{"id":64273,"date":"2026-04-01T19:03:06","date_gmt":"2026-04-01T18:03:06","guid":{"rendered":"https:\/\/bigbuy.tupique.com\/produto\/smartwatch-samsung-sm-l705fza2phe\/"},"modified":"2026-04-15T04:48:05","modified_gmt":"2026-04-15T03:48:05","slug":"smartwatch-samsung-sm-l705fza2phe","status":"publish","type":"product","link":"https:\/\/bigbuy.tupique.com\/en\/produto\/smartwatch-samsung-sm-l705fza2phe\/","title":{"rendered":"Montre intelligente Samsung SM-L705FZA2PHE"},"content":{"rendered":"<p>Si vous \u00eates \u00e0 la recherche de nouvelles tendances sur le march\u00e9, nous vous pr\u00e9sentons <b>Montre intelligente Samsung SM-L705FZA2PHE<\/b> !<\/p>\n<p>Le <b>Samsung SM-L705FZA2PHE<\/b> est une <b>smartwatch<\/b> qui allie fonctionnalit\u00e9 avanc\u00e9e et design sportif, id\u00e9ale pour les utilisateurs souhaitant suivre leur activit\u00e9 quotidienne et rester connect\u00e9s. Cet appareil int\u00e8gre la connectivit\u00e9 <b>Bluetooth<\/b> et <b>Wi-Fi<\/b>, permettant une synchronisation facile avec d\u2019autres appareils et l\u2019acc\u00e8s aux notifications, applications et mises \u00e0 jour en temps r\u00e9el sans d\u00e9pendre exclusivement du t\u00e9l\u00e9phone. Il dispose d\u2019un <b>capteur de fr\u00e9quence cardiaque<\/b> offrant un contr\u00f4le constant du rythme cardiaque, facilitant un suivi pr\u00e9cis de la sant\u00e9 et des performances physiques lors des entra\u00eenements ou activit\u00e9s quotidiennes. Le bracelet de couleur <b>orange<\/b> apporte une touche moderne et dynamique, alliant confort et style. Con\u00e7u pour une utilisation avec prise europ\u00e9enne (<b>EU<\/b>), il assure une compatibilit\u00e9 avec les standards de charge de la plupart des foyers europ\u00e9ens. La multifonctionnalit\u00e9 de la montre se traduit par la gestion des alertes, le contr\u00f4le de la musique et la r\u00e9ponse \u00e0 des commandes simples, offrant une exp\u00e9rience technologique pratique et accessible. Ce mod\u00e8le s\u2019adresse \u00e0 ceux qui valorisent l\u2019int\u00e9gration des technologies sans fil, le suivi du bien-\u00eatre et un design ergonomique dans un appareil portable, proposant une solution compl\u00e8te et polyvalente au quotidien.<\/p>\n<ul>\n<li>Type de montre: Montre intelligente<\/li>\n<li>Produit \u00e0 brancher: Oui<\/li>\n<li>Type de prise: Prise EU<\/li>\n<li>Bloc d\u2019Alimentation: r\u00e9seau \u00e9lectrique<\/li>\n<li>Connectivit\u00e9:\n<ul>\n<li>Bluetooth<\/li>\n<li>Wi-Fi<\/li>\n<li>GPS<\/li>\n<li>NFC<\/li>\n<li>Glonass<\/li>\n<li>BeiDou<\/li>\n<li>Galileo<\/li>\n<li>eSIM<\/li>\n<li>Bluetooth 5.3<\/li>\n<\/ul>\n<\/li>\n<li>Type: Tensiom\u00e8tre<\/li>\n<li>Couleur:\n<ul>\n<li>Gris<\/li>\n<li>Orange<\/li>\n<\/ul>\n<\/li>\n<li>Caract\u00e9ristiques:\n<ul>\n<li>Acc\u00e9l\u00e9rom\u00e8tre<\/li>\n<li>Haut-parleurs int\u00e9gr\u00e9s<\/li>\n<li>Barom\u00e8tre<\/li>\n<li>Ecran tactile<\/li>\n<li>Gyroscope<\/li>\n<li>Microphone int\u00e9gr\u00e9<\/li>\n<li>Chronom\u00e8tre<\/li>\n<li>Moniteur de Sommeil<\/li>\n<li>Connexion au r\u00e9seau mobile<\/li>\n<li>Capteur g\u00e9omagn\u00e9tique<\/li>\n<\/ul>\n<\/li>\n<li>Connexions: 4G<\/li>\n<li>Fonctions:\n<ul>\n<li>\u00c9cran couleur<\/li>\n<li>Podom\u00e8tre<\/li>\n<li>Moniteur de Sommeil<\/li>\n<li>Moniteur de fr\u00e9quence cardiaque<\/li>\n<\/ul>\n<\/li>\n<li>Type de batterie: Int\u00e9gr\u00e9e<\/li>\n<li>Forme: Rond<\/li>\n<li>Classification IP: IP68<\/li>\n<li>Ecran: 1,5&#8243;<\/li>\n<li>Cam\u00e9ra\/Appareil Photo: Non<\/li>\n<li>Technologie: AMOLED<\/li>\n<li>Chargeur sans fil: Oui<\/li>\n<li>Radio FM: Non<\/li>\n<li>Connexion USB: Non<\/li>\n<li>R\u00e9sistant \u00e0 l&#8217;eau: 10 atm<\/li>\n<li>M\u00e9moire Flash: 64 MB<\/li>\n<\/ul>","protected":false},"excerpt":{"rendered":"<p>Si vous \u00eates \u00e0 la recherche de nouvelles tendances sur le march\u00e9, nous vous pr\u00e9sentons Montre intelligente Samsung SM-L705FZA2PHE ! Le Samsung SM-L705FZA2PHE est une smartwatch qui allie fonctionnalit\u00e9 avanc\u00e9e et design sportif, id\u00e9ale pour les utilisateurs souhaitant suivre leur activit\u00e9 quotidienne et rester connect\u00e9s. Cet appareil int\u00e8gre la connectivit\u00e9 Bluetooth et Wi-Fi, permettant une [&hellip;]<\/p>\n","protected":false},"featured_media":64272,"comment_status":"open","ping_status":"closed","template":"","meta":[],"product_brand":[183],"product_cat":[575,65,748],"product_tag":[103,104,566,106],"class_list":{"0":"post-64273","1":"product","2":"type-product","3":"status-publish","4":"has-post-thumbnail","6":"product_brand-brandp_576","7":"product_cat-electronique-telephonie-et-tablettes","8":"product_cat-informatique-electronique","9":"product_cat-smartwatches","10":"product_tag-tag_1261","11":"product_tag-tag_1279","12":"product_tag-tag_547","13":"product_tag-tag_1295","15":"first","16":"instock","17":"taxable","18":"shipping-taxable","19":"purchasable","20":"product-type-simple"},"_links":{"self":[{"href":"https:\/\/bigbuy.tupique.com\/en\/wp-json\/wp\/v2\/product\/64273","targetHints":{"allow":["GET"]}}],"collection":[{"href":"https:\/\/bigbuy.tupique.com\/en\/wp-json\/wp\/v2\/product"}],"about":[{"href":"https:\/\/bigbuy.tupique.com\/en\/wp-json\/wp\/v2\/types\/product"}],"replies":[{"embeddable":true,"href":"https:\/\/bigbuy.tupique.com\/en\/wp-json\/wp\/v2\/comments?post=64273"}],"wp:featuredmedia":[{"embeddable":true,"href":"https:\/\/bigbuy.tupique.com\/en\/wp-json\/wp\/v2\/media\/64272"}],"wp:attachment":[{"href":"https:\/\/bigbuy.tupique.com\/en\/wp-json\/wp\/v2\/media?parent=64273"}],"wp:term":[{"taxonomy":"product_brand","embeddable":true,"href":"https:\/\/bigbuy.tupique.com\/en\/wp-json\/wp\/v2\/product_brand?post=64273"},{"taxonomy":"product_cat","embeddable":true,"href":"https:\/\/bigbuy.tupique.com\/en\/wp-json\/wp\/v2\/product_cat?post=64273"},{"taxonomy":"product_tag","embeddable":true,"href":"https:\/\/bigbuy.tupique.com\/en\/wp-json\/wp\/v2\/product_tag?post=64273"}],"curies":[{"name":"wp","href":"https:\/\/api.w.org\/{rel}","templated":true}]}}