{"id":64236,"date":"2026-04-01T19:02:06","date_gmt":"2026-04-01T18:02:06","guid":{"rendered":"https:\/\/bigbuy.tupique.com\/produto\/smart-tv-hisense-85a6q-85-4k-ultra-hd-led-hdr-d-led\/"},"modified":"2026-04-15T04:46:52","modified_gmt":"2026-04-15T03:46:52","slug":"smart-tv-hisense-85a6q-85-4k-ultra-hd-led-hdr-d-led","status":"publish","type":"product","link":"https:\/\/bigbuy.tupique.com\/en\/produto\/smart-tv-hisense-85a6q-85-4k-ultra-hd-led-hdr-d-led\/","title":{"rendered":"TV intelligente Hisense 85A6Q 85&#8243; 4K Ultra HD LED HDR D-LED"},"content":{"rendered":"<p>Si vous \u00eates \u00e0 la recherche de nouvelles tendances sur le march\u00e9, nous vous pr\u00e9sentons <b>TV intelligente Hisense 85A6Q 85&#8243; 4K Ultra HD LED HDR D-LED<\/b> !<\/p>\n<p>La <b>Smart TV Hisense 85 pouces<\/b> combine un grand format visuel avec des technologies avanc\u00e9es pour offrir une exp\u00e9rience multim\u00e9dia compl\u00e8te et de haute qualit\u00e9. Son <b>\u00e9cran plat de 85&#8243;<\/b> avec r\u00e9solution <b>4K Ultra HD (3840 x 2160 pixels)<\/b> garantit des images nettes et d\u00e9taill\u00e9es, id\u00e9ales pour profiter aussi bien des contenus t\u00e9l\u00e9vis\u00e9s que des plateformes de streaming avec une d\u00e9finition et un r\u00e9alisme maximaux. Ce mod\u00e8le int\u00e8gre un syst\u00e8me d\u2019exploitation <b>VIDAA U8.5<\/b>, qui facilite une navigation fluide et intuitive \u00e0 travers les applications et services intelligents, am\u00e9liorant l\u2019acc\u00e8s \u00e0 une grande vari\u00e9t\u00e9 de contenus num\u00e9riques. Sa connectivit\u00e9 <b>WiFi int\u00e9gr\u00e9e<\/b> assure une connexion stable et rapide pour le streaming et les applications en ligne. C\u00f4t\u00e9 audio, il offre une puissance estim\u00e9e \u00e0 <b>30 W RMS<\/b>, suffisante pour un son clair et immersif qui compl\u00e8te la qualit\u00e9 visuelle de l\u2019\u00e9cran. Son design en <b>noir<\/b> apporte sobri\u00e9t\u00e9 et \u00e9l\u00e9gance, s\u2019int\u00e9grant facilement dans tout int\u00e9rieur. De plus, cette t\u00e9l\u00e9vision comprend un syst\u00e8me complet de syntonisation num\u00e9rique compatible avec plusieurs formats : <b>DVB-C, DVB-S, DVB-S2, DVB-T et DVB-T2<\/b>, facilitant la r\u00e9ception d\u2019un large \u00e9ventail de cha\u00eenes terrestres et satellites sans \u00e9quipements suppl\u00e9mentaires. Sa classification \u00e9nerg\u00e9tique <b>E<\/b> refl\u00e8te une consommation responsable compte tenu de sa taille et de ses performances. En r\u00e9sum\u00e9, cette Smart TV Hisense grand format est une option polyvalente pour ceux qui recherchent une exp\u00e9rience audiovisuelle immersive, avec des caract\u00e9ristiques techniques adapt\u00e9es \u00e0 un usage domestique avanc\u00e9 et une connectivit\u00e9 compl\u00e8te.<\/p>\n<ul>\n<li>Connectivit\u00e9:\n<ul>\n<li>Wi-Fi<\/li>\n<li>Bluetooth<\/li>\n<li>Bluetooth 5.0<\/li>\n<li>eARC<\/li>\n<\/ul>\n<\/li>\n<li>R\u00e9solution (px): 3840 x 2160 px<\/li>\n<li>Couleur: Noir<\/li>\n<li>Caract\u00e9ristiques:\n<ul>\n<li>Navigation web<\/li>\n<li>Equalizer<\/li>\n<li>TV intelligente<\/li>\n<li>T\u00e9l\u00e9texte<\/li>\n<li>Guide \u00e9lectronique des programmes (EPG)<\/li>\n<li>Apple AirPlay 2<\/li>\n<li>Minuterie d&#8217;arr\u00eat<\/li>\n<li>2 Haut-parleurs<\/li>\n<li>Guide vocal<\/li>\n<li>Mode h\u00f4tel<\/li>\n<li>\u00c9cran plat<\/li>\n<\/ul>\n<\/li>\n<li>Connexions:\n<ul>\n<li>HDMI<\/li>\n<li>USB 2.0<\/li>\n<li>Ethernet LAN<\/li>\n<li>CI+<\/li>\n<li>HDMI 2.1 x 1<\/li>\n<li>HDMI 1.4<\/li>\n<\/ul>\n<\/li>\n<li>Rapport d&#8217;aspect: 16:9<\/li>\n<li>Classification \u00e9nerg\u00e9tique: E<\/li>\n<li>R\u00e9cepteur:\n<ul>\n<li>Num\u00e9rique<\/li>\n<li>DVB-C,DVB-S,DVB-S2,DVB-T,DVB-T2<\/li>\n<\/ul>\n<\/li>\n<li>Bloc d\u2019Alimentation: Cordon d&#8217;alimentation CA<\/li>\n<li>Technologie:\n<ul>\n<li>LED<\/li>\n<li>HDR<\/li>\n<li>D-LED<\/li>\n<\/ul>\n<\/li>\n<li>Puissance RMS: 30 W<\/li>\n<li>TV intelligente: Oui<\/li>\n<li>Compatible:\n<ul>\n<li>Amazon Alexa<\/li>\n<li>VESA 600 x 400 mm<\/li>\n<\/ul>\n<\/li>\n<li>Inclut: T\u00e9l\u00e9commande<\/li>\n<li>Processeur: Quad Core<\/li>\n<li>Fonctions: Timeshift<\/li>\n<li>R\u00e9solution: 4K Ultra HD<\/li>\n<li>Tension: 100 &#8211; 240 V<\/li>\n<li>Fr\u00e9quence d&#8217;entr\u00e9e AC: 50-60 Hz<\/li>\n<li>Ecran: 85&#8243;<\/li>\n<li>Cha\u00eenes: 2.0<\/li>\n<li>Fr\u00e9quence: 60 Hz<\/li>\n<li>Flux lumineux: 400 lm<\/li>\n<li>Angle: 178\u00ba<\/li>\n<li>Montage: VESA<\/li>\n<li>Diagonale de l&#8217;\u00e9cran (cm): 215,9 cm<\/li>\n<li>Temps de r\u00e9ponse: 8 ms<\/li>\n<\/ul>","protected":false},"excerpt":{"rendered":"<p>Si vous \u00eates \u00e0 la recherche de nouvelles tendances sur le march\u00e9, nous vous pr\u00e9sentons TV intelligente Hisense 85A6Q 85&#8243; 4K Ultra HD LED HDR D-LED ! La Smart TV Hisense 85 pouces combine un grand format visuel avec des technologies avanc\u00e9es pour offrir une exp\u00e9rience multim\u00e9dia compl\u00e8te et de haute qualit\u00e9. Son \u00e9cran plat [&hellip;]<\/p>\n","protected":false},"featured_media":64219,"comment_status":"open","ping_status":"closed","template":"","meta":[],"product_brand":[1341],"product_cat":[589,65,957],"product_tag":[],"class_list":{"0":"post-64236","1":"product","2":"type-product","3":"status-publish","4":"has-post-thumbnail","6":"product_brand-brandp_612","7":"product_cat-electronique-television","8":"product_cat-informatique-electronique","9":"product_cat-televisions-et-smart-tv","11":"first","12":"instock","13":"taxable","14":"shipping-taxable","15":"purchasable","16":"product-type-simple"},"_links":{"self":[{"href":"https:\/\/bigbuy.tupique.com\/en\/wp-json\/wp\/v2\/product\/64236","targetHints":{"allow":["GET"]}}],"collection":[{"href":"https:\/\/bigbuy.tupique.com\/en\/wp-json\/wp\/v2\/product"}],"about":[{"href":"https:\/\/bigbuy.tupique.com\/en\/wp-json\/wp\/v2\/types\/product"}],"replies":[{"embeddable":true,"href":"https:\/\/bigbuy.tupique.com\/en\/wp-json\/wp\/v2\/comments?post=64236"}],"wp:featuredmedia":[{"embeddable":true,"href":"https:\/\/bigbuy.tupique.com\/en\/wp-json\/wp\/v2\/media\/64219"}],"wp:attachment":[{"href":"https:\/\/bigbuy.tupique.com\/en\/wp-json\/wp\/v2\/media?parent=64236"}],"wp:term":[{"taxonomy":"product_brand","embeddable":true,"href":"https:\/\/bigbuy.tupique.com\/en\/wp-json\/wp\/v2\/product_brand?post=64236"},{"taxonomy":"product_cat","embeddable":true,"href":"https:\/\/bigbuy.tupique.com\/en\/wp-json\/wp\/v2\/product_cat?post=64236"},{"taxonomy":"product_tag","embeddable":true,"href":"https:\/\/bigbuy.tupique.com\/en\/wp-json\/wp\/v2\/product_tag?post=64236"}],"curies":[{"name":"wp","href":"https:\/\/api.w.org\/{rel}","templated":true}]}}