{"id":64175,"date":"2026-04-01T19:00:15","date_gmt":"2026-04-01T18:00:15","guid":{"rendered":"https:\/\/bigbuy.tupique.com\/produto\/smart-tv-philips-50pus9010-50-4k-ultra-hd-hdr-qled\/"},"modified":"2026-05-11T19:57:11","modified_gmt":"2026-05-11T17:57:11","slug":"smart-tv-philips-50pus9010-50-4k-ultra-hd-hdr-qled","status":"publish","type":"product","link":"https:\/\/bigbuy.tupique.com\/en\/produto\/smart-tv-philips-50pus9010-50-4k-ultra-hd-hdr-qled\/","title":{"rendered":"TV intelligente Philips 50PUS9010 50&#8243; 4K Ultra HD HDR QLED"},"content":{"rendered":"<p>Si vous \u00eates \u00e0 la recherche de nouvelles tendances sur le march\u00e9, nous vous pr\u00e9sentons <b>TV intelligente Philips 50PUS9010 50&#8243; 4K Ultra HD HDR QLED<\/b> !<\/p>\n<p>Le <b>t\u00e9l\u00e9viseur Philips 50PUS9010\/12<\/b> est un <b>Smart TV<\/b> avanc\u00e9 dot\u00e9 d\u2019un <b>\u00e9cran de 50 pouces<\/b> avec une r\u00e9solution <b>4K Ultra HD<\/b>, garantissant des images nettes et une qualit\u00e9 visuelle exceptionnelle pour profiter de tout contenu avec un maximum de d\u00e9tails. Sa technologie <b>QLED<\/b> am\u00e9liore la reproduction des couleurs et la luminosit\u00e9, offrant une exp\u00e9rience visuelle plus vive et r\u00e9aliste. Ce mod\u00e8le int\u00e8gre \u00e9galement la fonction innovante <b>Ambilight<\/b> propre \u00e0 Philips, qui prolonge la lumi\u00e8re au-del\u00e0 des bords de l\u2019\u00e9cran, cr\u00e9ant une ambiance immersive r\u00e9duisant la fatigue visuelle et renfor\u00e7ant l\u2019immersion dans films, s\u00e9ries ou jeux vid\u00e9o. Gr\u00e2ce \u00e0 sa connectivit\u00e9 <b>WiFi<\/b>, le t\u00e9l\u00e9viseur permet un acc\u00e8s facile aux applications et services en ligne, offrant une exp\u00e9rience compl\u00e8te de <b>smart TV<\/b> pour naviguer sur Internet, regarder du contenu en streaming ou profiter de plateformes \u00e0 la demande depuis un seul appareil. Il est aussi \u00e9quip\u00e9 d\u2019une <b>t\u00e9l\u00e9commande<\/b> facilitant la navigation et le contr\u00f4le des fonctions, pour une utilisation confortable et intuitive. C\u00f4t\u00e9 audio, il dispose d\u2019un <b>\u00e9galiseur<\/b> int\u00e9gr\u00e9 permettant d\u2019ajuster la qualit\u00e9 sonore selon les pr\u00e9f\u00e9rences ou le type de contenu, assurant un son clair et \u00e9quilibr\u00e9. Son design \u00e9l\u00e9gant en <b>noir<\/b> s\u2019int\u00e8gre facilement \u00e0 tout style de d\u00e9coration. Ce t\u00e9l\u00e9viseur Philips allie technologie avanc\u00e9e et fonctionnalit\u00e9 pour offrir une solution compl\u00e8te de divertissement \u00e0 domicile, adapt\u00e9e aux utilisateurs recherchant qualit\u00e9 d\u2019image, connectivit\u00e9 et confort dans leur appareil audiovisuel.<\/p>\n<ul>\n<li>Diagonale de l&#8217;\u00e9cran (cm):\n<ul>\n<li>127 cm<\/li>\n<li>124,5 cm<\/li>\n<\/ul>\n<\/li>\n<li>Caract\u00e9ristiques:\n<ul>\n<li>accesorios incluidos<\/li>\n<li>Capteur de lumi\u00e8re<\/li>\n<li>ECO<\/li>\n<li>Equalizer<\/li>\n<li>TV intelligente<\/li>\n<li>T\u00e9l\u00e9texte<\/li>\n<li>2 Haut-parleurs<\/li>\n<li>Canal de retour audio (ARC)<\/li>\n<li>\u00c9clairage Ambiant<\/li>\n<li>\u00c9cran plat<\/li>\n<\/ul>\n<\/li>\n<li>Couleur: Noir<\/li>\n<li>Connectivit\u00e9:\n<ul>\n<li>Wi-Fi<\/li>\n<li>Bluetooth<\/li>\n<li>Interface commune<\/li>\n<li>Bluetooth 5.2<\/li>\n<li>eARC<\/li>\n<\/ul>\n<\/li>\n<li>Son: 40 W<\/li>\n<li>R\u00e9solution (px): 3840 x 2160 px<\/li>\n<li>Connexions:\n<ul>\n<li>USB 2.0<\/li>\n<li>RJ45<\/li>\n<li>Ethernet LAN<\/li>\n<li>HDCP<\/li>\n<li>HDMI x 4<\/li>\n<\/ul>\n<\/li>\n<li>Rapport d&#8217;aspect: 16:9<\/li>\n<li>Format: 16:9<\/li>\n<li>Classification \u00e9nerg\u00e9tique: F<\/li>\n<li>R\u00e9cepteur:\n<ul>\n<li>Num\u00e9rique<\/li>\n<li>DVB-C,DVB-S,DVB-S2,DVB-T,DVB-T2,DVB-T2 HD<\/li>\n<\/ul>\n<\/li>\n<li>Compatibilit\u00e9: Google Assistant<\/li>\n<li>Bloc d\u2019Alimentation: Cordon d&#8217;alimentation CA<\/li>\n<li>TV intelligente: Oui<\/li>\n<li>Ecran: 50&#8243;<\/li>\n<li>Compatible:\n<ul>\n<li>Amazon Alexa<\/li>\n<li>VESA 300 x 200 mm<\/li>\n<\/ul>\n<\/li>\n<li>Fr\u00e9quence: 144 Hz<\/li>\n<li>Inclut: T\u00e9l\u00e9commande<\/li>\n<li>Fonctions: ECO<\/li>\n<li>Technologie:\n<ul>\n<li>HDR<\/li>\n<li>QLED<\/li>\n<\/ul>\n<\/li>\n<li>R\u00e9solution: 4K Ultra HD<\/li>\n<li>Tension: 100 &#8211; 240 V<\/li>\n<li>Arr\u00eat Automatique: Oui<\/li>\n<li>Fr\u00e9quence d&#8217;entr\u00e9e AC: 50-60 Hz<\/li>\n<li>consommation d&#8217;\u00e9nergie: 65 kWh<\/li>\n<li>Formats: BMP,GIF,HEIF,JPEG,PNG<\/li>\n<li>Montage: VESA<\/li>\n<li>Ann\u00e9e: 2024<\/li>\n<li>Non Inclus: Socle<\/li>\n<li>Puissance RMS: 40 W<\/li>\n<\/ul>","protected":false},"excerpt":{"rendered":"<p>Si vous \u00eates \u00e0 la recherche de nouvelles tendances sur le march\u00e9, nous vous pr\u00e9sentons TV intelligente Philips 50PUS9010 50&#8243; 4K Ultra HD HDR QLED ! Le t\u00e9l\u00e9viseur Philips 50PUS9010\/12 est un Smart TV avanc\u00e9 dot\u00e9 d\u2019un \u00e9cran de 50 pouces avec une r\u00e9solution 4K Ultra HD, garantissant des images nettes et une qualit\u00e9 visuelle [&hellip;]<\/p>\n","protected":false},"featured_media":64170,"comment_status":"open","ping_status":"closed","template":"","meta":[],"product_brand":[315],"product_cat":[589,65,957],"product_tag":[],"class_list":{"0":"post-64175","1":"product","2":"type-product","3":"status-publish","4":"has-post-thumbnail","6":"product_brand-brandp_571","7":"product_cat-electronique-television","8":"product_cat-informatique-electronique","9":"product_cat-televisions-et-smart-tv","11":"first","12":"instock","13":"taxable","14":"shipping-taxable","15":"purchasable","16":"product-type-simple"},"_links":{"self":[{"href":"https:\/\/bigbuy.tupique.com\/en\/wp-json\/wp\/v2\/product\/64175","targetHints":{"allow":["GET"]}}],"collection":[{"href":"https:\/\/bigbuy.tupique.com\/en\/wp-json\/wp\/v2\/product"}],"about":[{"href":"https:\/\/bigbuy.tupique.com\/en\/wp-json\/wp\/v2\/types\/product"}],"replies":[{"embeddable":true,"href":"https:\/\/bigbuy.tupique.com\/en\/wp-json\/wp\/v2\/comments?post=64175"}],"wp:featuredmedia":[{"embeddable":true,"href":"https:\/\/bigbuy.tupique.com\/en\/wp-json\/wp\/v2\/media\/64170"}],"wp:attachment":[{"href":"https:\/\/bigbuy.tupique.com\/en\/wp-json\/wp\/v2\/media?parent=64175"}],"wp:term":[{"taxonomy":"product_brand","embeddable":true,"href":"https:\/\/bigbuy.tupique.com\/en\/wp-json\/wp\/v2\/product_brand?post=64175"},{"taxonomy":"product_cat","embeddable":true,"href":"https:\/\/bigbuy.tupique.com\/en\/wp-json\/wp\/v2\/product_cat?post=64175"},{"taxonomy":"product_tag","embeddable":true,"href":"https:\/\/bigbuy.tupique.com\/en\/wp-json\/wp\/v2\/product_tag?post=64175"}],"curies":[{"name":"wp","href":"https:\/\/api.w.org\/{rel}","templated":true}]}}