{"id":64138,"date":"2026-04-01T18:59:19","date_gmt":"2026-04-01T17:59:19","guid":{"rendered":"https:\/\/bigbuy.tupique.com\/produto\/smart-tv-philips-85pus8510-12\/"},"modified":"2026-04-16T17:36:00","modified_gmt":"2026-04-16T16:36:00","slug":"smart-tv-philips-85pus8510-12","status":"publish","type":"product","link":"https:\/\/bigbuy.tupique.com\/en\/produto\/smart-tv-philips-85pus8510-12\/","title":{"rendered":"TV intelligente Philips 85PUS8510\/12"},"content":{"rendered":"<p>Si vous \u00eates \u00e0 la recherche de nouvelles tendances sur le march\u00e9, nous vous pr\u00e9sentons <b>TV intelligente Philips 85PUS8510\/12<\/b> !<\/p>\n<p>Le <b>t\u00e9l\u00e9viseur Philips 85PUS8510\/12<\/b> est un <b>Smart TV<\/b> grand format offrant une exp\u00e9rience visuelle immersive gr\u00e2ce \u00e0 son impressionnant <b>\u00e9cran de 85 pouces<\/b> avec une r\u00e9solution <b>4K Ultra HD<\/b>, qui d\u00e9livre des images nettes et d\u00e9taill\u00e9es avec une qualit\u00e9 de couleur exceptionnelle, renforc\u00e9e par la technologie <b>QLED<\/b>. Ce mod\u00e8le int\u00e8gre la technologie exclusive <b>Ambilight<\/b>, qui \u00e9claire l\u2019environnement de mani\u00e8re dynamique pour am\u00e9liorer l\u2019immersion et r\u00e9duire la fatigue visuelle lors de longues sessions de visionnage. Son design \u00e9l\u00e9gant en <b>noir<\/b> facilite son int\u00e9gration dans tout espace moderne. \u00c9quip\u00e9 de fonctions intelligentes, le Philips 85PUS8510 offre une connectivit\u00e9 WiFi et l\u2019acc\u00e8s \u00e0 une large vari\u00e9t\u00e9 d\u2019applications et de contenus en ligne via sa plateforme <b>Smart TV<\/b>, permettant de profiter facilement des services de streaming, de la navigation web et bien plus. Parmi ses caract\u00e9ristiques, on note une <b>t\u00e9l\u00e9commande<\/b> ergonomique qui simplifie la navigation et le contr\u00f4le de l\u2019appareil, ainsi qu\u2019un <b>\u00e9galiseur<\/b> pour ajuster la qualit\u00e9 sonore selon les pr\u00e9f\u00e9rences de l\u2019utilisateur, am\u00e9liorant la clart\u00e9 et la profondeur audio pour accompagner la qualit\u00e9 visuelle. Ce t\u00e9l\u00e9viseur est id\u00e9al pour les utilisateurs recherchant un grand \u00e9cran avec un haut niveau de d\u00e9tail et de couleur, associ\u00e9 \u00e0 des fonctions avanc\u00e9es et une connectivit\u00e9 compl\u00e8te, le tout dans un design soign\u00e9 et fonctionnel. Le Philips 85PUS8510\/12 se positionne comme une option avanc\u00e9e pour ceux qui souhaitent un \u00e9quipement polyvalent, performant et grand format pour leurs espaces de loisirs et de divertissement.<\/p>\n<ul>\n<li>Diagonale de l&#8217;\u00e9cran (cm): 215,9 cm<\/li>\n<li>Caract\u00e9ristiques:\n<ul>\n<li>accesorios incluidos<\/li>\n<li>Capteur de lumi\u00e8re<\/li>\n<li>ECO<\/li>\n<\/ul>\n<\/li>\n<li>R\u00e9solution: 4K Ultra HD<\/li>\n<li>Couleur: Noir<\/li>\n<li>Ecran: 85&#8243;<\/li>\n<\/ul>","protected":false},"excerpt":{"rendered":"<p>Si vous \u00eates \u00e0 la recherche de nouvelles tendances sur le march\u00e9, nous vous pr\u00e9sentons TV intelligente Philips 85PUS8510\/12 ! Le t\u00e9l\u00e9viseur Philips 85PUS8510\/12 est un Smart TV grand format offrant une exp\u00e9rience visuelle immersive gr\u00e2ce \u00e0 son impressionnant \u00e9cran de 85 pouces avec une r\u00e9solution 4K Ultra HD, qui d\u00e9livre des images nettes et [&hellip;]<\/p>\n","protected":false},"featured_media":64134,"comment_status":"open","ping_status":"closed","template":"","meta":[],"product_brand":[315],"product_cat":[589,65,957],"product_tag":[104],"class_list":{"0":"post-64138","1":"product","2":"type-product","3":"status-publish","4":"has-post-thumbnail","6":"product_brand-brandp_571","7":"product_cat-electronique-television","8":"product_cat-informatique-electronique","9":"product_cat-televisions-et-smart-tv","10":"product_tag-tag_1279","12":"first","13":"instock","14":"taxable","15":"shipping-taxable","16":"purchasable","17":"product-type-simple"},"_links":{"self":[{"href":"https:\/\/bigbuy.tupique.com\/en\/wp-json\/wp\/v2\/product\/64138","targetHints":{"allow":["GET"]}}],"collection":[{"href":"https:\/\/bigbuy.tupique.com\/en\/wp-json\/wp\/v2\/product"}],"about":[{"href":"https:\/\/bigbuy.tupique.com\/en\/wp-json\/wp\/v2\/types\/product"}],"replies":[{"embeddable":true,"href":"https:\/\/bigbuy.tupique.com\/en\/wp-json\/wp\/v2\/comments?post=64138"}],"wp:featuredmedia":[{"embeddable":true,"href":"https:\/\/bigbuy.tupique.com\/en\/wp-json\/wp\/v2\/media\/64134"}],"wp:attachment":[{"href":"https:\/\/bigbuy.tupique.com\/en\/wp-json\/wp\/v2\/media?parent=64138"}],"wp:term":[{"taxonomy":"product_brand","embeddable":true,"href":"https:\/\/bigbuy.tupique.com\/en\/wp-json\/wp\/v2\/product_brand?post=64138"},{"taxonomy":"product_cat","embeddable":true,"href":"https:\/\/bigbuy.tupique.com\/en\/wp-json\/wp\/v2\/product_cat?post=64138"},{"taxonomy":"product_tag","embeddable":true,"href":"https:\/\/bigbuy.tupique.com\/en\/wp-json\/wp\/v2\/product_tag?post=64138"}],"curies":[{"name":"wp","href":"https:\/\/api.w.org\/{rel}","templated":true}]}}