{"id":64095,"date":"2026-04-01T18:58:22","date_gmt":"2026-04-01T17:58:22","guid":{"rendered":"https:\/\/bigbuy.tupique.com\/produto\/smartwatch-polar-900112399-beige-golden-128\/"},"modified":"2026-04-15T11:46:29","modified_gmt":"2026-04-15T10:46:29","slug":"smartwatch-polar-900112399-beige-golden-128","status":"publish","type":"product","link":"https:\/\/bigbuy.tupique.com\/en\/produto\/smartwatch-polar-900112399-beige-golden-128\/","title":{"rendered":"Montre intelligente Polar 900112399 Beige Dor\u00e9 1,28&#8243;"},"content":{"rendered":"<p>Si vous \u00eates passionn\u00e9 d&#8217;<b>informatique et d&#8217;\u00e9lectronique<\/b>, si vous \u00eates \u00e0 la pointe de la technologie et qu&#8217;aucun d\u00e9tail ne vous \u00e9chappe, achetez <b>Montre intelligente Polar 900112399 Beige Dor\u00e9 1,28&#8243;<\/b> au meilleur prix.<\/p>\n<p>La <b>montre connect\u00e9e<\/b> Polar se pr\u00e9sente comme un appareil destin\u00e9 \u00e0 ceux qui recherchent une combinaison fonctionnelle de technologie et de confort, avec une <b>bracelet beige<\/b> en <b>plastique<\/b>, garantissant une utilisation l\u00e9g\u00e8re et r\u00e9sistante au quotidien. Cette montre intelligente int\u00e8gre une connectivit\u00e9 <b>Bluetooth<\/b> et <b>GPS<\/b>, permettant la synchronisation sans fil avec d\u2019autres appareils et un suivi pr\u00e9cis de la localisation lors d\u2019activit\u00e9s en ext\u00e9rieur. Parmi ses capteurs avanc\u00e9s figurent un <b>acc\u00e9l\u00e9rom\u00e8tre<\/b>, un <b>barom\u00e8tre<\/b> et un <b>capteur de lumi\u00e8re ambiante<\/b>, offrant des donn\u00e9es fiables sur le mouvement, l\u2019altitude et les conditions lumineuses pour ajuster automatiquement la visibilit\u00e9 de l\u2019\u00e9cran. Ce dernier est tactile, facilitant une interaction intuitive et rapide avec ses multiples fonctions, tandis que le capteur de fr\u00e9quence cardiaque int\u00e9gr\u00e9 permet de surveiller en continu la sant\u00e9 et la performance cardiovasculaire. De plus, le design int\u00e8gre des d\u00e9tails dor\u00e9s qui apportent une touche \u00e9l\u00e9gante, compl\u00e9tant son esth\u00e9tique sobre et polyvalente. Cette montre connect\u00e9e est id\u00e9ale pour les utilisateurs qui appr\u00e9cient \u00e0 la fois le contr\u00f4le de leur activit\u00e9 physique, le confort et un style discret. Dans l\u2019ensemble, la Polar combine des technologies essentielles pour une vie active avec un design soign\u00e9 adapt\u00e9 \u00e0 divers contextes, offrant une solution compl\u00e8te pour le suivi personnel et la connectivit\u00e9 mobile.<\/p>\n<ul>\n<li>Type de montre: Montre intelligente<\/li>\n<li>Produit \u00e0 brancher: Oui<\/li>\n<li>Type de prise: Prise EU<\/li>\n<li>Bloc d\u2019Alimentation: r\u00e9seau \u00e9lectrique<\/li>\n<li>Connectivit\u00e9:\n<ul>\n<li>Bluetooth<\/li>\n<li>GPS<\/li>\n<li>Glonass<\/li>\n<li>BeiDou<\/li>\n<li>Galileo<\/li>\n<li>Bluetooth 5.1<\/li>\n<li>Bluetooth Low Energy<\/li>\n<\/ul>\n<\/li>\n<li>Couleur du bracelet: Beige<\/li>\n<li>Couleur:\n<ul>\n<li>Beige<\/li>\n<li>Gris<\/li>\n<li>Dor\u00e9<\/li>\n<li>Sable<\/li>\n<\/ul>\n<\/li>\n<li>Mati\u00e8re:\n<ul>\n<li>Silicone<\/li>\n<li>Plastique<\/li>\n<li>pl\u00e1stico,acero inoxidable<\/li>\n<\/ul>\n<\/li>\n<li>Caract\u00e9ristiques:\n<ul>\n<li>R\u00e9sistant \u00e0 l&#8217;eau<\/li>\n<li>Acc\u00e9l\u00e9rom\u00e8tre<\/li>\n<li>Barom\u00e8tre<\/li>\n<li>Ecran tactile<\/li>\n<li>Capteur de lumi\u00e8re ambiante<\/li>\n<li>Gyroscope<\/li>\n<li>Alarme<\/li>\n<li>Capteur optique<\/li>\n<li>Distance parcourue<\/li>\n<li>Chronom\u00e8tre<\/li>\n<li>Notifications d\u2019appels et de messages<\/li>\n<li>Charge magn\u00e9tique<\/li>\n<li>Capteur de niveau d&#8217;oxyg\u00e8ne dans le sang<\/li>\n<\/ul>\n<\/li>\n<li>Connexions:\n<ul>\n<li>USB<\/li>\n<li>USB-C<\/li>\n<\/ul>\n<\/li>\n<li>Fonctions:\n<ul>\n<li>Consommation de Calories<\/li>\n<li>Moniteur de Sommeil<\/li>\n<li>Moniteur de fr\u00e9quence cardiaque<\/li>\n<\/ul>\n<\/li>\n<li>Type de batterie:\n<ul>\n<li>Int\u00e9gr\u00e9e<\/li>\n<li>Litio Ion<\/li>\n<li>Batterie au lithium rechargeable<\/li>\n<\/ul>\n<\/li>\n<li>M\u00e9moire interne: 32 GB<\/li>\n<li>Syst\u00e8me d&#8217;exploitation: Android<\/li>\n<li>Forme:\n<ul>\n<li>Rond<\/li>\n<li>Ronde<\/li>\n<\/ul>\n<\/li>\n<li>Genre: Unisexe<\/li>\n<li>Ecran: 1,28&#8243;<\/li>\n<li>Autonomie approx.:\n<ul>\n<li>30 heures<\/li>\n<li>168 heures<\/li>\n<\/ul>\n<\/li>\n<li>Cam\u00e9ra\/Appareil Photo: Non<\/li>\n<li>Technologie: AMOLED<\/li>\n<li>Radio FM: Non<\/li>\n<li>R\u00e9sistant \u00e0 l&#8217;eau: 50 m<\/li>\n<li>Inclut:\n<ul>\n<li>Minuterie<\/li>\n<li>Chargeur<\/li>\n<\/ul>\n<\/li>\n<li>Fonctionne \u00e0 piles: 1 Pol\u00edmero de litio<\/li>\n<li>Connexion USB: Non<\/li>\n<li>Dimensions approx.: 22 mm<\/li>\n<li>Sangle: Amovible<\/li>\n<li>Non Inclus: Connexion au r\u00e9seau mobile<\/li>\n<li>Taille: S\/L<\/li>\n<\/ul>","protected":false},"excerpt":{"rendered":"<p>Si vous \u00eates passionn\u00e9 d&#8217;informatique et d&#8217;\u00e9lectronique, si vous \u00eates \u00e0 la pointe de la technologie et qu&#8217;aucun d\u00e9tail ne vous \u00e9chappe, achetez Montre intelligente Polar 900112399 Beige Dor\u00e9 1,28&#8243; au meilleur prix. La montre connect\u00e9e Polar se pr\u00e9sente comme un appareil destin\u00e9 \u00e0 ceux qui recherchent une combinaison fonctionnelle de technologie et de confort, [&hellip;]<\/p>\n","protected":false},"featured_media":64092,"comment_status":"open","ping_status":"closed","template":"","meta":[],"product_brand":[178],"product_cat":[575,65,748],"product_tag":[103,566,106],"class_list":{"0":"post-64095","1":"product","2":"type-product","3":"status-publish","4":"has-post-thumbnail","6":"product_brand-brandp_5019","7":"product_cat-electronique-telephonie-et-tablettes","8":"product_cat-informatique-electronique","9":"product_cat-smartwatches","10":"product_tag-tag_1261","11":"product_tag-tag_547","12":"product_tag-tag_1295","14":"first","15":"instock","16":"taxable","17":"shipping-taxable","18":"purchasable","19":"product-type-simple"},"_links":{"self":[{"href":"https:\/\/bigbuy.tupique.com\/en\/wp-json\/wp\/v2\/product\/64095","targetHints":{"allow":["GET"]}}],"collection":[{"href":"https:\/\/bigbuy.tupique.com\/en\/wp-json\/wp\/v2\/product"}],"about":[{"href":"https:\/\/bigbuy.tupique.com\/en\/wp-json\/wp\/v2\/types\/product"}],"replies":[{"embeddable":true,"href":"https:\/\/bigbuy.tupique.com\/en\/wp-json\/wp\/v2\/comments?post=64095"}],"wp:featuredmedia":[{"embeddable":true,"href":"https:\/\/bigbuy.tupique.com\/en\/wp-json\/wp\/v2\/media\/64092"}],"wp:attachment":[{"href":"https:\/\/bigbuy.tupique.com\/en\/wp-json\/wp\/v2\/media?parent=64095"}],"wp:term":[{"taxonomy":"product_brand","embeddable":true,"href":"https:\/\/bigbuy.tupique.com\/en\/wp-json\/wp\/v2\/product_brand?post=64095"},{"taxonomy":"product_cat","embeddable":true,"href":"https:\/\/bigbuy.tupique.com\/en\/wp-json\/wp\/v2\/product_cat?post=64095"},{"taxonomy":"product_tag","embeddable":true,"href":"https:\/\/bigbuy.tupique.com\/en\/wp-json\/wp\/v2\/product_tag?post=64095"}],"curies":[{"name":"wp","href":"https:\/\/api.w.org\/{rel}","templated":true}]}}