{"id":64091,"date":"2026-04-01T18:58:18","date_gmt":"2026-04-01T17:58:18","guid":{"rendered":"https:\/\/bigbuy.tupique.com\/produto\/electric-scooter-xiaomi-bhr9613es\/"},"modified":"2026-04-15T04:09:23","modified_gmt":"2026-04-15T03:09:23","slug":"electric-scooter-xiaomi-bhr9613es","status":"publish","type":"product","link":"https:\/\/bigbuy.tupique.com\/en\/produto\/electric-scooter-xiaomi-bhr9613es\/","title":{"rendered":"Trottinette \u00c9lectrique Xiaomi BHR9613ES"},"content":{"rendered":"<p>Si vous \u00eates \u00e0 la recherche de nouvelles tendances sur le march\u00e9, nous vous pr\u00e9sentons <b>Trottinette \u00c9lectrique Xiaomi BHR9613ES<\/b> !<\/p>\n<p>Le <b>Xiaomi Electric Scooter 5 Pro<\/b> est une <b>trottinette \u00e9lectrique<\/b> con\u00e7ue pour offrir une exp\u00e9rience de mobilit\u00e9 urbaine efficace, confortable et s\u00fbre. Ce mod\u00e8le, dot\u00e9 d\u2019une \u00e9l\u00e9gante <b>couleur noire<\/b>, poss\u00e8de un <b>ch\u00e2ssis en acier<\/b> robuste qui assure durabilit\u00e9 et stabilit\u00e9 m\u00eame lors de trajets exigeants. \u00c9quip\u00e9 d\u2019un <b>moteur de 400 W<\/b>, il permet d\u2019atteindre une <b>vitesse maximale de 25 km\/h<\/b>, la limite autoris\u00e9e sur les voies urbaines en Espagne, garantissant des d\u00e9placements rapides adapt\u00e9s au quotidien. Sa <b>batterie de 10 200 mAh<\/b> offre une autonomie adapt\u00e9e aux trajets urbains r\u00e9guliers, permettant de longs parcours avec une seule charge et optimisant ainsi l\u2019efficacit\u00e9 \u00e9nerg\u00e9tique. De plus, le syst\u00e8me <b>pliable<\/b> facilite le transport et le rangement, ce qui en fait une solution pratique pour ceux qui combinent diff\u00e9rents moyens de transport ou disposent de peu d\u2019espace. Ce mod\u00e8le int\u00e8gre une <b>r\u00e9sistance \u00e0 l\u2019eau<\/b>, une protection utile contre les intemp\u00e9ries, et est \u00e9quip\u00e9 de <b>feux<\/b> avant et arri\u00e8re pour am\u00e9liorer la visibilit\u00e9 et la s\u00e9curit\u00e9 lors des d\u00e9placements nocturnes. L\u2019<b>\u00e9cran int\u00e9gr\u00e9<\/b> permet de consulter facilement des informations cl\u00e9s telles que la vitesse et l\u2019\u00e9tat de la batterie, aidant l\u2019utilisateur \u00e0 mieux g\u00e9rer chaque trajet. Le Xiaomi Electric Scooter 5 Pro s\u2019adresse \u00e0 ceux qui recherchent un \u00e9quilibre optimal entre technologie, autonomie et design pour leurs d\u00e9placements urbains.<\/p>\n<ul>\n<li>Type:\n<ul>\n<li>Trottinette \u00c9lectrique<\/li>\n<li>Trottinette<\/li>\n<\/ul>\n<\/li>\n<li>Produit \u00e0 brancher: Oui<\/li>\n<li>Type de prise: Prise EU<\/li>\n<li>Bloc d\u2019Alimentation:\n<ul>\n<li>r\u00e9seau \u00e9lectrique<\/li>\n<li>Batterie<\/li>\n<\/ul>\n<\/li>\n<li>Capacit\u00e9 de la batterie: 10200 mAh<\/li>\n<li>vitesse: 25 km\/h<\/li>\n<li>Poids Max. support\u00e9: 120 kg<\/li>\n<li>Couleur: Noir<\/li>\n<li>Mati\u00e8re: Acier<\/li>\n<li>Caract\u00e9ristiques:\n<ul>\n<li>Pliable<\/li>\n<li>R\u00e9sistant \u00e0 l&#8217;eau<\/li>\n<li>Lumi\u00e8res<\/li>\n<li>\u00c9cran integr\u00e9<\/li>\n<li>Feu arri\u00e8re<\/li>\n<li>Pied de biche<\/li>\n<\/ul>\n<\/li>\n<li>Connectivit\u00e9: Bluetooth<\/li>\n<li>Taille: 10&#8243;<\/li>\n<li>Moteur: Sans brosse<\/li>\n<li>roues: 2 roues<\/li>\n<li>Genre: Unisexe<\/li>\n<li>Tension: 100 &#8211; 240 V<\/li>\n<li>puissance: 400 W<\/li>\n<li>Autonomie approx.: 60 km<\/li>\n<\/ul>\n<p>Informations importantes: Si la marque n&#8217;a pas immatricul\u00e9 la trotinette, le propi\u00e9taire devra passer le ITV ou le T\u00dbV pour obtenir un &#8220;EBE&#8221; ou un permis de circulation individuel.<\/p>","protected":false},"excerpt":{"rendered":"<p>Si vous \u00eates \u00e0 la recherche de nouvelles tendances sur le march\u00e9, nous vous pr\u00e9sentons Trottinette \u00c9lectrique Xiaomi BHR9613ES ! Le Xiaomi Electric Scooter 5 Pro est une trottinette \u00e9lectrique con\u00e7ue pour offrir une exp\u00e9rience de mobilit\u00e9 urbaine efficace, confortable et s\u00fbre. Ce mod\u00e8le, dot\u00e9 d\u2019une \u00e9l\u00e9gante couleur noire, poss\u00e8de un ch\u00e2ssis en acier robuste [&hellip;]<\/p>\n","protected":false},"featured_media":64090,"comment_status":"open","ping_status":"closed","template":"","meta":[],"product_brand":[525],"product_cat":[609,65,1146],"product_tag":[163],"class_list":{"0":"post-64091","1":"product","2":"type-product","3":"status-publish","4":"has-post-thumbnail","6":"product_brand-brandp_1269","7":"product_cat-electronique-jouets-electroniques","8":"product_cat-informatique-electronique","9":"product_cat-trottinettes-electriques","10":"product_tag-tag_17","12":"first","13":"instock","14":"taxable","15":"shipping-taxable","16":"purchasable","17":"product-type-simple"},"_links":{"self":[{"href":"https:\/\/bigbuy.tupique.com\/en\/wp-json\/wp\/v2\/product\/64091","targetHints":{"allow":["GET"]}}],"collection":[{"href":"https:\/\/bigbuy.tupique.com\/en\/wp-json\/wp\/v2\/product"}],"about":[{"href":"https:\/\/bigbuy.tupique.com\/en\/wp-json\/wp\/v2\/types\/product"}],"replies":[{"embeddable":true,"href":"https:\/\/bigbuy.tupique.com\/en\/wp-json\/wp\/v2\/comments?post=64091"}],"wp:featuredmedia":[{"embeddable":true,"href":"https:\/\/bigbuy.tupique.com\/en\/wp-json\/wp\/v2\/media\/64090"}],"wp:attachment":[{"href":"https:\/\/bigbuy.tupique.com\/en\/wp-json\/wp\/v2\/media?parent=64091"}],"wp:term":[{"taxonomy":"product_brand","embeddable":true,"href":"https:\/\/bigbuy.tupique.com\/en\/wp-json\/wp\/v2\/product_brand?post=64091"},{"taxonomy":"product_cat","embeddable":true,"href":"https:\/\/bigbuy.tupique.com\/en\/wp-json\/wp\/v2\/product_cat?post=64091"},{"taxonomy":"product_tag","embeddable":true,"href":"https:\/\/bigbuy.tupique.com\/en\/wp-json\/wp\/v2\/product_tag?post=64091"}],"curies":[{"name":"wp","href":"https:\/\/api.w.org\/{rel}","templated":true}]}}