{"id":64051,"date":"2026-04-01T18:57:25","date_gmt":"2026-04-01T17:57:25","guid":{"rendered":"https:\/\/bigbuy.tupique.com\/produto\/smart-tv-tcl-85p7k-85-4k-ultra-hd-hdr-qled\/"},"modified":"2026-05-11T19:57:00","modified_gmt":"2026-05-11T17:57:00","slug":"smart-tv-tcl-85p7k-85-4k-ultra-hd-hdr-qled","status":"publish","type":"product","link":"https:\/\/bigbuy.tupique.com\/en\/produto\/smart-tv-tcl-85p7k-85-4k-ultra-hd-hdr-qled\/","title":{"rendered":"TV intelligente TCL 85P7K 85&#8243; 4K Ultra HD HDR QLED"},"content":{"rendered":"<p>Si vous \u00eates passionn\u00e9 d&#8217;<b>informatique et d&#8217;\u00e9lectronique<\/b>, si vous \u00eates \u00e0 la pointe de la technologie et qu&#8217;aucun d\u00e9tail ne vous \u00e9chappe, achetez <b>TV intelligente TCL 85P7K 85&#8243; 4K Ultra HD HDR QLED<\/b> au meilleur prix.<\/p>\n<ul>\n<li>Diagonale de l&#8217;\u00e9cran (cm): 215,9 cm<\/li>\n<li>R\u00e9solution (px): 3840 x 2160 px<\/li>\n<li>Caract\u00e9ristiques:\n<ul>\n<li>Navigation web<\/li>\n<li>R\u00e9duction du bruit<\/li>\n<li>Equalizer<\/li>\n<li>TV intelligente<\/li>\n<li>T\u00e9l\u00e9texte<\/li>\n<li>Guide \u00e9lectronique des programmes (EPG)<\/li>\n<li>Apple AirPlay 2<\/li>\n<li>2 Haut-parleurs<\/li>\n<li>Recherche de cha\u00eene automatique<\/li>\n<li>Fonction sous-titre<\/li>\n<li>Canal de retour audio (ARC)<\/li>\n<li>\u00c9cran plat<\/li>\n<\/ul>\n<\/li>\n<li>Connexions:\n<ul>\n<li>USB 2.0<\/li>\n<li>RJ45<\/li>\n<li>Ethernet LAN<\/li>\n<li>RF x 2<\/li>\n<li>USB 3.2<\/li>\n<li>HDCP<\/li>\n<li>CI+<\/li>\n<li>CI+ 1.4 x 1<\/li>\n<li>HDMI 2.1 x 1<\/li>\n<li>HDMI 1.4<\/li>\n<\/ul>\n<\/li>\n<li>Rapport d&#8217;aspect: 16:9<\/li>\n<li>Connectivit\u00e9:\n<ul>\n<li>Bluetooth<\/li>\n<li>Wi-Fi<\/li>\n<li>Interface commune<\/li>\n<li>eARC<\/li>\n<\/ul>\n<\/li>\n<li>Classification \u00e9nerg\u00e9tique: F<\/li>\n<li>Compatibilit\u00e9: Google Assistant<\/li>\n<li>Puissance RMS: 20W<\/li>\n<li>Cha\u00eenes: 2.1<\/li>\n<li>TV intelligente: Oui<\/li>\n<li>Couleur: M\u00e9tallis\u00e9<\/li>\n<li>Compatible:\n<ul>\n<li>Amazon Alexa<\/li>\n<li>VESA 600 x 400 mm<\/li>\n<\/ul>\n<\/li>\n<li>Inclut:\n<ul>\n<li>T\u00e9l\u00e9commande<\/li>\n<li>Subwoofer<\/li>\n<\/ul>\n<\/li>\n<li>Processeur: Quad Core<\/li>\n<li>R\u00e9cepteur:\n<ul>\n<li>DVB-C,DVB-S2,DVB-T2<\/li>\n<li>Analogique et num\u00e9rique<\/li>\n<\/ul>\n<\/li>\n<li>Fonctions: Contr\u00f4leur de volume<\/li>\n<li>Technologie:\n<ul>\n<li>HDR<\/li>\n<li>QLED<\/li>\n<\/ul>\n<\/li>\n<li>R\u00e9solution: 4K Ultra HD<\/li>\n<li>Arr\u00eat Automatique: Oui<\/li>\n<li>Ecran: 85&#8243;<\/li>\n<li>Montage: VESA<\/li>\n<li>Syst\u00e8me d&#8217;exploitation: Google TV<\/li>\n<li>Brille: 450 CD \/ M\u00b2<\/li>\n<\/ul>","protected":false},"excerpt":{"rendered":"<p>Si vous \u00eates passionn\u00e9 d&#8217;informatique et d&#8217;\u00e9lectronique, si vous \u00eates \u00e0 la pointe de la technologie et qu&#8217;aucun d\u00e9tail ne vous \u00e9chappe, achetez TV intelligente TCL 85P7K 85&#8243; 4K Ultra HD HDR QLED au meilleur prix. Diagonale de l&#8217;\u00e9cran (cm): 215,9 cm R\u00e9solution (px): 3840 x 2160 px Caract\u00e9ristiques: Navigation web R\u00e9duction du bruit Equalizer [&hellip;]<\/p>\n","protected":false},"featured_media":64046,"comment_status":"open","ping_status":"closed","template":"","meta":[],"product_brand":[1153],"product_cat":[589,65,957],"product_tag":[],"class_list":{"0":"post-64051","1":"product","2":"type-product","3":"status-publish","4":"has-post-thumbnail","6":"product_brand-brandp_3009","7":"product_cat-electronique-television","8":"product_cat-informatique-electronique","9":"product_cat-televisions-et-smart-tv","11":"first","12":"instock","13":"taxable","14":"shipping-taxable","15":"purchasable","16":"product-type-simple"},"_links":{"self":[{"href":"https:\/\/bigbuy.tupique.com\/en\/wp-json\/wp\/v2\/product\/64051","targetHints":{"allow":["GET"]}}],"collection":[{"href":"https:\/\/bigbuy.tupique.com\/en\/wp-json\/wp\/v2\/product"}],"about":[{"href":"https:\/\/bigbuy.tupique.com\/en\/wp-json\/wp\/v2\/types\/product"}],"replies":[{"embeddable":true,"href":"https:\/\/bigbuy.tupique.com\/en\/wp-json\/wp\/v2\/comments?post=64051"}],"wp:featuredmedia":[{"embeddable":true,"href":"https:\/\/bigbuy.tupique.com\/en\/wp-json\/wp\/v2\/media\/64046"}],"wp:attachment":[{"href":"https:\/\/bigbuy.tupique.com\/en\/wp-json\/wp\/v2\/media?parent=64051"}],"wp:term":[{"taxonomy":"product_brand","embeddable":true,"href":"https:\/\/bigbuy.tupique.com\/en\/wp-json\/wp\/v2\/product_brand?post=64051"},{"taxonomy":"product_cat","embeddable":true,"href":"https:\/\/bigbuy.tupique.com\/en\/wp-json\/wp\/v2\/product_cat?post=64051"},{"taxonomy":"product_tag","embeddable":true,"href":"https:\/\/bigbuy.tupique.com\/en\/wp-json\/wp\/v2\/product_tag?post=64051"}],"curies":[{"name":"wp","href":"https:\/\/api.w.org\/{rel}","templated":true}]}}