{"id":63927,"date":"2026-04-01T18:42:53","date_gmt":"2026-04-01T17:42:53","guid":{"rendered":"https:\/\/bigbuy.tupique.com\/produto\/electric-shaver-panasonic-es-pv3b\/"},"modified":"2026-04-15T03:32:15","modified_gmt":"2026-04-15T02:32:15","slug":"electric-shaver-panasonic-es-pv3b","status":"publish","type":"product","link":"https:\/\/bigbuy.tupique.com\/en\/produto\/electric-shaver-panasonic-es-pv3b\/","title":{"rendered":"Rasoir \u00e9lectrique Panasonic ES-PV3B"},"content":{"rendered":"<p>Si vous recherchez des \u00e9lectrom\u00e9nagers pour votre maison aux meilleurs prix, ne manquez pas <b>Rasoir \u00e9lectrique Panasonic ES-PV3B<\/b> et une large s\u00e9lection de petits \u00e9lectrom\u00e9nagers de qualit\u00e9 !<\/p>\n<p>Le <b>rasoir Panasonic mod\u00e8le ES-PV3B<\/b> est un appareil con\u00e7u pour offrir confort et efficacit\u00e9 dans le soin personnel masculin. Ce mod\u00e8le pr\u00e9sente un design sans fil et portable avec un <b>fonctionnement sans c\u00e2ble<\/b>, aliment\u00e9 par une <b>batterie rechargeable<\/b> offrant une <b>autonomie d\u2019environ 50 minutes<\/b>, permettant des rasages complets sans interruption et une plus grande libert\u00e9 de mouvement. Il est disponible dans une \u00e9l\u00e9gante combinaison de <b>couleurs noir et gris<\/b>, apportant un aspect moderne et sobre. Sa structure est enti\u00e8rement <b>lavable<\/b>, facilitant le nettoyage et l\u2019entretien pour garantir une hygi\u00e8ne optimale et prolonger la dur\u00e9e de vie de l\u2019appareil. Ce rasoir est id\u00e9al pour ceux qui recherchent un \u00e9quipement fonctionnel, pratique et efficace, combinant technologie portable avec facilit\u00e9 d\u2019usage et d\u2019entretien. En r\u00e9sum\u00e9, le Panasonic ES-PV3B repr\u00e9sente une solution fiable pour un rasage confortable, pr\u00e9cis et sans complication.<\/p>\n<ul>\n<li>Produit \u00e0 brancher: Oui<\/li>\n<li>Type de prise: Prise EU<\/li>\n<li>Couleur:\n<ul>\n<li>Gris<\/li>\n<li>Noir<\/li>\n<li>Noir mat<\/li>\n<\/ul>\n<\/li>\n<li>Bloc d\u2019Alimentation:\n<ul>\n<li>r\u00e9seau \u00e9lectrique<\/li>\n<li>Batterie<\/li>\n<\/ul>\n<\/li>\n<li>Rechargeable: Oui<\/li>\n<li>Mati\u00e8re: Acier inoxydable<\/li>\n<li>Caract\u00e9ristiques:\n<ul>\n<li>Imperm\u00e9able<\/li>\n<li>Lavable<\/li>\n<li>Sans fils<\/li>\n<\/ul>\n<\/li>\n<li>Connexions: USB<\/li>\n<li>Type de batterie:\n<ul>\n<li>Int\u00e9gr\u00e9e<\/li>\n<li>Rechargeable<\/li>\n<li>Litio Ion<\/li>\n<\/ul>\n<\/li>\n<li>Temps de charge approx.: 2 heures<\/li>\n<li>\u00c9cran integr\u00e9: Non<\/li>\n<li>Autonomie approx.: 50 minutes<\/li>\n<\/ul>","protected":false},"excerpt":{"rendered":"<p>Si vous recherchez des \u00e9lectrom\u00e9nagers pour votre maison aux meilleurs prix, ne manquez pas Rasoir \u00e9lectrique Panasonic ES-PV3B et une large s\u00e9lection de petits \u00e9lectrom\u00e9nagers de qualit\u00e9 ! Le rasoir Panasonic mod\u00e8le ES-PV3B est un appareil con\u00e7u pour offrir confort et efficacit\u00e9 dans le soin personnel masculin. Ce mod\u00e8le pr\u00e9sente un design sans fil et [&hellip;]<\/p>\n","protected":false},"featured_media":63926,"comment_status":"open","ping_status":"closed","template":"","meta":[],"product_brand":[1226],"product_cat":[753,752,1377],"product_tag":[722,56],"class_list":{"0":"post-63927","1":"product","2":"type-product","3":"status-publish","4":"has-post-thumbnail","6":"product_brand-brandp_944","7":"product_cat-coiffure","8":"product_cat-sante-beaute","9":"product_cat-tondeuses-pour-cheveux","10":"product_tag-tag_923","11":"product_tag-tag_930","13":"first","14":"instock","15":"taxable","16":"shipping-taxable","17":"purchasable","18":"product-type-simple"},"_links":{"self":[{"href":"https:\/\/bigbuy.tupique.com\/en\/wp-json\/wp\/v2\/product\/63927","targetHints":{"allow":["GET"]}}],"collection":[{"href":"https:\/\/bigbuy.tupique.com\/en\/wp-json\/wp\/v2\/product"}],"about":[{"href":"https:\/\/bigbuy.tupique.com\/en\/wp-json\/wp\/v2\/types\/product"}],"replies":[{"embeddable":true,"href":"https:\/\/bigbuy.tupique.com\/en\/wp-json\/wp\/v2\/comments?post=63927"}],"wp:featuredmedia":[{"embeddable":true,"href":"https:\/\/bigbuy.tupique.com\/en\/wp-json\/wp\/v2\/media\/63926"}],"wp:attachment":[{"href":"https:\/\/bigbuy.tupique.com\/en\/wp-json\/wp\/v2\/media?parent=63927"}],"wp:term":[{"taxonomy":"product_brand","embeddable":true,"href":"https:\/\/bigbuy.tupique.com\/en\/wp-json\/wp\/v2\/product_brand?post=63927"},{"taxonomy":"product_cat","embeddable":true,"href":"https:\/\/bigbuy.tupique.com\/en\/wp-json\/wp\/v2\/product_cat?post=63927"},{"taxonomy":"product_tag","embeddable":true,"href":"https:\/\/bigbuy.tupique.com\/en\/wp-json\/wp\/v2\/product_tag?post=63927"}],"curies":[{"name":"wp","href":"https:\/\/api.w.org\/{rel}","templated":true}]}}