{"id":63923,"date":"2026-04-01T18:42:48","date_gmt":"2026-04-01T17:42:48","guid":{"rendered":"https:\/\/bigbuy.tupique.com\/produto\/american-fridge-lg-gsxe81pybd-steel\/"},"modified":"2026-04-15T02:58:41","modified_gmt":"2026-04-15T01:58:41","slug":"american-fridge-lg-gsxe81pybd-steel","status":"publish","type":"product","link":"https:\/\/bigbuy.tupique.com\/en\/produto\/american-fridge-lg-gsxe81pybd-steel\/","title":{"rendered":"R\u00e9frig\u00e9rateur am\u00e9ricain LG GSXE81PYBD Acier"},"content":{"rendered":"<p>Si vous \u00eates passionn\u00e9 d&#8217;<b>informatique et d&#8217;\u00e9lectronique<\/b>, si vous \u00eates \u00e0 la pointe de la technologie et qu&#8217;aucun d\u00e9tail ne vous \u00e9chappe, achetez <b>R\u00e9frig\u00e9rateur am\u00e9ricain LG GSXE81PYBD Acier<\/b> au meilleur prix.<\/p>\n<ul>\n<li>Produit \u00e0 brancher: Oui<\/li>\n<li>Type de prise: Prise EU<\/li>\n<li>Bloc d\u2019Alimentation: r\u00e9seau \u00e9lectrique<\/li>\n<li>Couleur: Acier<\/li>\n<li>Capacit\u00e9 du r\u00e9frig\u00e9rateur: 407 L<\/li>\n<li>Niveau sonore: 35 dB<\/li>\n<li>Portes: 2<\/li>\n<li>Capacit\u00e9 du cong\u00e9lateur: 192 L<\/li>\n<li>\u00c9lev\u00e9: 179 cm<\/li>\n<li>Classification \u00e9nerg\u00e9tique: D<\/li>\n<li>Connectivit\u00e9: Wi-Fi<\/li>\n<li>Largeur: 91,3 cm<\/li>\n<li>Dimensions approx.: 179 x 91 cm<\/li>\n<li>Capacit\u00e9: 628 L<\/li>\n<\/ul>","protected":false},"excerpt":{"rendered":"<p><span class=\"unit-info\">3.9315 &euro; \/ 1 l<\/span><\/p>","protected":false},"featured_media":63921,"comment_status":"open","ping_status":"closed","template":"","meta":[],"product_brand":[662],"product_cat":[60,77,226],"product_tag":[56],"class_list":{"0":"post-63923","1":"product","2":"type-product","3":"status-publish","4":"has-post-thumbnail","6":"product_brand-brandp_559","7":"product_cat-cuisine-gourmet","8":"product_cat-petit-electromenager","9":"product_cat-refrigerateurs-et-congelateurs","10":"product_tag-tag_930","12":"first","13":"instock","14":"taxable","15":"shipping-taxable","16":"purchasable","17":"product-type-simple"},"_links":{"self":[{"href":"https:\/\/bigbuy.tupique.com\/en\/wp-json\/wp\/v2\/product\/63923","targetHints":{"allow":["GET"]}}],"collection":[{"href":"https:\/\/bigbuy.tupique.com\/en\/wp-json\/wp\/v2\/product"}],"about":[{"href":"https:\/\/bigbuy.tupique.com\/en\/wp-json\/wp\/v2\/types\/product"}],"replies":[{"embeddable":true,"href":"https:\/\/bigbuy.tupique.com\/en\/wp-json\/wp\/v2\/comments?post=63923"}],"wp:featuredmedia":[{"embeddable":true,"href":"https:\/\/bigbuy.tupique.com\/en\/wp-json\/wp\/v2\/media\/63921"}],"wp:attachment":[{"href":"https:\/\/bigbuy.tupique.com\/en\/wp-json\/wp\/v2\/media?parent=63923"}],"wp:term":[{"taxonomy":"product_brand","embeddable":true,"href":"https:\/\/bigbuy.tupique.com\/en\/wp-json\/wp\/v2\/product_brand?post=63923"},{"taxonomy":"product_cat","embeddable":true,"href":"https:\/\/bigbuy.tupique.com\/en\/wp-json\/wp\/v2\/product_cat?post=63923"},{"taxonomy":"product_tag","embeddable":true,"href":"https:\/\/bigbuy.tupique.com\/en\/wp-json\/wp\/v2\/product_tag?post=63923"}],"curies":[{"name":"wp","href":"https:\/\/api.w.org\/{rel}","templated":true}]}}