{"id":63914,"date":"2026-04-01T18:42:39","date_gmt":"2026-04-01T17:42:39","guid":{"rendered":"https:\/\/bigbuy.tupique.com\/produto\/gas-cooker-beko-2\/"},"modified":"2026-04-15T15:42:14","modified_gmt":"2026-04-15T14:42:14","slug":"gas-cooker-beko-2","status":"publish","type":"product","link":"https:\/\/bigbuy.tupique.com\/en\/produto\/gas-cooker-beko-2\/","title":{"rendered":"Cuisini\u00e8re \u00e0 Gaz BEKO"},"content":{"rendered":"<p>Si vous \u00eates \u00e0 la recherche de nouvelles tendances sur le march\u00e9, nous vous pr\u00e9sentons <b>Cuisini\u00e8re \u00e0 Gaz BEKO<\/b> !<\/p>\n<p>La cuisini\u00e8re \u00e0 gaz BEKO FBG62000WL est une solution id\u00e9ale pour ceux qui recherchent efficacit\u00e9 et design fonctionnel dans leur maison. Avec des dimensions de 85x60x60 cm, ce mod\u00e8le blanc se distingue par sa polyvalence et sa structure robuste. \u00c9quip\u00e9e de quatre br\u00fbleurs, elle permet la pr\u00e9paration de plusieurs plats en m\u00eame temps, rendant la cuisine plus rapide et pratique. La cuisson au gaz garantit un contr\u00f4le pr\u00e9cis de la temp\u00e9rature, offrant des r\u00e9sultats constants dans chaque recette. De plus, son design blanc apporte non seulement de la fra\u00eecheur \u00e0 la cuisine, mais s&#8217;int\u00e8gre \u00e9galement facilement dans tout style d\u00e9coratif.<\/p>\n<p>Points forts de la cuisini\u00e8re \u00e0 gaz BEKO FBG62000WL :<\/p>\n<p>&#8211; Type : cuisini\u00e8re \u00e0 gaz, id\u00e9ale pour les chefs amateurs et professionnels<\/p>\n<p>&#8211; Dimensions compactes de 85x60x60 cm pour un ajustement parfait dans les espaces r\u00e9duits<\/p>\n<p>&#8211; Quatre br\u00fbleurs permettant de cuisiner plusieurs recettes simultan\u00e9ment<\/p>\n<p>&#8211; Fini en blanc, ajoutant une touche moderne et \u00e9l\u00e9gante<\/p>\n<p>&#8211; Design fonctionnel facilitant l&#8217;utilisation quotidienne et l&#8217;entretien<\/p>\n<p>Cette cuisini\u00e8re est un excellent choix pour ceux qui appr\u00e9cient la qualit\u00e9 et la fonctionnalit\u00e9 dans leurs appareils \u00e9lectrom\u00e9nagers.<\/p>\n<ul>\n<li>Type: Cuisini\u00e8re \u00e0 Gaz<\/li>\n<li>Informations importantes: En ce qui concerne le raccordement au gaz, il convient de respecter les r\u00e9glementations nationales en vigueur.<\/li>\n<li>Dimensions approx.: 85 x 60 cm<\/li>\n<\/ul>\n<p>Informations importantes: En ce qui concerne le raccordement au gaz, il convient de respecter les r\u00e9glementations nationales en vigueur..<\/p>","protected":false},"excerpt":{"rendered":"<p>Si vous \u00eates \u00e0 la recherche de nouvelles tendances sur le march\u00e9, nous vous pr\u00e9sentons Cuisini\u00e8re \u00e0 Gaz BEKO ! La cuisini\u00e8re \u00e0 gaz BEKO FBG62000WL est une solution id\u00e9ale pour ceux qui recherchent efficacit\u00e9 et design fonctionnel dans leur maison. Avec des dimensions de 85x60x60 cm, ce mod\u00e8le blanc se distingue par sa polyvalence [&hellip;]<\/p>\n","protected":false},"featured_media":63911,"comment_status":"open","ping_status":"closed","template":"","meta":[],"product_brand":[825],"product_cat":[60,747,77],"product_tag":[55],"class_list":{"0":"post-63914","1":"product","2":"type-product","3":"status-publish","4":"has-post-thumbnail","6":"product_brand-brandp_1255","7":"product_cat-cuisine-gourmet","8":"product_cat-fours","9":"product_cat-petit-electromenager","10":"product_tag-tag_926","12":"first","13":"instock","14":"taxable","15":"shipping-taxable","16":"purchasable","17":"product-type-simple"},"_links":{"self":[{"href":"https:\/\/bigbuy.tupique.com\/en\/wp-json\/wp\/v2\/product\/63914","targetHints":{"allow":["GET"]}}],"collection":[{"href":"https:\/\/bigbuy.tupique.com\/en\/wp-json\/wp\/v2\/product"}],"about":[{"href":"https:\/\/bigbuy.tupique.com\/en\/wp-json\/wp\/v2\/types\/product"}],"replies":[{"embeddable":true,"href":"https:\/\/bigbuy.tupique.com\/en\/wp-json\/wp\/v2\/comments?post=63914"}],"wp:featuredmedia":[{"embeddable":true,"href":"https:\/\/bigbuy.tupique.com\/en\/wp-json\/wp\/v2\/media\/63911"}],"wp:attachment":[{"href":"https:\/\/bigbuy.tupique.com\/en\/wp-json\/wp\/v2\/media?parent=63914"}],"wp:term":[{"taxonomy":"product_brand","embeddable":true,"href":"https:\/\/bigbuy.tupique.com\/en\/wp-json\/wp\/v2\/product_brand?post=63914"},{"taxonomy":"product_cat","embeddable":true,"href":"https:\/\/bigbuy.tupique.com\/en\/wp-json\/wp\/v2\/product_cat?post=63914"},{"taxonomy":"product_tag","embeddable":true,"href":"https:\/\/bigbuy.tupique.com\/en\/wp-json\/wp\/v2\/product_tag?post=63914"}],"curies":[{"name":"wp","href":"https:\/\/api.w.org\/{rel}","templated":true}]}}