{"id":63870,"date":"2026-04-01T18:41:46","date_gmt":"2026-04-01T17:41:46","guid":{"rendered":"https:\/\/bigbuy.tupique.com\/produto\/washer-dryer-beko-b5dbt48437wb-1400-rpm-5-kg-8-kg\/"},"modified":"2026-04-16T20:42:11","modified_gmt":"2026-04-16T19:42:11","slug":"washer-dryer-beko-b5dbt48437wb-1400-rpm-5-kg-8-kg","status":"publish","type":"product","link":"https:\/\/bigbuy.tupique.com\/en\/produto\/washer-dryer-beko-b5dbt48437wb-1400-rpm-5-kg-8-kg\/","title":{"rendered":"Laveuse &#8211; S\u00e9cheuse BEKO B5DBT48437WB 1400 rpm 5 kg 8 kg"},"content":{"rendered":"<p>Si vous \u00eates \u00e0 la recherche de nouvelles tendances sur le march\u00e9, nous vous pr\u00e9sentons <b>Laveuse &#8211; S\u00e9cheuse BEKO B5DBT48437WB 1400 rpm 5 kg 8 kg<\/b> !<\/p>\n<p>La <b>lave-linge s\u00e9chant BEKO B5DBT48437WB<\/b> en <b>blanc<\/b> est une solution efficace et polyvalente pour l\u2019entretien du linge dans les foyers souhaitant optimiser l\u2019espace sans renoncer \u00e0 des fonctionnalit\u00e9s avanc\u00e9es. Cet <b>appareil \u00e9lectrom\u00e9nager sous plan<\/b> associe une <b>capacit\u00e9 de lavage de 8 kg<\/b> \u00e0 une <b>capacit\u00e9 de s\u00e9chage de 5 kg<\/b>, permettant de traiter de grandes charges, id\u00e9al pour les familles ou ceux qui ont besoin de laver et s\u00e9cher plus de linge en moins de cycles. La <b>vitesse d\u2019essorage jusqu\u2019\u00e0 1400 tr\/min<\/b> assure une extraction efficace de l\u2019eau, r\u00e9duisant le temps de s\u00e9chage et am\u00e9liorant l\u2019efficacit\u00e9 globale du processus. \u00c9quip\u00e9 d\u2019un <b>moteur inverter<\/b>, il offre un fonctionnement plus silencieux, une durabilit\u00e9 accrue et une consommation d\u2019\u00e9nergie optimis\u00e9e. Il propose <b>15 programmes de lavage<\/b> pour s\u2019adapter \u00e0 diff\u00e9rents types de textiles et besoins quotidiens, des tissus d\u00e9licats aux v\u00eatements de tous les jours, garantissant toujours des r\u00e9sultats optimaux. La <b>classe \u00e9nerg\u00e9tique A<\/b> en cycle de lavage se distingue par sa faible consommation et sa contribution aux \u00e9conomies d\u2019\u00e9nergie, tandis que sa <b>classe D en lavage et s\u00e9chage combin\u00e9s<\/b> refl\u00e8te l\u2019efficacit\u00e9 sur les cycles complets pour ceux qui souhaitent s\u00e9cher leur linge de fa\u00e7on int\u00e9gr\u00e9e. Il comprend des fonctions de <b>verrouillage enfant<\/b> et un <b>\u00e9cran int\u00e9gr\u00e9<\/b> pour une utilisation s\u00fbre et simple, ainsi qu\u2019un design de 60 cm facilitant l\u2019int\u00e9gration dans les cuisines ou buanderies standards. Ce mod\u00e8le BEKO est une option pratique pour ceux qui privil\u00e9gient la fonctionnalit\u00e9, la s\u00e9curit\u00e9 et la durabilit\u00e9 dans la gestion quotidienne du linge.<\/p>\n<ul>\n<li>Type d&#8217;installation: Sous le plan de travail<\/li>\n<li>Produit \u00e0 brancher: Oui<\/li>\n<li>Type de prise: Prise EU<\/li>\n<li>Bloc d\u2019Alimentation: r\u00e9seau \u00e9lectrique<\/li>\n<li>Classification \u00e9nerg\u00e9tique:\n<ul>\n<li>A<\/li>\n<li>D<\/li>\n<\/ul>\n<\/li>\n<li>vitesse: 1400 rpm<\/li>\n<li>Capacit\u00e9:\n<ul>\n<li>5 kg<\/li>\n<li>8 kg<\/li>\n<\/ul>\n<\/li>\n<li>Couleur: Blanc<\/li>\n<li>Largeur: 60 cm<\/li>\n<li>Caract\u00e9ristiques:\n<ul>\n<li>Verrouillage pour enfants<\/li>\n<li>\u00c9cran integr\u00e9<\/li>\n<\/ul>\n<\/li>\n<li>Type de charge: Frontal<\/li>\n<li>Fr\u00e9quence: 50 Hz<\/li>\n<li>Auto-nettoyant: Oui<\/li>\n<li>Poids Max. support\u00e9: 5 kg<\/li>\n<li>\u00c9lev\u00e9: 82 cm<\/li>\n<li>Pieds: Ajustables<\/li>\n<li>Tension d&#8217;entr\u00e9e AC: 230 V<\/li>\n<\/ul>","protected":false},"excerpt":{"rendered":"<p><span class=\"unit-info\">103.2488 &euro; \/ 1 kg<\/span><\/p>","protected":false},"featured_media":183577,"comment_status":"open","ping_status":"closed","template":"","meta":[],"product_brand":[825],"product_cat":[239,240,751],"product_tag":[],"class_list":{"0":"post-63870","1":"product","2":"type-product","3":"status-publish","4":"has-post-thumbnail","6":"product_brand-brandp_1255","7":"product_cat-maison-jardin","8":"product_cat-nettoyage-aspirateur-et-repassage","9":"product_cat-seche-linge-fers-a-repasser-sechoirs","11":"first","12":"instock","13":"taxable","14":"shipping-taxable","15":"purchasable","16":"product-type-simple"},"_links":{"self":[{"href":"https:\/\/bigbuy.tupique.com\/en\/wp-json\/wp\/v2\/product\/63870","targetHints":{"allow":["GET"]}}],"collection":[{"href":"https:\/\/bigbuy.tupique.com\/en\/wp-json\/wp\/v2\/product"}],"about":[{"href":"https:\/\/bigbuy.tupique.com\/en\/wp-json\/wp\/v2\/types\/product"}],"replies":[{"embeddable":true,"href":"https:\/\/bigbuy.tupique.com\/en\/wp-json\/wp\/v2\/comments?post=63870"}],"wp:featuredmedia":[{"embeddable":true,"href":"https:\/\/bigbuy.tupique.com\/en\/wp-json\/wp\/v2\/media\/183577"}],"wp:attachment":[{"href":"https:\/\/bigbuy.tupique.com\/en\/wp-json\/wp\/v2\/media?parent=63870"}],"wp:term":[{"taxonomy":"product_brand","embeddable":true,"href":"https:\/\/bigbuy.tupique.com\/en\/wp-json\/wp\/v2\/product_brand?post=63870"},{"taxonomy":"product_cat","embeddable":true,"href":"https:\/\/bigbuy.tupique.com\/en\/wp-json\/wp\/v2\/product_cat?post=63870"},{"taxonomy":"product_tag","embeddable":true,"href":"https:\/\/bigbuy.tupique.com\/en\/wp-json\/wp\/v2\/product_tag?post=63870"}],"curies":[{"name":"wp","href":"https:\/\/api.w.org\/{rel}","templated":true}]}}