{"id":63867,"date":"2026-04-01T18:41:43","date_gmt":"2026-04-01T17:41:43","guid":{"rendered":"https:\/\/bigbuy.tupique.com\/produto\/oven-whirlpool-corporation-2900-w-71-l\/"},"modified":"2026-05-11T19:57:12","modified_gmt":"2026-05-11T17:57:12","slug":"oven-whirlpool-corporation-2900-w-71-l","status":"publish","type":"product","link":"https:\/\/bigbuy.tupique.com\/en\/produto\/oven-whirlpool-corporation-2900-w-71-l\/","title":{"rendered":"Four Whirlpool Corporation 2900 W 71 L"},"content":{"rendered":"<p>Si vous \u00eates \u00e0 la recherche de nouvelles tendances sur le march\u00e9, nous vous pr\u00e9sentons <b>Four Whirlpool Corporation 2900 W 71 L<\/b> !<\/p>\n<ul>\n<li>Type de prise: Prise EU<\/li>\n<li>Type de four:\n<ul>\n<li>Four<\/li>\n<li>Four multifonction<\/li>\n<\/ul>\n<\/li>\n<li>Produit \u00e0 brancher: Oui<\/li>\n<li>Type:\n<ul>\n<li>Multifonction<\/li>\n<li>Four \u00e0 convection<\/li>\n<li>Four multifonction<\/li>\n<li>Int\u00e9gr\u00e9<\/li>\n<\/ul>\n<\/li>\n<li>Type d&#8217;installation: Int\u00e9grable<\/li>\n<li>Classification \u00e9nerg\u00e9tique:\n<ul>\n<li>A+<\/li>\n<li>A+++<\/li>\n<\/ul>\n<\/li>\n<li>Programmes: 8<\/li>\n<li>Poids approx.: 7,6 Kg<\/li>\n<li>Dimensions approx.: 59,5 x 59,5 x 55,9 cm<\/li>\n<li>Fonctions: Grill<\/li>\n<li>Type d&#8217;\u00e9cran: LED<\/li>\n<li>Caract\u00e9ristiques:\n<ul>\n<li>Rabatable<\/li>\n<li>\u00c9cran integr\u00e9<\/li>\n<\/ul>\n<\/li>\n<li>puissance: 2900 W<\/li>\n<li>\u00c9lev\u00e9: 59,5 cm<\/li>\n<li>Bloc d\u2019Alimentation: r\u00e9seau \u00e9lectrique<\/li>\n<li>Type de commande: Plaque Tournante<\/li>\n<li>Capacit\u00e9: 71 L<\/li>\n<li>Taille: Standard<\/li>\n<li>Technologie: LED<\/li>\n<li>Longueur du c\u00e2ble: 1 m<\/li>\n<li>Couleur: Acier<\/li>\n<li>Lampe: 1<\/li>\n<li>Largeur: 59,5 cm<\/li>\n<\/ul>","protected":false},"excerpt":{"rendered":"<p><span class=\"unit-info\">6.7323 &euro; \/ 1 l<\/span><\/p>","protected":false},"featured_media":63839,"comment_status":"open","ping_status":"closed","template":"","meta":[],"product_brand":[814],"product_cat":[60,747,77],"product_tag":[55],"class_list":{"0":"post-63867","1":"product","2":"type-product","3":"status-publish","4":"has-post-thumbnail","6":"product_brand-brandp_921","7":"product_cat-cuisine-gourmet","8":"product_cat-fours","9":"product_cat-petit-electromenager","10":"product_tag-tag_926","12":"first","13":"instock","14":"taxable","15":"shipping-taxable","16":"purchasable","17":"product-type-simple"},"_links":{"self":[{"href":"https:\/\/bigbuy.tupique.com\/en\/wp-json\/wp\/v2\/product\/63867","targetHints":{"allow":["GET"]}}],"collection":[{"href":"https:\/\/bigbuy.tupique.com\/en\/wp-json\/wp\/v2\/product"}],"about":[{"href":"https:\/\/bigbuy.tupique.com\/en\/wp-json\/wp\/v2\/types\/product"}],"replies":[{"embeddable":true,"href":"https:\/\/bigbuy.tupique.com\/en\/wp-json\/wp\/v2\/comments?post=63867"}],"wp:featuredmedia":[{"embeddable":true,"href":"https:\/\/bigbuy.tupique.com\/en\/wp-json\/wp\/v2\/media\/63839"}],"wp:attachment":[{"href":"https:\/\/bigbuy.tupique.com\/en\/wp-json\/wp\/v2\/media?parent=63867"}],"wp:term":[{"taxonomy":"product_brand","embeddable":true,"href":"https:\/\/bigbuy.tupique.com\/en\/wp-json\/wp\/v2\/product_brand?post=63867"},{"taxonomy":"product_cat","embeddable":true,"href":"https:\/\/bigbuy.tupique.com\/en\/wp-json\/wp\/v2\/product_cat?post=63867"},{"taxonomy":"product_tag","embeddable":true,"href":"https:\/\/bigbuy.tupique.com\/en\/wp-json\/wp\/v2\/product_tag?post=63867"}],"curies":[{"name":"wp","href":"https:\/\/api.w.org\/{rel}","templated":true}]}}