{"id":63819,"date":"2026-04-01T18:40:29","date_gmt":"2026-04-01T17:40:29","guid":{"rendered":"https:\/\/bigbuy.tupique.com\/produto\/oven-balay-3hd5829n3-71-l\/"},"modified":"2026-04-15T07:01:23","modified_gmt":"2026-04-15T06:01:23","slug":"oven-balay-3hd5829n3-71-l","status":"publish","type":"product","link":"https:\/\/bigbuy.tupique.com\/en\/produto\/oven-balay-3hd5829n3-71-l\/","title":{"rendered":"Four Balay 3HD5829N3 71 L"},"content":{"rendered":"<p>Si vous \u00eates \u00e0 la recherche de nouvelles tendances sur le march\u00e9, nous vous pr\u00e9sentons <b>Four Balay 3HD5829N3 71 L<\/b> !<\/p>\n<ul>\n<li>Type de four: Four<\/li>\n<li>Produit \u00e0 brancher: Oui<\/li>\n<li>Type de prise: Prise EU<\/li>\n<li>Classification \u00e9nerg\u00e9tique: A+<\/li>\n<li>Capacit\u00e9: 71 L<\/li>\n<li>Couleur: Noir<\/li>\n<li>Caract\u00e9ristiques:\n<ul>\n<li>Ecran tactile<\/li>\n<li>Lumi\u00e8re int\u00e9rieure<\/li>\n<li>Multifonction<\/li>\n<li>Tactile<\/li>\n<\/ul>\n<\/li>\n<li>Fonctions:\n<ul>\n<li>Montre<\/li>\n<li>Minuterie<\/li>\n<li>Cuisiner \u00e0 la vapeur<\/li>\n<li>Grill<\/li>\n<li>Auto-nettoyant<\/li>\n<li>Cuisson vapeur<\/li>\n<li>Arr\u00eat Automatique<\/li>\n<li>Micro-ondes<\/li>\n<li>Fonction de r\u00e9chauffage<\/li>\n<li>Four multifonction<\/li>\n<li>Programmer le temps de cuisson<\/li>\n<li>Programmes automatiques<\/li>\n<li>Chauffage rapide<\/li>\n<\/ul>\n<\/li>\n<li>Bloc d\u2019Alimentation: r\u00e9seau \u00e9lectrique<\/li>\n<li>Grill: Oui<\/li>\n<li>Technologie: Multifonction<\/li>\n<li>Temp\u00e9rature max.: 300 \u00baC<\/li>\n<li>\u00c9lev\u00e9: 59,5 cm<\/li>\n<li>Connectivit\u00e9: No<\/li>\n<li>Nettoyage: Vapor Clean<\/li>\n<li>Type d&#8217;installation: Int\u00e9gr\u00e9<\/li>\n<\/ul>","protected":false},"excerpt":{"rendered":"<p><span class=\"unit-info\">13.5492 &euro; \/ 1 l<\/span><\/p>","protected":false},"featured_media":63815,"comment_status":"open","ping_status":"closed","template":"","meta":[],"product_brand":[114],"product_cat":[60,747,77],"product_tag":[55],"class_list":{"0":"post-63819","1":"product","2":"type-product","3":"status-publish","4":"has-post-thumbnail","6":"product_brand-brandp_1251","7":"product_cat-cuisine-gourmet","8":"product_cat-fours","9":"product_cat-petit-electromenager","10":"product_tag-tag_926","12":"first","13":"instock","14":"taxable","15":"shipping-taxable","16":"purchasable","17":"product-type-simple"},"_links":{"self":[{"href":"https:\/\/bigbuy.tupique.com\/en\/wp-json\/wp\/v2\/product\/63819","targetHints":{"allow":["GET"]}}],"collection":[{"href":"https:\/\/bigbuy.tupique.com\/en\/wp-json\/wp\/v2\/product"}],"about":[{"href":"https:\/\/bigbuy.tupique.com\/en\/wp-json\/wp\/v2\/types\/product"}],"replies":[{"embeddable":true,"href":"https:\/\/bigbuy.tupique.com\/en\/wp-json\/wp\/v2\/comments?post=63819"}],"wp:featuredmedia":[{"embeddable":true,"href":"https:\/\/bigbuy.tupique.com\/en\/wp-json\/wp\/v2\/media\/63815"}],"wp:attachment":[{"href":"https:\/\/bigbuy.tupique.com\/en\/wp-json\/wp\/v2\/media?parent=63819"}],"wp:term":[{"taxonomy":"product_brand","embeddable":true,"href":"https:\/\/bigbuy.tupique.com\/en\/wp-json\/wp\/v2\/product_brand?post=63819"},{"taxonomy":"product_cat","embeddable":true,"href":"https:\/\/bigbuy.tupique.com\/en\/wp-json\/wp\/v2\/product_cat?post=63819"},{"taxonomy":"product_tag","embeddable":true,"href":"https:\/\/bigbuy.tupique.com\/en\/wp-json\/wp\/v2\/product_tag?post=63819"}],"curies":[{"name":"wp","href":"https:\/\/api.w.org\/{rel}","templated":true}]}}