{"id":63782,"date":"2026-04-01T18:38:58","date_gmt":"2026-04-01T17:38:58","guid":{"rendered":"https:\/\/bigbuy.tupique.com\/produto\/induction-hob-with-integrated-extractor-mepamsa-value-r-700-7200-w\/"},"modified":"2026-04-15T06:27:24","modified_gmt":"2026-04-15T05:27:24","slug":"induction-hob-with-integrated-extractor-mepamsa-value-r-700-7200-w","status":"publish","type":"product","link":"https:\/\/bigbuy.tupique.com\/en\/produto\/induction-hob-with-integrated-extractor-mepamsa-value-r-700-7200-w\/","title":{"rendered":"Plaque \u00e0 induction avec extracteur int\u00e9gr\u00e9 Mepamsa VALUE R 700 7200 W"},"content":{"rendered":"<p>Si vous pensez r\u00e9nover votre cuisine, achetez <b>Plaque \u00e0 induction avec extracteur int\u00e9gr\u00e9 Mepamsa VALUE R 700 7200 W<\/b> et d\u00b4autres <b>produits Mepamsa<\/b> !<\/p>\n<ul>\n<li>Type:\n<ul>\n<li>Cuisini\u00e8re \u00e0 Gaz<\/li>\n<li>Plaque \u00e0 induction avec extracteur int\u00e9gr\u00e9<\/li>\n<\/ul>\n<\/li>\n<li>Produit \u00e0 brancher: Oui<\/li>\n<li>Bloc d\u2019Alimentation:\n<ul>\n<li>r\u00e9seau \u00e9lectrique<\/li>\n<li>\u00c9lectrique<\/li>\n<\/ul>\n<\/li>\n<li>Couleur: Noir<\/li>\n<li>Type d&#8217;installation: Int\u00e9grable<\/li>\n<li>Niveaux de puissance: 9<\/li>\n<li>Mati\u00e8re: Vitroc\u00e9ramique<\/li>\n<li>Zones de cuisson: 4<\/li>\n<li>puissance: 7200 W<\/li>\n<li>Contr\u00f4le: Touch Control<\/li>\n<li>Inclut:\n<ul>\n<li>Plaque<\/li>\n<li>Extracteur<\/li>\n<\/ul>\n<\/li>\n<li>Connectivit\u00e9: No<\/li>\n<li>Fonctions:\n<ul>\n<li>Contr\u00f4le de la temp\u00e9rature<\/li>\n<li>Commande tactile<\/li>\n<\/ul>\n<\/li>\n<\/ul>\n<p>Informations importantes: En ce qui concerne le raccordement au gaz, il convient de respecter les r\u00e9glementations nationales en vigueur..<\/p>","protected":false},"excerpt":{"rendered":"<p>Si vous pensez r\u00e9nover votre cuisine, achetez Plaque \u00e0 induction avec extracteur int\u00e9gr\u00e9 Mepamsa VALUE R 700 7200 W et d\u00b4autres produits Mepamsa ! Type: Cuisini\u00e8re \u00e0 Gaz Plaque \u00e0 induction avec extracteur int\u00e9gr\u00e9 Produit \u00e0 brancher: Oui Bloc d\u2019Alimentation: r\u00e9seau \u00e9lectrique \u00c9lectrique Couleur: Noir Type d&#8217;installation: Int\u00e9grable Niveaux de puissance: 9 Mati\u00e8re: Vitroc\u00e9ramique Zones [&hellip;]<\/p>\n","protected":false},"featured_media":63781,"comment_status":"open","ping_status":"closed","template":"","meta":[],"product_brand":[1540],"product_cat":[60,77,78],"product_tag":[55,56],"class_list":{"0":"post-63782","1":"product","2":"type-product","3":"status-publish","4":"has-post-thumbnail","6":"product_brand-brandp_1292","7":"product_cat-cuisine-gourmet","8":"product_cat-petit-electromenager","9":"product_cat-plaques-de-cuisson","10":"product_tag-tag_926","11":"product_tag-tag_930","13":"first","14":"instock","15":"taxable","16":"shipping-taxable","17":"purchasable","18":"product-type-simple"},"_links":{"self":[{"href":"https:\/\/bigbuy.tupique.com\/en\/wp-json\/wp\/v2\/product\/63782","targetHints":{"allow":["GET"]}}],"collection":[{"href":"https:\/\/bigbuy.tupique.com\/en\/wp-json\/wp\/v2\/product"}],"about":[{"href":"https:\/\/bigbuy.tupique.com\/en\/wp-json\/wp\/v2\/types\/product"}],"replies":[{"embeddable":true,"href":"https:\/\/bigbuy.tupique.com\/en\/wp-json\/wp\/v2\/comments?post=63782"}],"wp:featuredmedia":[{"embeddable":true,"href":"https:\/\/bigbuy.tupique.com\/en\/wp-json\/wp\/v2\/media\/63781"}],"wp:attachment":[{"href":"https:\/\/bigbuy.tupique.com\/en\/wp-json\/wp\/v2\/media?parent=63782"}],"wp:term":[{"taxonomy":"product_brand","embeddable":true,"href":"https:\/\/bigbuy.tupique.com\/en\/wp-json\/wp\/v2\/product_brand?post=63782"},{"taxonomy":"product_cat","embeddable":true,"href":"https:\/\/bigbuy.tupique.com\/en\/wp-json\/wp\/v2\/product_cat?post=63782"},{"taxonomy":"product_tag","embeddable":true,"href":"https:\/\/bigbuy.tupique.com\/en\/wp-json\/wp\/v2\/product_tag?post=63782"}],"curies":[{"name":"wp","href":"https:\/\/api.w.org\/{rel}","templated":true}]}}