{"id":63741,"date":"2026-04-01T18:29:19","date_gmt":"2026-04-01T17:29:19","guid":{"rendered":"https:\/\/bigbuy.tupique.com\/produto\/reflex-camera-canon-eosr50blackrf-s18-45mmf4-5-6\/"},"modified":"2026-04-15T06:25:42","modified_gmt":"2026-04-15T05:25:42","slug":"reflex-camera-canon-eosr50blackrf-s18-45mmf4-5-6","status":"publish","type":"product","link":"https:\/\/bigbuy.tupique.com\/en\/produto\/reflex-camera-canon-eosr50blackrf-s18-45mmf4-5-6\/","title":{"rendered":"Appareil Photo Reflex Canon EOSR50,BLACK+RF-S18-45MMF4.5-6"},"content":{"rendered":"<p>Si vous \u00eates passionn\u00e9 d&#8217;<b>informatique et d&#8217;\u00e9lectronique<\/b>, si vous \u00eates \u00e0 la pointe de la technologie et qu&#8217;aucun d\u00e9tail ne vous \u00e9chappe, achetez <b>Appareil Photo Reflex Canon EOSR50,BLACK+RF-S18-45MMF4.5-6<\/b> au meilleur prix.<\/p>\n<ul>\n<li>Type:\n<ul>\n<li>Reflex<\/li>\n<li>St\u00e9r\u00e9o<\/li>\n<\/ul>\n<\/li>\n<li>Couleur: Noir<\/li>\n<li>Connexions:\n<ul>\n<li>USB 2.0<\/li>\n<li>HDMI<\/li>\n<li>USB-C<\/li>\n<li>Jack 3.5 mm<\/li>\n<li>HDMI 2.0<\/li>\n<\/ul>\n<\/li>\n<li>Cam\u00e9ra\/Appareil Photo:\n<ul>\n<li>2 Mp<\/li>\n<li>24 MP<\/li>\n<\/ul>\n<\/li>\n<li>Connectivit\u00e9:\n<ul>\n<li>Bluetooth<\/li>\n<li>Wi-Fi<\/li>\n<li>Bluetooth 4.2<\/li>\n<li>Bluetooth Low Energy<\/li>\n<\/ul>\n<\/li>\n<li>R\u00e9solution: 4K Ultra HD<\/li>\n<li>Cartes M\u00e9moire Compatibles: SD, SDHC, SDXC<\/li>\n<li>Capteur: CMOS<\/li>\n<li>Caract\u00e9ristiques:\n<ul>\n<li>Haut-parleurs int\u00e9gr\u00e9s<\/li>\n<li>\u00c9cran LCD<\/li>\n<li>Ecran tactile<\/li>\n<li>Indicateur de batterie<\/li>\n<li>Microphone int\u00e9gr\u00e9<\/li>\n<\/ul>\n<\/li>\n<li>Piles incluses: Oui<\/li>\n<li>Ecran: 3&#8243;<\/li>\n<li>Inclut: Chargeur de batterie<\/li>\n<li>Fonctionne \u00e0 piles: 1 Litio Ion, incluidas<\/li>\n<li>R\u00e9solution d&#8217;image: 6000 x 4000 px<\/li>\n<li>Type de batterie: Litio Ion<\/li>\n<li>R\u00e9solution (px): 3840 x 2160 px<\/li>\n<\/ul>","protected":false},"excerpt":{"rendered":"<p>Si vous \u00eates passionn\u00e9 d&#8217;informatique et d&#8217;\u00e9lectronique, si vous \u00eates \u00e0 la pointe de la technologie et qu&#8217;aucun d\u00e9tail ne vous \u00e9chappe, achetez Appareil Photo Reflex Canon EOSR50,BLACK+RF-S18-45MMF4.5-6 au meilleur prix. Type: Reflex St\u00e9r\u00e9o Couleur: Noir Connexions: USB 2.0 HDMI USB-C Jack 3.5 mm HDMI 2.0 Cam\u00e9ra\/Appareil Photo: 2 Mp 24 MP Connectivit\u00e9: Bluetooth Wi-Fi [&hellip;]<\/p>\n","protected":false},"featured_media":63740,"comment_status":"open","ping_status":"closed","template":"","meta":[],"product_brand":[637],"product_cat":[1380,600,65],"product_tag":[571],"class_list":{"0":"post-63741","1":"product","2":"type-product","3":"status-publish","4":"has-post-thumbnail","6":"product_brand-brandp_539","7":"product_cat-appareils-photo-reflex","8":"product_cat-electronique-photo-et-video","9":"product_cat-informatique-electronique","10":"product_tag-tag_27","12":"first","13":"instock","14":"taxable","15":"shipping-taxable","16":"purchasable","17":"product-type-simple"},"_links":{"self":[{"href":"https:\/\/bigbuy.tupique.com\/en\/wp-json\/wp\/v2\/product\/63741","targetHints":{"allow":["GET"]}}],"collection":[{"href":"https:\/\/bigbuy.tupique.com\/en\/wp-json\/wp\/v2\/product"}],"about":[{"href":"https:\/\/bigbuy.tupique.com\/en\/wp-json\/wp\/v2\/types\/product"}],"replies":[{"embeddable":true,"href":"https:\/\/bigbuy.tupique.com\/en\/wp-json\/wp\/v2\/comments?post=63741"}],"wp:featuredmedia":[{"embeddable":true,"href":"https:\/\/bigbuy.tupique.com\/en\/wp-json\/wp\/v2\/media\/63740"}],"wp:attachment":[{"href":"https:\/\/bigbuy.tupique.com\/en\/wp-json\/wp\/v2\/media?parent=63741"}],"wp:term":[{"taxonomy":"product_brand","embeddable":true,"href":"https:\/\/bigbuy.tupique.com\/en\/wp-json\/wp\/v2\/product_brand?post=63741"},{"taxonomy":"product_cat","embeddable":true,"href":"https:\/\/bigbuy.tupique.com\/en\/wp-json\/wp\/v2\/product_cat?post=63741"},{"taxonomy":"product_tag","embeddable":true,"href":"https:\/\/bigbuy.tupique.com\/en\/wp-json\/wp\/v2\/product_tag?post=63741"}],"curies":[{"name":"wp","href":"https:\/\/api.w.org\/{rel}","templated":true}]}}