{"id":63638,"date":"2026-04-01T18:26:50","date_gmt":"2026-04-01T17:26:50","guid":{"rendered":"https:\/\/bigbuy.tupique.com\/produto\/combined-refrigerator-hisense-rb3k330saic-steel\/"},"modified":"2026-04-15T06:24:36","modified_gmt":"2026-04-15T05:24:36","slug":"combined-refrigerator-hisense-rb3k330saic-steel","status":"publish","type":"product","link":"https:\/\/bigbuy.tupique.com\/en\/produto\/combined-refrigerator-hisense-rb3k330saic-steel\/","title":{"rendered":"R\u00e9frig\u00e9rateur Combin\u00e9 Hisense RB3K330SAIC Acier"},"content":{"rendered":"<p>Si vous \u00eates \u00e0 la recherche de nouvelles tendances sur le march\u00e9, nous vous pr\u00e9sentons <b>R\u00e9frig\u00e9rateur Combin\u00e9 Hisense RB3K330SAIC Acier<\/b> !<\/p>\n<ul>\n<li>Produit \u00e0 brancher: Oui<\/li>\n<li>Type de prise: Prise EU<\/li>\n<li>Bloc d\u2019Alimentation: r\u00e9seau \u00e9lectrique<\/li>\n<li>Couleur: Acier<\/li>\n<li>Classification \u00e9nerg\u00e9tique: C<\/li>\n<li>Dimensions approx.: 186 x 60 cm<\/li>\n<li>Caract\u00e9ristiques:\n<ul>\n<li>\u00c9cran integr\u00e9<\/li>\n<li>Commande tactile<\/li>\n<\/ul>\n<\/li>\n<li>Langue: Anglais<\/li>\n<li>Tension:\n<ul>\n<li>230 V<\/li>\n<li>220-240 V<\/li>\n<\/ul>\n<\/li>\n<li>Technologie: LED<\/li>\n<li>Direction d&#8217;ouverture: Droite<\/li>\n<li>Fr\u00e9quence: 50 Hz<\/li>\n<li>Longueur du c\u00e2ble: 2,5 m<\/li>\n<li>Thermostat: R\u00e9glable<\/li>\n<li>Pieds: Ajustables<\/li>\n<li>Largeur: 59,5 cm<\/li>\n<li>Portes: 2 portes<\/li>\n<\/ul>","protected":false},"excerpt":{"rendered":"<p>Si vous \u00eates \u00e0 la recherche de nouvelles tendances sur le march\u00e9, nous vous pr\u00e9sentons R\u00e9frig\u00e9rateur Combin\u00e9 Hisense RB3K330SAIC Acier ! Produit \u00e0 brancher: Oui Type de prise: Prise EU Bloc d\u2019Alimentation: r\u00e9seau \u00e9lectrique Couleur: Acier Classification \u00e9nerg\u00e9tique: C Dimensions approx.: 186 x 60 cm Caract\u00e9ristiques: \u00c9cran integr\u00e9 Commande tactile Langue: Anglais Tension: 230 V [&hellip;]<\/p>\n","protected":false},"featured_media":63635,"comment_status":"open","ping_status":"closed","template":"","meta":[],"product_brand":[1341],"product_cat":[60,77,226],"product_tag":[56],"class_list":{"0":"post-63638","1":"product","2":"type-product","3":"status-publish","4":"has-post-thumbnail","6":"product_brand-brandp_612","7":"product_cat-cuisine-gourmet","8":"product_cat-petit-electromenager","9":"product_cat-refrigerateurs-et-congelateurs","10":"product_tag-tag_930","12":"first","13":"instock","14":"taxable","15":"shipping-taxable","16":"purchasable","17":"product-type-simple"},"_links":{"self":[{"href":"https:\/\/bigbuy.tupique.com\/en\/wp-json\/wp\/v2\/product\/63638","targetHints":{"allow":["GET"]}}],"collection":[{"href":"https:\/\/bigbuy.tupique.com\/en\/wp-json\/wp\/v2\/product"}],"about":[{"href":"https:\/\/bigbuy.tupique.com\/en\/wp-json\/wp\/v2\/types\/product"}],"replies":[{"embeddable":true,"href":"https:\/\/bigbuy.tupique.com\/en\/wp-json\/wp\/v2\/comments?post=63638"}],"wp:featuredmedia":[{"embeddable":true,"href":"https:\/\/bigbuy.tupique.com\/en\/wp-json\/wp\/v2\/media\/63635"}],"wp:attachment":[{"href":"https:\/\/bigbuy.tupique.com\/en\/wp-json\/wp\/v2\/media?parent=63638"}],"wp:term":[{"taxonomy":"product_brand","embeddable":true,"href":"https:\/\/bigbuy.tupique.com\/en\/wp-json\/wp\/v2\/product_brand?post=63638"},{"taxonomy":"product_cat","embeddable":true,"href":"https:\/\/bigbuy.tupique.com\/en\/wp-json\/wp\/v2\/product_cat?post=63638"},{"taxonomy":"product_tag","embeddable":true,"href":"https:\/\/bigbuy.tupique.com\/en\/wp-json\/wp\/v2\/product_tag?post=63638"}],"curies":[{"name":"wp","href":"https:\/\/api.w.org\/{rel}","templated":true}]}}