{"id":63617,"date":"2026-04-01T18:26:09","date_gmt":"2026-04-01T17:26:09","guid":{"rendered":"https:\/\/bigbuy.tupique.com\/produto\/monitor-tcl-27g64\/"},"modified":"2026-04-15T06:24:24","modified_gmt":"2026-04-15T05:24:24","slug":"monitor-tcl-27g64","status":"publish","type":"product","link":"https:\/\/bigbuy.tupique.com\/en\/produto\/monitor-tcl-27g64\/","title":{"rendered":"\u00c9cran TCL 27G64"},"content":{"rendered":"<p>Si vous \u00eates passionn\u00e9 d&#8217;<b>informatique et d&#8217;\u00e9lectronique<\/b>, si vous \u00eates \u00e0 la pointe de la technologie et qu&#8217;aucun d\u00e9tail ne vous \u00e9chappe, achetez <b>\u00c9cran TCL 27G64<\/b> au meilleur prix.<\/p>\n<p>Le <b>TCL 27G64<\/b> est un <b>moniteur de 27 pouces<\/b> con\u00e7u pour ceux qui recherchent une large surface d\u2019affichage et une image nette, aussi bien en environnement professionnel qu\u2019\u00e0 domicile. Cet appareil se distingue par sa <b>technologie LED<\/b> et son <b>dalle IPS<\/b>, garantissant une reproduction fid\u00e8le des couleurs et de larges angles de vision, id\u00e9al pour l\u2019\u00e9dition, le travail graphique ou la consommation multim\u00e9dia intensive. Avec une <b>r\u00e9solution Quad HD<\/b>, il offre des images d\u00e9taill\u00e9es et claires, surpassant la d\u00e9finition Full HD standard et permettant d\u2019afficher plus de contenu \u00e0 l\u2019\u00e9cran avec une grande nettet\u00e9. Son format <b>16:9<\/b> est parfait pour le multit\u00e2che, les vid\u00e9os et les jeux, offrant polyvalence sans compromettre la qualit\u00e9 d\u2019image. La finition <b>noire et grise<\/b> apporte un aspect moderne et \u00e9l\u00e9gant, s\u2019int\u00e9grant facilement dans tout espace de travail ou configuration gaming. Gr\u00e2ce \u00e0 la dalle IPS et \u00e0 la technologie LED, ce moniteur allie efficacit\u00e9 \u00e9nerg\u00e9tique et exp\u00e9rience visuelle immersive, ce qui en fait un choix fiable pour les utilisateurs exigeants recherchant performance constante et esth\u00e9tique soign\u00e9e pour leur poste de travail ou de divertissement.<\/p>\n<ul>\n<li>Type: \u00c9cran<\/li>\n<li>Ecran: 27&#8243;<\/li>\n<li>Type de prise: Prise EU<\/li>\n<li>Produit \u00e0 brancher: Oui<\/li>\n<li>Diagonale de l&#8217;\u00e9cran (cm): 68,6 cm<\/li>\n<li>Couleur:\n<ul>\n<li>Gris<\/li>\n<li>Noir<\/li>\n<\/ul>\n<\/li>\n<li>Rapport d&#8217;aspect: 16:9<\/li>\n<li>R\u00e9solution: Quad HD<\/li>\n<li>Technologie:\n<ul>\n<li>LED<\/li>\n<li>IPS<\/li>\n<\/ul>\n<\/li>\n<li>Bloc d\u2019Alimentation: r\u00e9seau \u00e9lectrique<\/li>\n<li>Temps de r\u00e9ponse: 1 ms<\/li>\n<li>R\u00e9solution (px): 2560 x 1440 px<\/li>\n<\/ul>","protected":false},"excerpt":{"rendered":"<p>Si vous \u00eates passionn\u00e9 d&#8217;informatique et d&#8217;\u00e9lectronique, si vous \u00eates \u00e0 la pointe de la technologie et qu&#8217;aucun d\u00e9tail ne vous \u00e9chappe, achetez \u00c9cran TCL 27G64 au meilleur prix. Le TCL 27G64 est un moniteur de 27 pouces con\u00e7u pour ceux qui recherchent une large surface d\u2019affichage et une image nette, aussi bien en environnement [&hellip;]<\/p>\n","protected":false},"featured_media":63598,"comment_status":"open","ping_status":"closed","template":"","meta":[],"product_brand":[1153],"product_cat":[65,581,616],"product_tag":[213,106],"class_list":{"0":"post-63617","1":"product","2":"type-product","3":"status-publish","4":"has-post-thumbnail","6":"product_brand-brandp_3009","7":"product_cat-informatique-electronique","8":"product_cat-informatique-peripheriques-et-consommables","9":"product_cat-moniteurs","10":"product_tag-tag_933","11":"product_tag-tag_1295","13":"first","14":"instock","15":"taxable","16":"shipping-taxable","17":"purchasable","18":"product-type-simple"},"_links":{"self":[{"href":"https:\/\/bigbuy.tupique.com\/en\/wp-json\/wp\/v2\/product\/63617","targetHints":{"allow":["GET"]}}],"collection":[{"href":"https:\/\/bigbuy.tupique.com\/en\/wp-json\/wp\/v2\/product"}],"about":[{"href":"https:\/\/bigbuy.tupique.com\/en\/wp-json\/wp\/v2\/types\/product"}],"replies":[{"embeddable":true,"href":"https:\/\/bigbuy.tupique.com\/en\/wp-json\/wp\/v2\/comments?post=63617"}],"wp:featuredmedia":[{"embeddable":true,"href":"https:\/\/bigbuy.tupique.com\/en\/wp-json\/wp\/v2\/media\/63598"}],"wp:attachment":[{"href":"https:\/\/bigbuy.tupique.com\/en\/wp-json\/wp\/v2\/media?parent=63617"}],"wp:term":[{"taxonomy":"product_brand","embeddable":true,"href":"https:\/\/bigbuy.tupique.com\/en\/wp-json\/wp\/v2\/product_brand?post=63617"},{"taxonomy":"product_cat","embeddable":true,"href":"https:\/\/bigbuy.tupique.com\/en\/wp-json\/wp\/v2\/product_cat?post=63617"},{"taxonomy":"product_tag","embeddable":true,"href":"https:\/\/bigbuy.tupique.com\/en\/wp-json\/wp\/v2\/product_tag?post=63617"}],"curies":[{"name":"wp","href":"https:\/\/api.w.org\/{rel}","templated":true}]}}