{"id":63532,"date":"2026-04-01T18:24:02","date_gmt":"2026-04-01T17:24:02","guid":{"rendered":"https:\/\/bigbuy.tupique.com\/produto\/radio-cassette-teac-w-1200-b\/"},"modified":"2026-04-15T05:48:05","modified_gmt":"2026-04-15T04:48:05","slug":"radio-cassette-teac-w-1200-b","status":"publish","type":"product","link":"https:\/\/bigbuy.tupique.com\/en\/produto\/radio-cassette-teac-w-1200-b\/","title":{"rendered":"Radio-Cassette Teac W-1200-B"},"content":{"rendered":"<p>Si vous \u00eates \u00e0 la recherche de nouvelles tendances sur le march\u00e9, nous vous pr\u00e9sentons <b>Radio-Cassette Teac W-1200-B<\/b> !<\/p>","protected":false},"excerpt":{"rendered":"<p>Si vous \u00eates \u00e0 la recherche de nouvelles tendances sur le march\u00e9, nous vous pr\u00e9sentons Radio-Cassette Teac W-1200-B !<\/p>","protected":false},"featured_media":63524,"comment_status":"open","ping_status":"closed","template":"","meta":[],"product_brand":[1573],"product_cat":[755,65,782],"product_tag":[104],"class_list":{"0":"post-63532","1":"product","2":"type-product","3":"status-publish","4":"has-post-thumbnail","6":"product_brand-brandp_10329","7":"product_cat-electronique-son","8":"product_cat-informatique-electronique","9":"product_cat-radio-cd","10":"product_tag-tag_1279","12":"first","13":"instock","14":"taxable","15":"shipping-taxable","16":"purchasable","17":"product-type-simple"},"_links":{"self":[{"href":"https:\/\/bigbuy.tupique.com\/en\/wp-json\/wp\/v2\/product\/63532","targetHints":{"allow":["GET"]}}],"collection":[{"href":"https:\/\/bigbuy.tupique.com\/en\/wp-json\/wp\/v2\/product"}],"about":[{"href":"https:\/\/bigbuy.tupique.com\/en\/wp-json\/wp\/v2\/types\/product"}],"replies":[{"embeddable":true,"href":"https:\/\/bigbuy.tupique.com\/en\/wp-json\/wp\/v2\/comments?post=63532"}],"wp:featuredmedia":[{"embeddable":true,"href":"https:\/\/bigbuy.tupique.com\/en\/wp-json\/wp\/v2\/media\/63524"}],"wp:attachment":[{"href":"https:\/\/bigbuy.tupique.com\/en\/wp-json\/wp\/v2\/media?parent=63532"}],"wp:term":[{"taxonomy":"product_brand","embeddable":true,"href":"https:\/\/bigbuy.tupique.com\/en\/wp-json\/wp\/v2\/product_brand?post=63532"},{"taxonomy":"product_cat","embeddable":true,"href":"https:\/\/bigbuy.tupique.com\/en\/wp-json\/wp\/v2\/product_cat?post=63532"},{"taxonomy":"product_tag","embeddable":true,"href":"https:\/\/bigbuy.tupique.com\/en\/wp-json\/wp\/v2\/product_tag?post=63532"}],"curies":[{"name":"wp","href":"https:\/\/api.w.org\/{rel}","templated":true}]}}