{"id":63497,"date":"2026-04-01T18:23:14","date_gmt":"2026-04-01T17:23:14","guid":{"rendered":"https:\/\/bigbuy.tupique.com\/produto\/washing-machine-bosch\/"},"modified":"2026-04-15T05:22:43","modified_gmt":"2026-04-15T04:22:43","slug":"washing-machine-bosch","status":"publish","type":"product","link":"https:\/\/bigbuy.tupique.com\/en\/produto\/washing-machine-bosch\/","title":{"rendered":"Machine \u00e0 laver BOSCH"},"content":{"rendered":"<p>Si vous \u00eates \u00e0 la recherche de nouvelles tendances sur le march\u00e9, nous vous pr\u00e9sentons <b>Machine \u00e0 laver BOSCH<\/b> !<\/p>\n<ul>\n<li>Type d&#8217;installation: Sous le plan de travail<\/li>\n<li>Produit \u00e0 brancher: Oui<\/li>\n<li>Langue: Espagnol<\/li>\n<li>Type de prise: Prise EU<\/li>\n<li>Bloc d\u2019Alimentation: r\u00e9seau \u00e9lectrique<\/li>\n<li>Classification \u00e9nerg\u00e9tique: A<\/li>\n<li>vitesse: 1400 rpm<\/li>\n<li>Niveau sonore:\n<ul>\n<li>74 dB<\/li>\n<li>72 dB<\/li>\n<\/ul>\n<\/li>\n<li>Capacit\u00e9: 10 kg<\/li>\n<li>Couleur: Blanc<\/li>\n<li>Mati\u00e8re: Acier inoxydable<\/li>\n<li>Largeur:\n<ul>\n<li>60 cm<\/li>\n<li>65 cm<\/li>\n<\/ul>\n<\/li>\n<li>Caract\u00e9ristiques:\n<ul>\n<li>\u00c9cran integr\u00e9<\/li>\n<li>Temp\u00e9rature r\u00e9glable<\/li>\n<\/ul>\n<\/li>\n<li>Technologie: LED<\/li>\n<li>Programmes:\n<ul>\n<li>15<\/li>\n<li>Coton<\/li>\n<li>Centrifugation<\/li>\n<li>Laine<\/li>\n<li>V\u00eatements sombres<\/li>\n<li>Synth\u00e9tiques<\/li>\n<li>Rapide<\/li>\n<li>Literie<\/li>\n<li>Lavage \u00e0 froid<\/li>\n<li>ECO<\/li>\n<li>Sport<\/li>\n<li>Lavage anti-allergique<\/li>\n<li>Couleurs<\/li>\n<li>Couette l\u00e9g\u00e8re<\/li>\n<\/ul>\n<\/li>\n<li>Type de charge: Frontal<\/li>\n<li>Fr\u00e9quence: 50 Hz<\/li>\n<li>Tension: 220-240 V<\/li>\n<li>Pieds: Ajustables<\/li>\n<li>Quantit\u00e9 de programmes automatiques: 15<\/li>\n<li>Amp\u00e9rage: 10 A<\/li>\n<\/ul>","protected":false},"excerpt":{"rendered":"<p><span class=\"unit-info\">73.2990 &euro; \/ 1 kg<\/span><\/p>","protected":false},"featured_media":63496,"comment_status":"open","ping_status":"closed","template":"","meta":[],"product_brand":[162],"product_cat":[239,240,751],"product_tag":[],"class_list":{"0":"post-63497","1":"product","2":"type-product","3":"status-publish","4":"has-post-thumbnail","6":"product_brand-brandp_959","7":"product_cat-maison-jardin","8":"product_cat-nettoyage-aspirateur-et-repassage","9":"product_cat-seche-linge-fers-a-repasser-sechoirs","11":"first","12":"instock","13":"taxable","14":"shipping-taxable","15":"purchasable","16":"product-type-simple"},"_links":{"self":[{"href":"https:\/\/bigbuy.tupique.com\/en\/wp-json\/wp\/v2\/product\/63497","targetHints":{"allow":["GET"]}}],"collection":[{"href":"https:\/\/bigbuy.tupique.com\/en\/wp-json\/wp\/v2\/product"}],"about":[{"href":"https:\/\/bigbuy.tupique.com\/en\/wp-json\/wp\/v2\/types\/product"}],"replies":[{"embeddable":true,"href":"https:\/\/bigbuy.tupique.com\/en\/wp-json\/wp\/v2\/comments?post=63497"}],"wp:featuredmedia":[{"embeddable":true,"href":"https:\/\/bigbuy.tupique.com\/en\/wp-json\/wp\/v2\/media\/63496"}],"wp:attachment":[{"href":"https:\/\/bigbuy.tupique.com\/en\/wp-json\/wp\/v2\/media?parent=63497"}],"wp:term":[{"taxonomy":"product_brand","embeddable":true,"href":"https:\/\/bigbuy.tupique.com\/en\/wp-json\/wp\/v2\/product_brand?post=63497"},{"taxonomy":"product_cat","embeddable":true,"href":"https:\/\/bigbuy.tupique.com\/en\/wp-json\/wp\/v2\/product_cat?post=63497"},{"taxonomy":"product_tag","embeddable":true,"href":"https:\/\/bigbuy.tupique.com\/en\/wp-json\/wp\/v2\/product_tag?post=63497"}],"curies":[{"name":"wp","href":"https:\/\/api.w.org\/{rel}","templated":true}]}}