{"id":63495,"date":"2026-04-01T18:23:12","date_gmt":"2026-04-01T17:23:12","guid":{"rendered":"https:\/\/bigbuy.tupique.com\/produto\/induction-hot-plate-aeg-2\/"},"modified":"2026-04-16T13:50:45","modified_gmt":"2026-04-16T12:50:45","slug":"induction-hot-plate-aeg-2","status":"publish","type":"product","link":"https:\/\/bigbuy.tupique.com\/en\/produto\/induction-hot-plate-aeg-2\/","title":{"rendered":"Plaque \u00e0 Induction AEG"},"content":{"rendered":"<p>Si vous \u00eates \u00e0 la recherche de nouvelles tendances sur le march\u00e9, nous vous pr\u00e9sentons <b>Plaque \u00e0 Induction AEG<\/b> !<\/p>\n<p>La <b>plaque \u00e0 induction<\/b> <b>AEG TI63IF0BFB 3F IND POWERBOOST<\/b> est une solution moderne et efficace pour ceux qui souhaitent optimiser leur cuisine avec une technologie avanc\u00e9e et des fonctionnalit\u00e9s ax\u00e9es sur la s\u00e9curit\u00e9 et le confort. Ce mod\u00e8le de la marque reconnue AEG dispose de <b>trois zones de cuisson<\/b>, permettant de pr\u00e9parer plusieurs plats simultan\u00e9ment et de s\u2019adapter \u00e0 diff\u00e9rents formats et types de r\u00e9cipients pour une grande polyvalence au quotidien. La gestion de la puissance s\u2019effectue via un <b>contr\u00f4le tactile intuitif<\/b>, offrant un r\u00e9glage pr\u00e9cis de la chaleur et une utilisation confortable et hygi\u00e9nique gr\u00e2ce \u00e0 un nettoyage facile. Parmi les fonctions de s\u00e9curit\u00e9, le <b>verrouillage enfants<\/b> emp\u00eache toute modification accidentelle des r\u00e9glages, assurant la tranquillit\u00e9 d\u2019esprit dans les foyers familiaux. Gr\u00e2ce \u00e0 la technologie <b>PowerBoost<\/b>, un surcro\u00eet de puissance permet de chauffer rapidement casseroles et po\u00eales, id\u00e9al pour faire bouillir de grandes quantit\u00e9s d\u2019eau ou saisir des aliments en un temps record. L\u2019appareil est con\u00e7u pour \u00eatre branch\u00e9 directement au <b>r\u00e9seau \u00e9lectrique<\/b> et est \u00e9quip\u00e9 d\u2019une <b>prise de type EU<\/b>, garantissant la compatibilit\u00e9 avec les installations domestiques standard en France et dans d\u2019autres pays europ\u00e9ens. Sa surface en mat\u00e9riaux de haute qualit\u00e9 favorise la durabilit\u00e9 et assure un design \u00e9l\u00e9gant et discret, s\u2019int\u00e9grant parfaitement dans les cuisines modernes. Dans l\u2019ensemble, cette plaque \u00e0 induction AEG est un alli\u00e9 efficace et s\u00fbr pour ceux qui recherchent un contr\u00f4le total et des performances \u00e9lev\u00e9es lors de la pr\u00e9paration quotidienne des repas.<\/p>\n<ul>\n<li>Type: Plaque \u00e0 Induction<\/li>\n<li>Produit \u00e0 brancher: Oui<\/li>\n<li>Type de prise: Prise EU<\/li>\n<li>Bloc d\u2019Alimentation: r\u00e9seau \u00e9lectrique<\/li>\n<li>Caract\u00e9ristiques:\n<ul>\n<li>Verrouillage pour enfants<\/li>\n<li>Commande tactile<\/li>\n<\/ul>\n<\/li>\n<li>Zones de cuisson: 3<\/li>\n<li>Couleur: Noir<\/li>\n<li>puissance: 7350 W<\/li>\n<li>Type d&#8217;installation: Sur le plan de travail<\/li>\n<li>Contr\u00f4le: Touch Control<\/li>\n<li>Connectivit\u00e9: No<\/li>\n<li>Fonctions: Commande tactile<\/li>\n<\/ul>","protected":false},"excerpt":{"rendered":"<p>Si vous \u00eates \u00e0 la recherche de nouvelles tendances sur le march\u00e9, nous vous pr\u00e9sentons Plaque \u00e0 Induction AEG ! La plaque \u00e0 induction AEG TI63IF0BFB 3F IND POWERBOOST est une solution moderne et efficace pour ceux qui souhaitent optimiser leur cuisine avec une technologie avanc\u00e9e et des fonctionnalit\u00e9s ax\u00e9es sur la s\u00e9curit\u00e9 et le [&hellip;]<\/p>\n","protected":false},"featured_media":63494,"comment_status":"open","ping_status":"closed","template":"","meta":[],"product_brand":[1386],"product_cat":[60,77,78],"product_tag":[55,56],"class_list":{"0":"post-63495","1":"product","2":"type-product","3":"status-publish","4":"has-post-thumbnail","6":"product_brand-brandp_679","7":"product_cat-cuisine-gourmet","8":"product_cat-petit-electromenager","9":"product_cat-plaques-de-cuisson","10":"product_tag-tag_926","11":"product_tag-tag_930","13":"first","14":"instock","15":"taxable","16":"shipping-taxable","17":"purchasable","18":"product-type-simple"},"_links":{"self":[{"href":"https:\/\/bigbuy.tupique.com\/en\/wp-json\/wp\/v2\/product\/63495","targetHints":{"allow":["GET"]}}],"collection":[{"href":"https:\/\/bigbuy.tupique.com\/en\/wp-json\/wp\/v2\/product"}],"about":[{"href":"https:\/\/bigbuy.tupique.com\/en\/wp-json\/wp\/v2\/types\/product"}],"replies":[{"embeddable":true,"href":"https:\/\/bigbuy.tupique.com\/en\/wp-json\/wp\/v2\/comments?post=63495"}],"wp:featuredmedia":[{"embeddable":true,"href":"https:\/\/bigbuy.tupique.com\/en\/wp-json\/wp\/v2\/media\/63494"}],"wp:attachment":[{"href":"https:\/\/bigbuy.tupique.com\/en\/wp-json\/wp\/v2\/media?parent=63495"}],"wp:term":[{"taxonomy":"product_brand","embeddable":true,"href":"https:\/\/bigbuy.tupique.com\/en\/wp-json\/wp\/v2\/product_brand?post=63495"},{"taxonomy":"product_cat","embeddable":true,"href":"https:\/\/bigbuy.tupique.com\/en\/wp-json\/wp\/v2\/product_cat?post=63495"},{"taxonomy":"product_tag","embeddable":true,"href":"https:\/\/bigbuy.tupique.com\/en\/wp-json\/wp\/v2\/product_tag?post=63495"}],"curies":[{"name":"wp","href":"https:\/\/api.w.org\/{rel}","templated":true}]}}