{"id":63362,"date":"2026-04-01T18:07:45","date_gmt":"2026-04-01T17:07:45","guid":{"rendered":"https:\/\/bigbuy.tupique.com\/produto\/smart-tv-sony-k85s35bp-85-4k-ultra-hd-led-wifi-miracast-dvb-t2\/"},"modified":"2026-04-15T05:09:04","modified_gmt":"2026-04-15T04:09:04","slug":"smart-tv-sony-k85s35bp-85-4k-ultra-hd-led-wifi-miracast-dvb-t2","status":"publish","type":"product","link":"https:\/\/bigbuy.tupique.com\/en\/produto\/smart-tv-sony-k85s35bp-85-4k-ultra-hd-led-wifi-miracast-dvb-t2\/","title":{"rendered":"TV intelligente Sony K85S35BP 85&#8243; 4K Ultra HD LED Wi-Fi Miracast DVB-T2"},"content":{"rendered":"<p>Si vous \u00eates \u00e0 la recherche de nouvelles tendances sur le march\u00e9, nous vous pr\u00e9sentons <b>TV intelligente Sony K85S35BP 85&#8243; 4K Ultra HD LED Wi-Fi Miracast DVB-T2<\/b> !<\/p>\n<ul>\n<li>Ecran: 85&#8243;<\/li>\n<li>Classification \u00e9nerg\u00e9tique: E<\/li>\n<li>Connectivit\u00e9: Wi-Fi<\/li>\n<li>R\u00e9solution (px): 3840 x 2160 px<\/li>\n<li>Caract\u00e9ristiques:\n<ul>\n<li>TV intelligente<\/li>\n<li>HDR<\/li>\n<li>Wi-Fi<\/li>\n<li>Android<\/li>\n<li>Miracast<\/li>\n<li>Plate<\/li>\n<\/ul>\n<\/li>\n<li>Connexions:\n<ul>\n<li>HDMI<\/li>\n<li>Ethernet LAN<\/li>\n<li>S\/PDIF<\/li>\n<li>RF x 1<\/li>\n<li>AV x 1<\/li>\n<li>CI+ x 1<\/li>\n<li>USB-A<\/li>\n<li>Wi-Fi Direct<\/li>\n<li>Miracast<\/li>\n<\/ul>\n<\/li>\n<li>Rapport d&#8217;aspect: 16:9<\/li>\n<li>Format: 16:9<\/li>\n<li>Technologie:\n<ul>\n<li>LED<\/li>\n<li>Wi-Fi<\/li>\n<li>Miracast<\/li>\n<li>DVB-T2<\/li>\n<\/ul>\n<\/li>\n<li>TV intelligente: Oui<\/li>\n<li>Compatible:\n<ul>\n<li>Android TV<\/li>\n<li>DVB-T2<\/li>\n<li>Miracast<\/li>\n<li>Google Assistant<\/li>\n<\/ul>\n<\/li>\n<li>R\u00e9cepteur:\n<ul>\n<li>DVB-T<\/li>\n<li>DVB-C<\/li>\n<li>DVB-S2<\/li>\n<li>DVB-T2<\/li>\n<li>DVB-S<\/li>\n<\/ul>\n<\/li>\n<li>R\u00e9solution: 4K Ultra HD<\/li>\n<li>Non Inclus:\n<ul>\n<li>Cadre<\/li>\n<li>Socle<\/li>\n<\/ul>\n<\/li>\n<li>Montage: VESA<\/li>\n<li>Diagonale de l&#8217;\u00e9cran (cm): 215,9 cm<\/li>\n<li>Ann\u00e9e: 2024<\/li>\n<\/ul>","protected":false},"excerpt":{"rendered":"<p>Si vous \u00eates \u00e0 la recherche de nouvelles tendances sur le march\u00e9, nous vous pr\u00e9sentons TV intelligente Sony K85S35BP 85&#8243; 4K Ultra HD LED Wi-Fi Miracast DVB-T2 ! Ecran: 85&#8243; Classification \u00e9nerg\u00e9tique: E Connectivit\u00e9: Wi-Fi R\u00e9solution (px): 3840 x 2160 px Caract\u00e9ristiques: TV intelligente HDR Wi-Fi Android Miracast Plate Connexions: HDMI Ethernet LAN S\/PDIF RF [&hellip;]<\/p>\n","protected":false},"featured_media":63360,"comment_status":"open","ping_status":"closed","template":"","meta":[],"product_brand":[1245],"product_cat":[589,65,957],"product_tag":[],"class_list":{"0":"post-63362","1":"product","2":"type-product","3":"status-publish","4":"has-post-thumbnail","6":"product_brand-brandp_235","7":"product_cat-electronique-television","8":"product_cat-informatique-electronique","9":"product_cat-televisions-et-smart-tv","11":"first","12":"instock","13":"taxable","14":"shipping-taxable","15":"purchasable","16":"product-type-simple"},"_links":{"self":[{"href":"https:\/\/bigbuy.tupique.com\/en\/wp-json\/wp\/v2\/product\/63362","targetHints":{"allow":["GET"]}}],"collection":[{"href":"https:\/\/bigbuy.tupique.com\/en\/wp-json\/wp\/v2\/product"}],"about":[{"href":"https:\/\/bigbuy.tupique.com\/en\/wp-json\/wp\/v2\/types\/product"}],"replies":[{"embeddable":true,"href":"https:\/\/bigbuy.tupique.com\/en\/wp-json\/wp\/v2\/comments?post=63362"}],"wp:featuredmedia":[{"embeddable":true,"href":"https:\/\/bigbuy.tupique.com\/en\/wp-json\/wp\/v2\/media\/63360"}],"wp:attachment":[{"href":"https:\/\/bigbuy.tupique.com\/en\/wp-json\/wp\/v2\/media?parent=63362"}],"wp:term":[{"taxonomy":"product_brand","embeddable":true,"href":"https:\/\/bigbuy.tupique.com\/en\/wp-json\/wp\/v2\/product_brand?post=63362"},{"taxonomy":"product_cat","embeddable":true,"href":"https:\/\/bigbuy.tupique.com\/en\/wp-json\/wp\/v2\/product_cat?post=63362"},{"taxonomy":"product_tag","embeddable":true,"href":"https:\/\/bigbuy.tupique.com\/en\/wp-json\/wp\/v2\/product_tag?post=63362"}],"curies":[{"name":"wp","href":"https:\/\/api.w.org\/{rel}","templated":true}]}}