{"id":63356,"date":"2026-04-01T18:07:38","date_gmt":"2026-04-01T17:07:38","guid":{"rendered":"https:\/\/bigbuy.tupique.com\/produto\/smart-tv-hisense-50a7q-4k-ultra-hd-50-led-hdr-d-led\/"},"modified":"2026-04-15T05:08:47","modified_gmt":"2026-04-15T04:08:47","slug":"smart-tv-hisense-50a7q-4k-ultra-hd-50-led-hdr-d-led","status":"publish","type":"product","link":"https:\/\/bigbuy.tupique.com\/en\/produto\/smart-tv-hisense-50a7q-4k-ultra-hd-50-led-hdr-d-led\/","title":{"rendered":"TV intelligente Hisense 50A7Q 4K Ultra HD 50&#8243; LED HDR D-LED"},"content":{"rendered":"<p>Si vous \u00eates \u00e0 la recherche de nouvelles tendances sur le march\u00e9, nous vous pr\u00e9sentons <b>TV intelligente Hisense 50A7Q 4K Ultra HD 50&#8243; LED HDR D-LED<\/b> !<\/p>\n<p>La <b>Smart TV Hisense de 50 pouces<\/b> se pr\u00e9sente comme une option polyvalente et efficace pour la maison, combinant technologie avanc\u00e9e et design moderne en <b>noir<\/b> avec un <b>\u00e9cran plat<\/b> haute r\u00e9solution <b>4K Ultra HD (3840 x 2160 pixels)<\/b>, garantissant des images nettes et d\u00e9taill\u00e9es, id\u00e9al pour les espaces moyens et grands. Cette t\u00e9l\u00e9vision int\u00e8gre le syst\u00e8me d\u2019exploitation <b>VIDAA<\/b>, facilitant l\u2019acc\u00e8s aux applications et offrant une exp\u00e9rience interactive intuitive, avec navigation internet gr\u00e2ce \u00e0 la connectivit\u00e9 WiFi int\u00e9gr\u00e9e. Avec une puissance estim\u00e9e \u00e0 <b>20 W RMS<\/b>, elle inclut un \u00e9galiseur optimisant la qualit\u00e9 audio selon les situations, am\u00e9liorant la restitution sonore des films, programmes ou musiques. Sa capacit\u00e9 \u00e0 recevoir plusieurs formats de signal num\u00e9rique, tels que <b>DVB-C, DVB-S, DVB-S2, DVB-T et DVB-T2<\/b>, assure la compatibilit\u00e9 avec diverses sources de t\u00e9l\u00e9vision num\u00e9rique terrestre et satellite, r\u00e9pondant aux besoins de tout utilisateur. Elle poss\u00e8de une <b>classe \u00e9nerg\u00e9tique E<\/b>, refl\u00e9tant un bon \u00e9quilibre entre consommation et performance. En r\u00e9sum\u00e9, cette Smart TV Hisense 50\u201d convient \u00e0 ceux qui recherchent une exp\u00e9rience visuelle et sonore compl\u00e8te, avec des fonctions intelligentes et un design \u00e9l\u00e9gant et discret, facile \u00e0 int\u00e9grer dans tout salon ou espace domestique.<\/p>\n<ul>\n<li>Diagonale de l&#8217;\u00e9cran (cm):\n<ul>\n<li>127 cm<\/li>\n<li>124,5 cm<\/li>\n<\/ul>\n<\/li>\n<li>Connectivit\u00e9:\n<ul>\n<li>Wi-Fi<\/li>\n<li>Bluetooth<\/li>\n<li>eARC<\/li>\n<\/ul>\n<\/li>\n<li>R\u00e9solution (px): 3840 x 2160 px<\/li>\n<li>Couleur: Noir<\/li>\n<li>Caract\u00e9ristiques:\n<ul>\n<li>Navigation web<\/li>\n<li>Equalizer<\/li>\n<li>TV intelligente<\/li>\n<li>Apple AirPlay 2<\/li>\n<li>2 Haut-parleurs<\/li>\n<li>\u00c9cran plat<\/li>\n<\/ul>\n<\/li>\n<li>Connexions:\n<ul>\n<li>USB 2.0<\/li>\n<li>Ethernet LAN<\/li>\n<li>USB 3.2<\/li>\n<li>CI+<\/li>\n<li>HDMI 1.4<\/li>\n<\/ul>\n<\/li>\n<li>Rapport d&#8217;aspect: 16:9<\/li>\n<li>Classification \u00e9nerg\u00e9tique: E<\/li>\n<li>R\u00e9cepteur:\n<ul>\n<li>Num\u00e9rique<\/li>\n<li>DVB-C,DVB-S,DVB-S2,DVB-T,DVB-T2<\/li>\n<\/ul>\n<\/li>\n<li>Bloc d\u2019Alimentation: Cordon d&#8217;alimentation CA<\/li>\n<li>Technologie:\n<ul>\n<li>LED<\/li>\n<li>HDR<\/li>\n<li>D-LED<\/li>\n<\/ul>\n<\/li>\n<li>Puissance RMS: 20W<\/li>\n<li>TV intelligente: Oui<\/li>\n<li>Ecran: 50&#8243;<\/li>\n<li>Inclut:\n<ul>\n<li>T\u00e9l\u00e9commande<\/li>\n<li>Subwoofer<\/li>\n<\/ul>\n<\/li>\n<li>VESA: 30 x 20 cm<\/li>\n<li>R\u00e9solution: 4K Ultra HD<\/li>\n<li>Tension: 100 &#8211; 240 V<\/li>\n<li>Fr\u00e9quence d&#8217;entr\u00e9e AC: 50-60 Hz<\/li>\n<li>Fr\u00e9quence: 60 Hz<\/li>\n<li>Angle: 178\u00ba<\/li>\n<li>Montage: VESA<\/li>\n<li>Temps de r\u00e9ponse: 8 ms<\/li>\n<\/ul>","protected":false},"excerpt":{"rendered":"<p>Si vous \u00eates \u00e0 la recherche de nouvelles tendances sur le march\u00e9, nous vous pr\u00e9sentons TV intelligente Hisense 50A7Q 4K Ultra HD 50&#8243; LED HDR D-LED ! La Smart TV Hisense de 50 pouces se pr\u00e9sente comme une option polyvalente et efficace pour la maison, combinant technologie avanc\u00e9e et design moderne en noir avec un [&hellip;]<\/p>\n","protected":false},"featured_media":63354,"comment_status":"open","ping_status":"closed","template":"","meta":[],"product_brand":[1341],"product_cat":[589,65,957],"product_tag":[104],"class_list":{"0":"post-63356","1":"product","2":"type-product","3":"status-publish","4":"has-post-thumbnail","6":"product_brand-brandp_612","7":"product_cat-electronique-television","8":"product_cat-informatique-electronique","9":"product_cat-televisions-et-smart-tv","10":"product_tag-tag_1279","12":"first","13":"instock","14":"taxable","15":"shipping-taxable","16":"purchasable","17":"product-type-simple"},"_links":{"self":[{"href":"https:\/\/bigbuy.tupique.com\/en\/wp-json\/wp\/v2\/product\/63356","targetHints":{"allow":["GET"]}}],"collection":[{"href":"https:\/\/bigbuy.tupique.com\/en\/wp-json\/wp\/v2\/product"}],"about":[{"href":"https:\/\/bigbuy.tupique.com\/en\/wp-json\/wp\/v2\/types\/product"}],"replies":[{"embeddable":true,"href":"https:\/\/bigbuy.tupique.com\/en\/wp-json\/wp\/v2\/comments?post=63356"}],"wp:featuredmedia":[{"embeddable":true,"href":"https:\/\/bigbuy.tupique.com\/en\/wp-json\/wp\/v2\/media\/63354"}],"wp:attachment":[{"href":"https:\/\/bigbuy.tupique.com\/en\/wp-json\/wp\/v2\/media?parent=63356"}],"wp:term":[{"taxonomy":"product_brand","embeddable":true,"href":"https:\/\/bigbuy.tupique.com\/en\/wp-json\/wp\/v2\/product_brand?post=63356"},{"taxonomy":"product_cat","embeddable":true,"href":"https:\/\/bigbuy.tupique.com\/en\/wp-json\/wp\/v2\/product_cat?post=63356"},{"taxonomy":"product_tag","embeddable":true,"href":"https:\/\/bigbuy.tupique.com\/en\/wp-json\/wp\/v2\/product_tag?post=63356"}],"curies":[{"name":"wp","href":"https:\/\/api.w.org\/{rel}","templated":true}]}}