{"id":63315,"date":"2026-04-01T18:06:46","date_gmt":"2026-04-01T17:06:46","guid":{"rendered":"https:\/\/bigbuy.tupique.com\/produto\/smart-tv-philips-65oled770-4k-ultra-hd-65-ambilight-dvb-t2-oled-dvb-s2-nvidia-g-sync\/"},"modified":"2026-04-15T04:46:48","modified_gmt":"2026-04-15T03:46:48","slug":"smart-tv-philips-65oled770-4k-ultra-hd-65-ambilight-dvb-t2-oled-dvb-s2-nvidia-g-sync","status":"publish","type":"product","link":"https:\/\/bigbuy.tupique.com\/en\/produto\/smart-tv-philips-65oled770-4k-ultra-hd-65-ambilight-dvb-t2-oled-dvb-s2-nvidia-g-sync\/","title":{"rendered":"TV intelligente Philips 65OLED770 4K Ultra HD 65&#8243; Ambilight DVB-T2 OLED DVB-S2 NVIDIA G-SYNC"},"content":{"rendered":"<p>Si vous \u00eates \u00e0 la recherche de nouvelles tendances sur le march\u00e9, nous vous pr\u00e9sentons <b>TV intelligente Philips 65OLED770 4K Ultra HD 65&#8243; Ambilight DVB-T2 OLED DVB-S2 NVIDIA G-SYNC<\/b> !<\/p>\n<ul>\n<li>Classification \u00e9nerg\u00e9tique: F<\/li>\n<li>Connectivit\u00e9: Wi-Fi<\/li>\n<li>R\u00e9solution (px): 3840 x 2160 px<\/li>\n<li>Caract\u00e9ristiques:\n<ul>\n<li>\u00c9cran OLED<\/li>\n<li>TV intelligente<\/li>\n<li>Wi-Fi<\/li>\n<li>Ambilight<\/li>\n<li>Plate<\/li>\n<\/ul>\n<\/li>\n<li>Connexions:\n<ul>\n<li>HDMI<\/li>\n<li>Wireless LAN Adapter Support x 1<\/li>\n<li>Ethernet LAN<\/li>\n<li>RF x 1<\/li>\n<li>USB-A<\/li>\n<\/ul>\n<\/li>\n<li>Rapport d&#8217;aspect: 16:9<\/li>\n<li>Format: 16:9<\/li>\n<li>TV intelligente: Oui<\/li>\n<li>Ecran: 65&#8243;<\/li>\n<li>R\u00e9cepteur:\n<ul>\n<li>DVB-T<\/li>\n<li>DVB-C<\/li>\n<li>DVB-S2<\/li>\n<li>DVB-T2<\/li>\n<li>DVB-S<\/li>\n<\/ul>\n<\/li>\n<li>R\u00e9solution: 4K Ultra HD<\/li>\n<li>Technologie:\n<ul>\n<li>Ambilight<\/li>\n<li>DVB-T2<\/li>\n<li>OLED<\/li>\n<li>DVB-S2<\/li>\n<li>NVIDIA G-SYNC<\/li>\n<\/ul>\n<\/li>\n<li>Fr\u00e9quence: 120 Hz<\/li>\n<li>Montage: VESA<\/li>\n<li>Compatible:\n<ul>\n<li>VESA 400 x 400 mm<\/li>\n<li>VESA 400 x 300<\/li>\n<li>VESA 300 x 300 mm<\/li>\n<li>VESA 400 x 200 mm<\/li>\n<\/ul>\n<\/li>\n<li>Diagonale de l&#8217;\u00e9cran (cm): 165,1 cm<\/li>\n<li>Ann\u00e9e: 2024<\/li>\n<\/ul>","protected":false},"excerpt":{"rendered":"<p>Si vous \u00eates \u00e0 la recherche de nouvelles tendances sur le march\u00e9, nous vous pr\u00e9sentons TV intelligente Philips 65OLED770 4K Ultra HD 65&#8243; Ambilight DVB-T2 OLED DVB-S2 NVIDIA G-SYNC ! Classification \u00e9nerg\u00e9tique: F Connectivit\u00e9: Wi-Fi R\u00e9solution (px): 3840 x 2160 px Caract\u00e9ristiques: \u00c9cran OLED TV intelligente Wi-Fi Ambilight Plate Connexions: HDMI Wireless LAN Adapter Support [&hellip;]<\/p>\n","protected":false},"featured_media":63313,"comment_status":"open","ping_status":"closed","template":"","meta":[],"product_brand":[315],"product_cat":[589,65,957],"product_tag":[],"class_list":{"0":"post-63315","1":"product","2":"type-product","3":"status-publish","4":"has-post-thumbnail","6":"product_brand-brandp_571","7":"product_cat-electronique-television","8":"product_cat-informatique-electronique","9":"product_cat-televisions-et-smart-tv","11":"first","12":"instock","13":"taxable","14":"shipping-taxable","15":"purchasable","16":"product-type-simple"},"_links":{"self":[{"href":"https:\/\/bigbuy.tupique.com\/en\/wp-json\/wp\/v2\/product\/63315","targetHints":{"allow":["GET"]}}],"collection":[{"href":"https:\/\/bigbuy.tupique.com\/en\/wp-json\/wp\/v2\/product"}],"about":[{"href":"https:\/\/bigbuy.tupique.com\/en\/wp-json\/wp\/v2\/types\/product"}],"replies":[{"embeddable":true,"href":"https:\/\/bigbuy.tupique.com\/en\/wp-json\/wp\/v2\/comments?post=63315"}],"wp:featuredmedia":[{"embeddable":true,"href":"https:\/\/bigbuy.tupique.com\/en\/wp-json\/wp\/v2\/media\/63313"}],"wp:attachment":[{"href":"https:\/\/bigbuy.tupique.com\/en\/wp-json\/wp\/v2\/media?parent=63315"}],"wp:term":[{"taxonomy":"product_brand","embeddable":true,"href":"https:\/\/bigbuy.tupique.com\/en\/wp-json\/wp\/v2\/product_brand?post=63315"},{"taxonomy":"product_cat","embeddable":true,"href":"https:\/\/bigbuy.tupique.com\/en\/wp-json\/wp\/v2\/product_cat?post=63315"},{"taxonomy":"product_tag","embeddable":true,"href":"https:\/\/bigbuy.tupique.com\/en\/wp-json\/wp\/v2\/product_tag?post=63315"}],"curies":[{"name":"wp","href":"https:\/\/api.w.org\/{rel}","templated":true}]}}