{"id":63308,"date":"2026-04-01T18:06:39","date_gmt":"2026-04-01T17:06:39","guid":{"rendered":"https:\/\/bigbuy.tupique.com\/produto\/portable-air-conditioner-ufesa-alaska-9-2269f\/"},"modified":"2026-04-15T04:46:41","modified_gmt":"2026-04-15T03:46:41","slug":"portable-air-conditioner-ufesa-alaska-9-2269f","status":"publish","type":"product","link":"https:\/\/bigbuy.tupique.com\/en\/produto\/portable-air-conditioner-ufesa-alaska-9-2269f\/","title":{"rendered":"Climatiseur Portable UFESA ALASKA 9 2269F"},"content":{"rendered":"<p>Si vous recherchez des \u00e9lectrom\u00e9nagers pour votre maison aux meilleurs prix, ne manquez pas <b>Climatiseur Portable UFESA ALASKA 9 2269F<\/b> et une large s\u00e9lection de petits \u00e9lectrom\u00e9nagers de qualit\u00e9 !<\/p>\n<p>Le <b>Climatiseur Portable ALASKA 9 2269F<\/b> de la marque UFESA est un appareil compact et polyvalent con\u00e7u pour offrir des solutions de climatisation pratiques dans les espaces restreints ou \u00e0 mobilit\u00e9 limit\u00e9e. Ce mod\u00e8le portable se distingue par l\u2019utilisation du <b>r\u00e9frig\u00e9rant \u00e9cologique R-290<\/b>, reconnu pour son faible impact environnemental et sa haute efficacit\u00e9 \u00e9nerg\u00e9tique, ce qui en fait une option responsable et conforme aux normes actuelles. Il dispose d\u2019une <b>puissance frigorifique de 9000 BTU\/h<\/b>, adapt\u00e9e pour refroidir efficacement et rapidement des pi\u00e8ces de taille moyenne, garantissant un confort thermique optimal dans les maisons, bureaux ou petits commerces. Son design permet une installation et un d\u00e9placement faciles, facilitant son usage en diff\u00e9rents lieux sans travaux complexes ni installations fixes. De plus, il est adapt\u00e9 pour une <b>prise europ\u00e9enne (EU)<\/b>, assurant compatibilit\u00e9 et branchement imm\u00e9diat. L\u2019ALASKA 9 2269F allie performances techniques fiables et fonctionnement intuitif, constituant une solution fonctionnelle dans sa cat\u00e9gorie. Ce climatiseur portable se pr\u00e9sente comme une alternative pratique pour les utilisateurs n\u00e9cessitant une climatisation ponctuelle et adaptable dans leurs espaces.<\/p>\n<ul>\n<li>Produit \u00e0 brancher: Oui<\/li>\n<li>Type de prise: Prise EU<\/li>\n<li>Bloc d\u2019Alimentation: r\u00e9seau \u00e9lectrique<\/li>\n<li>Caract\u00e9ristiques: Portable<\/li>\n<li>R\u00e9frig\u00e9rant: R-290<\/li>\n<li>Puissance frigorifique: 9000 BTU\/h<\/li>\n<\/ul>","protected":false},"excerpt":{"rendered":"<p>Si vous recherchez des \u00e9lectrom\u00e9nagers pour votre maison aux meilleurs prix, ne manquez pas Climatiseur Portable UFESA ALASKA 9 2269F et une large s\u00e9lection de petits \u00e9lectrom\u00e9nagers de qualit\u00e9 ! Le Climatiseur Portable ALASKA 9 2269F de la marque UFESA est un appareil compact et polyvalent con\u00e7u pour offrir des solutions de climatisation pratiques dans [&hellip;]<\/p>\n","protected":false},"featured_media":63307,"comment_status":"open","ping_status":"closed","template":"","meta":[],"product_brand":[1648],"product_cat":[732,1334,239],"product_tag":[721,210],"class_list":{"0":"post-63308","1":"product","2":"type-product","3":"status-publish","4":"has-post-thumbnail","6":"product_brand-brandp_956","7":"product_cat-climatisation-et-chauffage","8":"product_cat-climatiseurs-et-ventilateurs","9":"product_cat-maison-jardin","10":"product_tag-tag_124","11":"product_tag-tag_25","13":"first","14":"instock","15":"taxable","16":"shipping-taxable","17":"purchasable","18":"product-type-simple"},"_links":{"self":[{"href":"https:\/\/bigbuy.tupique.com\/en\/wp-json\/wp\/v2\/product\/63308","targetHints":{"allow":["GET"]}}],"collection":[{"href":"https:\/\/bigbuy.tupique.com\/en\/wp-json\/wp\/v2\/product"}],"about":[{"href":"https:\/\/bigbuy.tupique.com\/en\/wp-json\/wp\/v2\/types\/product"}],"replies":[{"embeddable":true,"href":"https:\/\/bigbuy.tupique.com\/en\/wp-json\/wp\/v2\/comments?post=63308"}],"wp:featuredmedia":[{"embeddable":true,"href":"https:\/\/bigbuy.tupique.com\/en\/wp-json\/wp\/v2\/media\/63307"}],"wp:attachment":[{"href":"https:\/\/bigbuy.tupique.com\/en\/wp-json\/wp\/v2\/media?parent=63308"}],"wp:term":[{"taxonomy":"product_brand","embeddable":true,"href":"https:\/\/bigbuy.tupique.com\/en\/wp-json\/wp\/v2\/product_brand?post=63308"},{"taxonomy":"product_cat","embeddable":true,"href":"https:\/\/bigbuy.tupique.com\/en\/wp-json\/wp\/v2\/product_cat?post=63308"},{"taxonomy":"product_tag","embeddable":true,"href":"https:\/\/bigbuy.tupique.com\/en\/wp-json\/wp\/v2\/product_tag?post=63308"}],"curies":[{"name":"wp","href":"https:\/\/api.w.org\/{rel}","templated":true}]}}