{"id":63304,"date":"2026-04-01T18:06:35","date_gmt":"2026-04-01T17:06:35","guid":{"rendered":"https:\/\/bigbuy.tupique.com\/produto\/condensation-dryer-samsung-dv90db8845ghu3-white-9-kg\/"},"modified":"2026-04-15T04:46:38","modified_gmt":"2026-04-15T03:46:38","slug":"condensation-dryer-samsung-dv90db8845ghu3-white-9-kg","status":"publish","type":"product","link":"https:\/\/bigbuy.tupique.com\/en\/produto\/condensation-dryer-samsung-dv90db8845ghu3-white-9-kg\/","title":{"rendered":"S\u00e9choir \u00e0 condensation Samsung DV90DB8845GHU3 Blanc 9 kg"},"content":{"rendered":"<p>Si vous pensez r\u00e9nover votre cuisine, achetez <b>S\u00e9choir \u00e0 condensation Samsung DV90DB8845GHU3 Blanc 9 kg<\/b> et d\u00b4autres <b>produits Samsung<\/b> !<\/p>\n<p>Le <b>s\u00e9choir \u00e0 condensation Samsung DV90DB8845GHU3<\/b> en couleur <b>blanc<\/b> est un appareil con\u00e7u pour offrir un s\u00e9chage efficace et d\u00e9licat, id\u00e9al pour les foyers avec une forte demande de lessive. Ce s\u00e9choir se distingue par son syst\u00e8me de <b>pompe \u00e0 chaleur<\/b>, qui permet un s\u00e9chage \u00e0 basse temp\u00e9rature, r\u00e9duisant la consommation d\u2019\u00e9nergie et prot\u00e9geant les fibres des v\u00eatements, contribuant ainsi \u00e0 prolonger leur dur\u00e9e de vie. Avec une <b>capacit\u00e9 de 9 kg<\/b>, il convient aux charges importantes, facilitant le s\u00e9chage du linge de maison, des serviettes et des articles volumineux. Son <b>moteur inverter<\/b> assure un fonctionnement silencieux, efficace et durable, tandis que le niveau sonore maximal de <b>60 dB<\/b> garantit un environnement domestique calme. Le s\u00e9choir int\u00e8gre un <b>\u00e9cran int\u00e9gr\u00e9<\/b> qui facilite la s\u00e9lection et le contr\u00f4le de ses diff\u00e9rents programmes, incluant des options sp\u00e9cifiques pour le linge d\u00e9licat et technique, comme le linge de maison, les chemisiers, le coton bio, la soie, la laine, les synth\u00e9tiques, ainsi que des cycles de rafra\u00eechissement et d\u2019hygi\u00e9nisation pour les personnes allergiques. De plus, il propose des programmes sp\u00e9ciaux pour un repassage facile, un s\u00e9chage rapide, le silence et un r\u00e9glage intensif pour l\u2019ext\u00e9rieur, offrant une grande polyvalence selon les types de tissus et besoins. La classification <b>\u00e9nerg\u00e9tique A+++<\/b> confirme son excellente efficacit\u00e9 sur le march\u00e9, permettant une consommation \u00e9lectrique r\u00e9duite et une utilisation responsable des ressources. Le design blanc apporte une finition moderne, compatible avec diff\u00e9rents styles de cuisine ou buanderie, et la prise EU garantit une connexion adapt\u00e9e aux foyers europ\u00e9ens. En r\u00e9sum\u00e9, le <b>s\u00e9choir Samsung DV90DB8845GHU3<\/b> allie technologie avanc\u00e9e, efficacit\u00e9 \u00e9nerg\u00e9tique, grande capacit\u00e9 et multiples fonctions de s\u00e9chage adapt\u00e9es aux exigences actuelles, constituant une option fiable pour ceux qui recherchent performance et soin efficace du linge.<\/p>\n<ul>\n<li>Produit \u00e0 brancher: Oui<\/li>\n<li>Type de prise: Prise EU<\/li>\n<li>Couleur: Blanc<\/li>\n<li>Capacit\u00e9: 9 kg<\/li>\n<li>Classification \u00e9nerg\u00e9tique:\n<ul>\n<li>A+++<\/li>\n<li>A<\/li>\n<\/ul>\n<\/li>\n<li>Type:\n<ul>\n<li>S\u00e9choir \u00e0 condensation<\/li>\n<li>Pompe \u00e0 chaleur<\/li>\n<\/ul>\n<\/li>\n<li>Bloc d\u2019Alimentation: r\u00e9seau \u00e9lectrique<\/li>\n<\/ul>","protected":false},"excerpt":{"rendered":"<p><span class=\"unit-info\">153.9989 &euro; \/ 1 kg<\/span><\/p>","protected":false},"featured_media":63302,"comment_status":"open","ping_status":"closed","template":"","meta":[],"product_brand":[183],"product_cat":[239,240,751],"product_tag":[56],"class_list":{"0":"post-63304","1":"product","2":"type-product","3":"status-publish","4":"has-post-thumbnail","6":"product_brand-brandp_576","7":"product_cat-maison-jardin","8":"product_cat-nettoyage-aspirateur-et-repassage","9":"product_cat-seche-linge-fers-a-repasser-sechoirs","10":"product_tag-tag_930","12":"first","13":"instock","14":"taxable","15":"shipping-taxable","16":"purchasable","17":"product-type-simple"},"_links":{"self":[{"href":"https:\/\/bigbuy.tupique.com\/en\/wp-json\/wp\/v2\/product\/63304","targetHints":{"allow":["GET"]}}],"collection":[{"href":"https:\/\/bigbuy.tupique.com\/en\/wp-json\/wp\/v2\/product"}],"about":[{"href":"https:\/\/bigbuy.tupique.com\/en\/wp-json\/wp\/v2\/types\/product"}],"replies":[{"embeddable":true,"href":"https:\/\/bigbuy.tupique.com\/en\/wp-json\/wp\/v2\/comments?post=63304"}],"wp:featuredmedia":[{"embeddable":true,"href":"https:\/\/bigbuy.tupique.com\/en\/wp-json\/wp\/v2\/media\/63302"}],"wp:attachment":[{"href":"https:\/\/bigbuy.tupique.com\/en\/wp-json\/wp\/v2\/media?parent=63304"}],"wp:term":[{"taxonomy":"product_brand","embeddable":true,"href":"https:\/\/bigbuy.tupique.com\/en\/wp-json\/wp\/v2\/product_brand?post=63304"},{"taxonomy":"product_cat","embeddable":true,"href":"https:\/\/bigbuy.tupique.com\/en\/wp-json\/wp\/v2\/product_cat?post=63304"},{"taxonomy":"product_tag","embeddable":true,"href":"https:\/\/bigbuy.tupique.com\/en\/wp-json\/wp\/v2\/product_tag?post=63304"}],"curies":[{"name":"wp","href":"https:\/\/api.w.org\/{rel}","templated":true}]}}