{"id":63180,"date":"2026-04-01T17:51:57","date_gmt":"2026-04-01T16:51:57","guid":{"rendered":"https:\/\/bigbuy.tupique.com\/produto\/smart-tv-lg-oled65c54la-65-4k-ultra-hd-hdr-oled\/"},"modified":"2026-05-11T19:57:06","modified_gmt":"2026-05-11T17:57:06","slug":"smart-tv-lg-oled65c54la-65-4k-ultra-hd-hdr-oled","status":"publish","type":"product","link":"https:\/\/bigbuy.tupique.com\/en\/produto\/smart-tv-lg-oled65c54la-65-4k-ultra-hd-hdr-oled\/","title":{"rendered":"TV intelligente LG OLED65C54LA 65&#8243; 4K Ultra HD HDR OLED"},"content":{"rendered":"<p>Si vous \u00eates passionn\u00e9 d&#8217;<b>informatique et d&#8217;\u00e9lectronique<\/b>, si vous \u00eates \u00e0 la pointe de la technologie et qu&#8217;aucun d\u00e9tail ne vous \u00e9chappe, achetez <b>TV intelligente LG OLED65C54LA 65&#8243; 4K Ultra HD HDR OLED<\/b> au meilleur prix.<\/p>\n<p>La <b>Smart TV de 65 pouces<\/b> de LG offre une exp\u00e9rience audiovisuelle avanc\u00e9e qui combine technologie de pointe et design \u00e9l\u00e9gant en noir. Son <b>\u00e9cran plat de 65&#8243;<\/b> affiche une r\u00e9solution <b>4K Ultra HD (3840 x 2160 pixels)<\/b>, garantissant une image nette et d\u00e9taill\u00e9e, id\u00e9ale pour profiter de contenus en haute d\u00e9finition avec un grand r\u00e9alisme. Ce mod\u00e8le int\u00e8gre le syst\u00e8me d\u2019exploitation <b>WebOS version 25<\/b>, reconnu pour son interface intuitive et son large acc\u00e8s aux applications et services de streaming, facilitant la navigation et le contr\u00f4le intelligent de la t\u00e9l\u00e9vision. Gr\u00e2ce \u00e0 sa compatibilit\u00e9 avec les technologies <b>AMD FreeSync et NVIDIA G-SYNC<\/b>, il assure une reproduction fluide et sans interruptions, particuli\u00e8rement appr\u00e9ci\u00e9e pour les jeux vid\u00e9o et les contenus \u00e0 haute fr\u00e9quence d\u2019image. C\u00f4t\u00e9 son, il offre une puissance estim\u00e9e \u00e0 <b>40 W RMS<\/b>, d\u00e9livrant un son clair et puissant, capable de compl\u00e9ter la qualit\u00e9 visuelle par une ambiance sonore immersive. La connectivit\u00e9 est assur\u00e9e par un <b>WiFi int\u00e9gr\u00e9<\/b>, permettant un acc\u00e8s internet sans fil pour une utilisation plus confortable. De plus, il est compatible avec plusieurs formats de tuner, aussi bien <b>num\u00e9riques (DVB-C, DVB-S, DVB-S2, DVB-T, DVB-T2)<\/b> que <b>analogiques<\/b>, garantissant une grande polyvalence pour la r\u00e9ception des signaux conventionnels et satellite. Sa classification \u00e9nerg\u00e9tique est <b>F<\/b>, un point important pour les utilisateurs soucieux de leur consommation \u00e9lectrique. En r\u00e9sum\u00e9, cette Smart TV LG se distingue par sa taille, sa qualit\u00e9 d\u2019image, la fluidit\u00e9 de son affichage et sa connectivit\u00e9, en faisant une option polyvalente et fonctionnelle pour ceux qui souhaitent profiter de contenus multim\u00e9dias en haute r\u00e9solution avec un syst\u00e8me d\u2019exploitation rapide et compatible avec de nombreux services num\u00e9riques.<\/p>\n<ul>\n<li>Diagonale de l&#8217;\u00e9cran (cm):\n<ul>\n<li>165,1 cm<\/li>\n<li>162,6 cm<\/li>\n<\/ul>\n<\/li>\n<li>Son: 40 W<\/li>\n<li>R\u00e9solution (px): 3840 x 2160 px<\/li>\n<li>Couleur: Noir<\/li>\n<li>Caract\u00e9ristiques:\n<ul>\n<li>Navigation web<\/li>\n<li>TV intelligente<\/li>\n<li>Apple AirPlay 2<\/li>\n<li>\u00c9cran plat<\/li>\n<\/ul>\n<\/li>\n<li>Rapport d&#8217;aspect: 16:9<\/li>\n<li>Connectivit\u00e9:\n<ul>\n<li>Bluetooth<\/li>\n<li>Wi-Fi<\/li>\n<li>Interface commune<\/li>\n<li>Bluetooth 5.3<\/li>\n<li>eARC<\/li>\n<\/ul>\n<\/li>\n<li>Classification \u00e9nerg\u00e9tique: F<\/li>\n<li>Syst\u00e8me d&#8217;exploitation: webOS<\/li>\n<li>Bloc d\u2019Alimentation: Cordon d&#8217;alimentation CA<\/li>\n<li>TV intelligente: Oui<\/li>\n<li>Ecran: 65&#8243;<\/li>\n<li>Connexions:\n<ul>\n<li>RJ45<\/li>\n<li>Ethernet LAN<\/li>\n<li>RF x 2<\/li>\n<li>USB-A 3.2<\/li>\n<li>HDMI x 4<\/li>\n<\/ul>\n<\/li>\n<li>Inclut:\n<ul>\n<li>T\u00e9l\u00e9commande<\/li>\n<li>Subwoofer<\/li>\n<\/ul>\n<\/li>\n<li>VESA: 30 x 20 cm<\/li>\n<li>R\u00e9cepteur:\n<ul>\n<li>DVB-C,DVB-S,DVB-S2,DVB-T,DVB-T2<\/li>\n<li>Analogique et num\u00e9rique<\/li>\n<\/ul>\n<\/li>\n<li>Technologie:\n<ul>\n<li>HDR<\/li>\n<li>OLED<\/li>\n<\/ul>\n<\/li>\n<li>R\u00e9solution: 4K Ultra HD<\/li>\n<li>Tension: 100 &#8211; 240 V<\/li>\n<li>Fr\u00e9quence d&#8217;entr\u00e9e AC: 50-60 Hz<\/li>\n<li>consommation d&#8217;\u00e9nergie: 234 kWh<\/li>\n<li>Fr\u00e9quence: 120 Hz<\/li>\n<li>Montage: VESA<\/li>\n<li>Puissance RMS: 40 W<\/li>\n<\/ul>","protected":false},"excerpt":{"rendered":"<p>Si vous \u00eates passionn\u00e9 d&#8217;informatique et d&#8217;\u00e9lectronique, si vous \u00eates \u00e0 la pointe de la technologie et qu&#8217;aucun d\u00e9tail ne vous \u00e9chappe, achetez TV intelligente LG OLED65C54LA 65&#8243; 4K Ultra HD HDR OLED au meilleur prix. La Smart TV de 65 pouces de LG offre une exp\u00e9rience audiovisuelle avanc\u00e9e qui combine technologie de pointe et [&hellip;]<\/p>\n","protected":false},"featured_media":63178,"comment_status":"open","ping_status":"closed","template":"","meta":[],"product_brand":[662],"product_cat":[589,65,957],"product_tag":[],"class_list":{"0":"post-63180","1":"product","2":"type-product","3":"status-publish","4":"has-post-thumbnail","6":"product_brand-brandp_559","7":"product_cat-electronique-television","8":"product_cat-informatique-electronique","9":"product_cat-televisions-et-smart-tv","11":"first","12":"instock","13":"taxable","14":"shipping-taxable","15":"purchasable","16":"product-type-simple"},"_links":{"self":[{"href":"https:\/\/bigbuy.tupique.com\/en\/wp-json\/wp\/v2\/product\/63180","targetHints":{"allow":["GET"]}}],"collection":[{"href":"https:\/\/bigbuy.tupique.com\/en\/wp-json\/wp\/v2\/product"}],"about":[{"href":"https:\/\/bigbuy.tupique.com\/en\/wp-json\/wp\/v2\/types\/product"}],"replies":[{"embeddable":true,"href":"https:\/\/bigbuy.tupique.com\/en\/wp-json\/wp\/v2\/comments?post=63180"}],"wp:featuredmedia":[{"embeddable":true,"href":"https:\/\/bigbuy.tupique.com\/en\/wp-json\/wp\/v2\/media\/63178"}],"wp:attachment":[{"href":"https:\/\/bigbuy.tupique.com\/en\/wp-json\/wp\/v2\/media?parent=63180"}],"wp:term":[{"taxonomy":"product_brand","embeddable":true,"href":"https:\/\/bigbuy.tupique.com\/en\/wp-json\/wp\/v2\/product_brand?post=63180"},{"taxonomy":"product_cat","embeddable":true,"href":"https:\/\/bigbuy.tupique.com\/en\/wp-json\/wp\/v2\/product_cat?post=63180"},{"taxonomy":"product_tag","embeddable":true,"href":"https:\/\/bigbuy.tupique.com\/en\/wp-json\/wp\/v2\/product_tag?post=63180"}],"curies":[{"name":"wp","href":"https:\/\/api.w.org\/{rel}","templated":true}]}}