{"id":63160,"date":"2026-04-01T17:51:36","date_gmt":"2026-04-01T16:51:36","guid":{"rendered":"https:\/\/bigbuy.tupique.com\/produto\/pyrolytic-oven-aeg-gu5pb43fsm-72-l\/"},"modified":"2026-04-15T18:50:16","modified_gmt":"2026-04-15T17:50:16","slug":"pyrolytic-oven-aeg-gu5pb43fsm-72-l","status":"publish","type":"product","link":"https:\/\/bigbuy.tupique.com\/en\/produto\/pyrolytic-oven-aeg-gu5pb43fsm-72-l\/","title":{"rendered":"Four \u00e0 pyrolyse AEG GU5PB43FSM 72 L"},"content":{"rendered":"<p>Si vous \u00eates \u00e0 la recherche de nouvelles tendances sur le march\u00e9, nous vous pr\u00e9sentons <b>Four \u00e0 pyrolyse AEG GU5PB43FSM 72 L<\/b> !<\/p>\n<p>Le <b>four pyrolytique GU5PB43FSM<\/b> de <b>AEG<\/b> est un <b>four<\/b> con\u00e7u pour offrir une exp\u00e9rience de cuisson efficace et confortable, id\u00e9al pour ceux qui recherchent une fonctionnalit\u00e9 avanc\u00e9e avec un entretien facile. Avec une <b>finition en acier<\/b> apportant un aspect moderne et robuste, ce four se distingue par sa <b>capacit\u00e9 totale de 72 litres<\/b>, offrant suffisamment d\u2019espace pour pr\u00e9parer plusieurs plats ou pi\u00e8ces volumineuses. Sa <b>classe \u00e9nerg\u00e9tique A++<\/b> garantit une consommation r\u00e9duite, contribuant \u00e0 une utilisation plus durable et \u00e9conomique sur le long terme. \u00c9quip\u00e9 d\u2019un syst\u00e8me de nettoyage pyrolytique, le four utilise des temp\u00e9ratures \u00e9lev\u00e9es pour transformer les r\u00e9sidus et graisses en cendres faciles \u00e0 \u00e9liminer, supprimant le besoin de produits chimiques et rendant l\u2019entretien simple et pratique. Il dispose \u00e9galement d\u2019une <b>lumi\u00e8re int\u00e9rieure<\/b> permettant de visualiser l\u2019\u00e9tat de la cuisson sans ouvrir la porte, aidant \u00e0 conserver la temp\u00e9rature interne et \u00e0 obtenir des r\u00e9sultats homog\u00e8nes. La combinaison de commandes <b>rotatives et tactiles<\/b> offre une manipulation intuitive et pr\u00e9cise, facilitant la s\u00e9lection des programmes et r\u00e9glages selon les besoins de l\u2019utilisateur. De plus, sa surface est <b>anti-traces<\/b>, ce qui aide \u00e0 garder un aspect propre et \u00e9l\u00e9gant avec peu d\u2019effort. Bien qu\u2019il ne dispose pas de fonction cuisson vapeur, son design et ses performances sont orient\u00e9s vers une cuisson efficace des plats classiques et r\u00f4tis. Ce four pyrolytique AEG repr\u00e9sente un bon \u00e9quilibre entre technologie et capacit\u00e9, pens\u00e9 pour ceux qui valorisent l\u2019efficacit\u00e9 \u00e9nerg\u00e9tique, la facilit\u00e9 de nettoyage et un contr\u00f4le confortable en cuisine.<\/p>\n<ul>\n<li>Type de four:\n<ul>\n<li>Four<\/li>\n<li>Four \u00e0 pyrolyse<\/li>\n<\/ul>\n<\/li>\n<li>Produit \u00e0 brancher: Oui<\/li>\n<li>Type de prise: Prise EU<\/li>\n<li>Couleur: Acier<\/li>\n<li>Type: Four \u00e0 pyrolyse<\/li>\n<li>Capacit\u00e9: 72 L<\/li>\n<li>Classification \u00e9nerg\u00e9tique: A++<\/li>\n<li>Bloc d\u2019Alimentation: r\u00e9seau \u00e9lectrique<\/li>\n<li>Caract\u00e9ristiques: Lumi\u00e8re int\u00e9rieure<\/li>\n<li>Type de commande: Plaque Tournante<\/li>\n<\/ul>","protected":false},"excerpt":{"rendered":"<p><span class=\"unit-info\">7.9860 &euro; \/ 1 l<\/span><\/p>","protected":false},"featured_media":63158,"comment_status":"open","ping_status":"closed","template":"","meta":[],"product_brand":[1386],"product_cat":[60,747,77],"product_tag":[55],"class_list":{"0":"post-63160","1":"product","2":"type-product","3":"status-publish","4":"has-post-thumbnail","6":"product_brand-brandp_679","7":"product_cat-cuisine-gourmet","8":"product_cat-fours","9":"product_cat-petit-electromenager","10":"product_tag-tag_926","12":"first","13":"instock","14":"taxable","15":"shipping-taxable","16":"purchasable","17":"product-type-simple"},"_links":{"self":[{"href":"https:\/\/bigbuy.tupique.com\/en\/wp-json\/wp\/v2\/product\/63160","targetHints":{"allow":["GET"]}}],"collection":[{"href":"https:\/\/bigbuy.tupique.com\/en\/wp-json\/wp\/v2\/product"}],"about":[{"href":"https:\/\/bigbuy.tupique.com\/en\/wp-json\/wp\/v2\/types\/product"}],"replies":[{"embeddable":true,"href":"https:\/\/bigbuy.tupique.com\/en\/wp-json\/wp\/v2\/comments?post=63160"}],"wp:featuredmedia":[{"embeddable":true,"href":"https:\/\/bigbuy.tupique.com\/en\/wp-json\/wp\/v2\/media\/63158"}],"wp:attachment":[{"href":"https:\/\/bigbuy.tupique.com\/en\/wp-json\/wp\/v2\/media?parent=63160"}],"wp:term":[{"taxonomy":"product_brand","embeddable":true,"href":"https:\/\/bigbuy.tupique.com\/en\/wp-json\/wp\/v2\/product_brand?post=63160"},{"taxonomy":"product_cat","embeddable":true,"href":"https:\/\/bigbuy.tupique.com\/en\/wp-json\/wp\/v2\/product_cat?post=63160"},{"taxonomy":"product_tag","embeddable":true,"href":"https:\/\/bigbuy.tupique.com\/en\/wp-json\/wp\/v2\/product_tag?post=63160"}],"curies":[{"name":"wp","href":"https:\/\/api.w.org\/{rel}","templated":true}]}}