{"id":63139,"date":"2026-04-01T17:51:12","date_gmt":"2026-04-01T16:51:12","guid":{"rendered":"https:\/\/bigbuy.tupique.com\/produto\/stick-vacuum-cleaner-samsung-vs20c9542tn-wa\/"},"modified":"2026-04-15T04:08:59","modified_gmt":"2026-04-15T03:08:59","slug":"stick-vacuum-cleaner-samsung-vs20c9542tn-wa","status":"publish","type":"product","link":"https:\/\/bigbuy.tupique.com\/en\/produto\/stick-vacuum-cleaner-samsung-vs20c9542tn-wa\/","title":{"rendered":"Aspirateur balai Samsung VS20C9542TN\/WA"},"content":{"rendered":"<p>Si vous recherchez des \u00e9lectrom\u00e9nagers pour votre maison aux meilleurs prix, ne manquez pas <b>Aspirateur balai Samsung VS20C9542TN\/WA<\/b> et une large s\u00e9lection de petits \u00e9lectrom\u00e9nagers de qualit\u00e9 !<\/p>\n<p>Le <b>aspirateur balai<\/b> de <b>Samsung<\/b> est la solution parfaite pour ceux qui recherchent efficacit\u00e9 et polyvalence dans le nettoyage de la maison. Avec un design \u00e9l\u00e9gant en deux teintes, <b>noir<\/b> et <b>vert<\/b>, cet aspirateur allie esth\u00e9tique et fonctionnalit\u00e9, devenant un \u00e9l\u00e9ment attrayant dans n&#8217;importe quel espace. Fabriqu\u00e9 avec des <b>mat\u00e9riaux m\u00e9talliques<\/b>, il garantit durabilit\u00e9 et r\u00e9sistance au fil du temps. Ce mod\u00e8le se distingue par sa <b>batterie<\/b> haute performance, permettant un nettoyage prolong\u00e9 sans interruptions, offrant une exp\u00e9rience sans fil qui facilite le mouvement dans chaque recoin de la maison. Son design <b>flexible<\/b> permet d&#8217;atteindre des zones difficiles, comme sous les meubles ou dans des coins \u00e9troits, rendant le nettoyage beaucoup plus simple. De plus, il est \u00e9quip\u00e9 d&#8217;une <b>buse \u00e9troite<\/b> id\u00e9ale pour nettoyer les recoins et les espaces r\u00e9duits, garantissant que chaque particule de salet\u00e9 soit \u00e9limin\u00e9e efficacement. Cet aspirateur est un choix judicieux pour ceux qui souhaitent garder leur maison propre et ordonn\u00e9e sans effort et avec style. Sa combinaison de technologie, de design et de fonctionnalit\u00e9 en fait un outil indispensable pour le nettoyage quotidien.<\/p>\n<ul>\n<li>Type: Sec<\/li>\n<li>Couleur: Noir<\/li>\n<li>Mati\u00e8re: M\u00e9tal<\/li>\n<li>Caract\u00e9ristiques:\n<ul>\n<li>Buse \u00e9troite<\/li>\n<li>Aspirateur \u00e0 main amovible<\/li>\n<\/ul>\n<\/li>\n<li>Temps de charge approx.: 3,5 heures<\/li>\n<li>Largeur: 25 cm<\/li>\n<li>Autonomie approx.: 1 heure<\/li>\n<li>Tension: 25,2 V<\/li>\n<li>Technologie: LCD<\/li>\n<li>Type de batterie: Litio Ion<\/li>\n<\/ul>","protected":false},"excerpt":{"rendered":"<p><span class=\"unit-info\">56.6238 &euro; \/ 100 ml<\/span><\/p>","protected":false},"featured_media":63094,"comment_status":"open","ping_status":"closed","template":"","meta":[],"product_brand":[183],"product_cat":[762,239,240],"product_tag":[56,210],"class_list":{"0":"post-63139","1":"product","2":"type-product","3":"status-publish","4":"has-post-thumbnail","6":"product_brand-brandp_576","7":"product_cat-aspirateurs-et-robots","8":"product_cat-maison-jardin","9":"product_cat-nettoyage-aspirateur-et-repassage","10":"product_tag-tag_930","11":"product_tag-tag_25","13":"first","14":"instock","15":"taxable","16":"shipping-taxable","17":"purchasable","18":"product-type-simple"},"_links":{"self":[{"href":"https:\/\/bigbuy.tupique.com\/en\/wp-json\/wp\/v2\/product\/63139","targetHints":{"allow":["GET"]}}],"collection":[{"href":"https:\/\/bigbuy.tupique.com\/en\/wp-json\/wp\/v2\/product"}],"about":[{"href":"https:\/\/bigbuy.tupique.com\/en\/wp-json\/wp\/v2\/types\/product"}],"replies":[{"embeddable":true,"href":"https:\/\/bigbuy.tupique.com\/en\/wp-json\/wp\/v2\/comments?post=63139"}],"wp:featuredmedia":[{"embeddable":true,"href":"https:\/\/bigbuy.tupique.com\/en\/wp-json\/wp\/v2\/media\/63094"}],"wp:attachment":[{"href":"https:\/\/bigbuy.tupique.com\/en\/wp-json\/wp\/v2\/media?parent=63139"}],"wp:term":[{"taxonomy":"product_brand","embeddable":true,"href":"https:\/\/bigbuy.tupique.com\/en\/wp-json\/wp\/v2\/product_brand?post=63139"},{"taxonomy":"product_cat","embeddable":true,"href":"https:\/\/bigbuy.tupique.com\/en\/wp-json\/wp\/v2\/product_cat?post=63139"},{"taxonomy":"product_tag","embeddable":true,"href":"https:\/\/bigbuy.tupique.com\/en\/wp-json\/wp\/v2\/product_tag?post=63139"}],"curies":[{"name":"wp","href":"https:\/\/api.w.org\/{rel}","templated":true}]}}