{"id":63082,"date":"2026-04-01T17:49:43","date_gmt":"2026-04-01T16:49:43","guid":{"rendered":"https:\/\/bigbuy.tupique.com\/produto\/washer-dryer-siemens-ag-wn44g2a0es-1400-rpm-10-kg-6-kg\/"},"modified":"2026-04-15T04:07:50","modified_gmt":"2026-04-15T03:07:50","slug":"washer-dryer-siemens-ag-wn44g2a0es-1400-rpm-10-kg-6-kg","status":"publish","type":"product","link":"https:\/\/bigbuy.tupique.com\/en\/produto\/washer-dryer-siemens-ag-wn44g2a0es-1400-rpm-10-kg-6-kg\/","title":{"rendered":"Laveuse &#8211; S\u00e9cheuse Siemens AG WN44G2A0ES 1400 rpm 10 kg 6 Kg"},"content":{"rendered":"<p>Si vous pensez r\u00e9nover votre cuisine, achetez <b>Laveuse &#8211; S\u00e9cheuse Siemens AG WN44G2A0ES 1400 rpm 10 kg 6 Kg<\/b> et d\u00b4autres <b>produits Siemens AG<\/b> !<\/p>\n<p>La lave-linge-s\u00e8che-linge WN44G2A0ES de Siemens AG allie efficacit\u00e9 et fonctionnalit\u00e9 dans un design compact et \u00e9l\u00e9gant de couleur blanche. Cet appareil \u00e9lectrom\u00e9nager dispose d&#8217;une capacit\u00e9 de lavage de 10,5 kg et d&#8217;une capacit\u00e9 de s\u00e9chage de 6 kg, ce qui en fait une option id\u00e9ale pour les foyers de taille moyenne \u00e0 grande. Sa vitesse d&#8217;essorage maximale de 1400 tr\/min garantit un s\u00e9chage plus rapide du linge, optimisant le temps consacr\u00e9 aux t\u00e2ches m\u00e9nag\u00e8res. De plus, il est \u00e9quip\u00e9 d&#8217;\u00e9tiquettes d&#8217;efficacit\u00e9 \u00e9nerg\u00e9tique qui assurent une faible consommation. La classe A se r\u00e9f\u00e8re \u00e0 l&#8217;efficacit\u00e9 en lavage, tandis que la classe D s&#8217;applique au lavage et au s\u00e9chage, offrant une performance \u00e9quilibr\u00e9e et respectueuse de l&#8217;environnement.<\/p>\n<p>Parmi les programmes de lavage disponibles, on trouve plusieurs options telles que Froid, D\u00e9licat\/satin, Intensif\/ext\u00e9rieurs et Pr\u00e9lavage, chacun con\u00e7u pour prendre soin de diff\u00e9rents types de tissus. Pour les situations n\u00e9cessitant rapidit\u00e9, la fonction Quick 15min permet un lavage express, id\u00e9al pour les urgences. Il dispose \u00e9galement de programmes de s\u00e9chage qui se compl\u00e8tent avec sa fonction Wash &amp; Dry, garantissant que le linge soit compl\u00e8tement pr\u00eat \u00e0 l&#8217;emploi. Ce mod\u00e8le est con\u00e7u pour une installation sous plan de travail, facilitant son int\u00e9gration dans des espaces r\u00e9duits.<\/p>\n<p>Caract\u00e9ristiques principales :<\/p>\n<p>&#8211; Capacit\u00e9 de lavage : 10,5 kg<\/p>\n<p>&#8211; Capacit\u00e9 de s\u00e9chage : 6 kg<\/p>\n<p>&#8211; Vitesse d&#8217;essorage maximale : 1400 tr\/min<\/p>\n<p>&#8211; Classe \u00e9nerg\u00e9tique pour le lavage : A<\/p>\n<p>&#8211; Classe \u00e9nerg\u00e9tique pour le lavage et le s\u00e9chage : D<\/p>\n<p>&#8211; Installation : sous plan de travail<\/p>\n<p>&#8211; Programmes de lavage : Froid, D\u00e9licat\/satin, Intensif\/ext\u00e9rieurs, Mixte, Ext\u00e9rieur, Pr\u00e9lavage, Quick 15min, Rin\u00e7age, Essorage\/drainage<\/p>\n<p>&#8211; Programmes de s\u00e9chage : Wash &amp; Dry<\/p>\n<p>La lave-linge-s\u00e8che-linge WN44G2A0ES de Siemens AG est la solution parfaite pour ceux qui recherchent un appareil \u00e9lectrom\u00e9nager puissant, efficace et adapt\u00e9 \u00e0 leurs besoins quotidiens.<\/p>\n<ul>\n<li>Type d&#8217;installation: Sous le plan de travail<\/li>\n<li>Produit \u00e0 brancher: Oui<\/li>\n<li>Langue: Espagnol<\/li>\n<li>Type de prise: Prise EU<\/li>\n<li>Bloc d\u2019Alimentation: r\u00e9seau \u00e9lectrique<\/li>\n<li>Couleur:\n<ul>\n<li>Blanc<\/li>\n<li>Noir<\/li>\n<\/ul>\n<\/li>\n<li>Largeur: 60 cm<\/li>\n<li>Classification \u00e9nerg\u00e9tique:\n<ul>\n<li>A<\/li>\n<li>D<\/li>\n<\/ul>\n<\/li>\n<li>vitesse: 1400 rpm<\/li>\n<li>Capacit\u00e9:\n<ul>\n<li>10 kg<\/li>\n<li>6 Kg<\/li>\n<\/ul>\n<\/li>\n<\/ul>","protected":false},"excerpt":{"rendered":"<p><span class=\"unit-info\">238.6650 &euro; \/ 1 kg<\/span><\/p>","protected":false},"featured_media":63080,"comment_status":"open","ping_status":"closed","template":"","meta":[],"product_brand":[851],"product_cat":[239,240,751],"product_tag":[],"class_list":{"0":"post-63082","1":"product","2":"type-product","3":"status-publish","4":"has-post-thumbnail","6":"product_brand-brandp_930","7":"product_cat-maison-jardin","8":"product_cat-nettoyage-aspirateur-et-repassage","9":"product_cat-seche-linge-fers-a-repasser-sechoirs","11":"first","12":"instock","13":"taxable","14":"shipping-taxable","15":"purchasable","16":"product-type-simple"},"_links":{"self":[{"href":"https:\/\/bigbuy.tupique.com\/en\/wp-json\/wp\/v2\/product\/63082","targetHints":{"allow":["GET"]}}],"collection":[{"href":"https:\/\/bigbuy.tupique.com\/en\/wp-json\/wp\/v2\/product"}],"about":[{"href":"https:\/\/bigbuy.tupique.com\/en\/wp-json\/wp\/v2\/types\/product"}],"replies":[{"embeddable":true,"href":"https:\/\/bigbuy.tupique.com\/en\/wp-json\/wp\/v2\/comments?post=63082"}],"wp:featuredmedia":[{"embeddable":true,"href":"https:\/\/bigbuy.tupique.com\/en\/wp-json\/wp\/v2\/media\/63080"}],"wp:attachment":[{"href":"https:\/\/bigbuy.tupique.com\/en\/wp-json\/wp\/v2\/media?parent=63082"}],"wp:term":[{"taxonomy":"product_brand","embeddable":true,"href":"https:\/\/bigbuy.tupique.com\/en\/wp-json\/wp\/v2\/product_brand?post=63082"},{"taxonomy":"product_cat","embeddable":true,"href":"https:\/\/bigbuy.tupique.com\/en\/wp-json\/wp\/v2\/product_cat?post=63082"},{"taxonomy":"product_tag","embeddable":true,"href":"https:\/\/bigbuy.tupique.com\/en\/wp-json\/wp\/v2\/product_tag?post=63082"}],"curies":[{"name":"wp","href":"https:\/\/api.w.org\/{rel}","templated":true}]}}