{"id":63000,"date":"2026-04-01T17:47:00","date_gmt":"2026-04-01T16:47:00","guid":{"rendered":"https:\/\/bigbuy.tupique.com\/produto\/washing-machine-candy-tca063d3s-1000-rpm-6-kg-41-cm\/"},"modified":"2026-04-16T13:20:46","modified_gmt":"2026-04-16T12:20:46","slug":"washing-machine-candy-tca063d3s-1000-rpm-6-kg-41-cm","status":"publish","type":"product","link":"https:\/\/bigbuy.tupique.com\/en\/produto\/washing-machine-candy-tca063d3s-1000-rpm-6-kg-41-cm\/","title":{"rendered":"Machine \u00e0 laver Candy TCA063D3S 1000 rpm 6 Kg 41 cm"},"content":{"rendered":"<p>Si vous recherchez des \u00e9lectrom\u00e9nagers pour votre maison aux meilleurs prix, ne manquez pas <b>Machine \u00e0 laver Candy TCA063D3S 1000 rpm 6 Kg 41 cm<\/b> et une large s\u00e9lection de petits \u00e9lectrom\u00e9nagers de qualit\u00e9 !<\/p>\n<p>La <b>lave-linge Candy TCA063D3S<\/b> est un appareil con\u00e7u pour offrir une solution pratique et efficace dans les espaces r\u00e9duits, avec une <b>capacit\u00e9 de charge de 6 kg<\/b> adapt\u00e9e aux petits foyers ou aux lavages fr\u00e9quents de v\u00eatements quotidiens. Son <b>type de chargement par le dessus<\/b> facilite l\u2019introduction et la sortie du linge, optimisant l\u2019ergonomie et l\u2019usage sur plans bas gr\u00e2ce \u00e0 sa conception pour <b>installation sous plan de travail<\/b>. Ce lave-linge pr\u00e9sente une <b>classe d\u2019efficacit\u00e9 \u00e9nerg\u00e9tique C<\/b>, garantissant un bon \u00e9quilibre entre consommation et performance. Il dispose d\u2019un moteur pouvant atteindre un maximum de <b>1000 tours par minute en essorage<\/b>, ce qui r\u00e9duit l\u2019humidit\u00e9 r\u00e9siduelle du linge apr\u00e8s lavage et acc\u00e9l\u00e8re le s\u00e9chage. Son <b>niveau sonore en essorage de 75 dB<\/b> se situe dans la norme pour ce type d\u2019appareil, assurant un fonctionnement efficace sans exc\u00e8s de bruit. Parmi ses fonctions, on trouve la <b>programmation diff\u00e9r\u00e9e<\/b> qui permet d\u2019adapter le d\u00e9marrage du cycle aux besoins de l\u2019utilisateur, ainsi qu\u2019un <b>contr\u00f4le automatique de la charge<\/b> qui ajuste la consommation d\u2019eau et d\u2019\u00e9nergie selon le poids du tambour pour optimiser les r\u00e9sultats. Ce lave-linge offre un large choix de <b>16 programmes de lavage<\/b> polyvalents, adapt\u00e9s \u00e0 diff\u00e9rents tissus et salissures, incluant des cycles pour linge color\u00e9, coton, d\u00e9licats comme la soie, m\u00e9langes, v\u00eatements de sport, ainsi que des options rapides comme le cycle de 14 minutes ou le cycle Quick de 30 minutes, id\u00e9aux pour un linge peu sale ou un lavage urgent. Il int\u00e8gre \u00e9galement des fonctions sp\u00e9cifiques pour prot\u00e9ger les tissus d\u00e9licats et laver \u00e0 des temp\u00e9ratures \u00e9co, contribuant \u00e0 une consommation \u00e9nerg\u00e9tique r\u00e9duite. Sa finition en <b>blanc<\/b> facilite son int\u00e9gration esth\u00e9tique dans toute cuisine ou espace de lavage. Le lave-linge Candy TCA063D3S comprend aussi des dispositifs de s\u00e9curit\u00e9 tels que le <b>verrouillage enfant<\/b>, et des technologies connect\u00e9es Bluetooth et Wi-Fi, permettant \u00e0 l\u2019utilisateur de piloter et surveiller l\u2019appareil depuis un mobile, offrant un niveau technologique avanc\u00e9 pour sa cat\u00e9gorie. Gr\u00e2ce \u00e0 ces caract\u00e9ristiques, ce lave-linge constitue une option pratique et fonctionnelle pour ceux qui recherchent un appareil compact, facile \u00e0 installer, avec une offre compl\u00e8te de programmes pour un lavage polyvalent et efficace au quotidien.<\/p>\n<ul>\n<li>Produit \u00e0 brancher: Oui<\/li>\n<li>Langue: Espagnol<\/li>\n<li>Type de prise: Prise EU<\/li>\n<li>Type de charge: Sup\u00e9rieur<\/li>\n<li>Type d&#8217;installation: Sous le plan de travail<\/li>\n<li>Bloc d\u2019Alimentation: r\u00e9seau \u00e9lectrique<\/li>\n<li>Classification \u00e9nerg\u00e9tique: C<\/li>\n<li>vitesse: 1000 rpm<\/li>\n<li>Capacit\u00e9: 6 Kg<\/li>\n<li>Couleur: Blanc<\/li>\n<li>Caract\u00e9ristiques:\n<ul>\n<li>Verrouillage pour enfants<\/li>\n<li>\u00c9cran integr\u00e9<\/li>\n<li>Temp\u00e9rature r\u00e9glable<\/li>\n<\/ul>\n<\/li>\n<li>Connectivit\u00e9:\n<ul>\n<li>Bluetooth<\/li>\n<li>Wi-Fi<\/li>\n<\/ul>\n<\/li>\n<li>Tension: 220-240 V<\/li>\n<li>Largeur: 41 cm<\/li>\n<\/ul>","protected":false},"excerpt":{"rendered":"<p><span class=\"unit-info\">84.4983 &euro; \/ 1 kg<\/span><\/p>","protected":false},"featured_media":62995,"comment_status":"open","ping_status":"closed","template":"","meta":[],"product_brand":[995],"product_cat":[239,240,751],"product_tag":[],"class_list":{"0":"post-63000","1":"product","2":"type-product","3":"status-publish","4":"has-post-thumbnail","6":"product_brand-brandp_1688","7":"product_cat-maison-jardin","8":"product_cat-nettoyage-aspirateur-et-repassage","9":"product_cat-seche-linge-fers-a-repasser-sechoirs","11":"first","12":"instock","13":"taxable","14":"shipping-taxable","15":"purchasable","16":"product-type-simple"},"_links":{"self":[{"href":"https:\/\/bigbuy.tupique.com\/en\/wp-json\/wp\/v2\/product\/63000","targetHints":{"allow":["GET"]}}],"collection":[{"href":"https:\/\/bigbuy.tupique.com\/en\/wp-json\/wp\/v2\/product"}],"about":[{"href":"https:\/\/bigbuy.tupique.com\/en\/wp-json\/wp\/v2\/types\/product"}],"replies":[{"embeddable":true,"href":"https:\/\/bigbuy.tupique.com\/en\/wp-json\/wp\/v2\/comments?post=63000"}],"wp:featuredmedia":[{"embeddable":true,"href":"https:\/\/bigbuy.tupique.com\/en\/wp-json\/wp\/v2\/media\/62995"}],"wp:attachment":[{"href":"https:\/\/bigbuy.tupique.com\/en\/wp-json\/wp\/v2\/media?parent=63000"}],"wp:term":[{"taxonomy":"product_brand","embeddable":true,"href":"https:\/\/bigbuy.tupique.com\/en\/wp-json\/wp\/v2\/product_brand?post=63000"},{"taxonomy":"product_cat","embeddable":true,"href":"https:\/\/bigbuy.tupique.com\/en\/wp-json\/wp\/v2\/product_cat?post=63000"},{"taxonomy":"product_tag","embeddable":true,"href":"https:\/\/bigbuy.tupique.com\/en\/wp-json\/wp\/v2\/product_tag?post=63000"}],"curies":[{"name":"wp","href":"https:\/\/api.w.org\/{rel}","templated":true}]}}