{"id":62957,"date":"2026-04-01T17:46:05","date_gmt":"2026-04-01T16:46:05","guid":{"rendered":"https:\/\/bigbuy.tupique.com\/produto\/projector-dangbei-atom-1200-lm\/"},"modified":"2026-04-15T03:32:11","modified_gmt":"2026-04-15T02:32:11","slug":"projector-dangbei-atom-1200-lm","status":"publish","type":"product","link":"https:\/\/bigbuy.tupique.com\/en\/produto\/projector-dangbei-atom-1200-lm\/","title":{"rendered":"Projecteur Dangbei ATOM 1200 Lm"},"content":{"rendered":"<p>Si vous \u00eates passionn\u00e9 d&#8217;<b>informatique et d&#8217;\u00e9lectronique<\/b>, si vous \u00eates \u00e0 la pointe de la technologie et qu&#8217;aucun d\u00e9tail ne vous \u00e9chappe, achetez <b>Projecteur Dangbei ATOM 1200 Lm<\/b> au meilleur prix.<\/p>\n<ul>\n<li>Type: Projecteur<\/li>\n<li>Couleur: Noir<\/li>\n<li>R\u00e9solution (px): 1080 px<\/li>\n<li>Connexions:\n<ul>\n<li>HDMI<\/li>\n<li>USB<\/li>\n<li>Mini Jack 3.5 mm<\/li>\n<\/ul>\n<\/li>\n<li>M\u00e9moire interne: 32 GB<\/li>\n<li>Flux lumineux: 1200 Lm<\/li>\n<\/ul>","protected":false},"excerpt":{"rendered":"<p>Si vous \u00eates passionn\u00e9 d&#8217;informatique et d&#8217;\u00e9lectronique, si vous \u00eates \u00e0 la pointe de la technologie et qu&#8217;aucun d\u00e9tail ne vous \u00e9chappe, achetez Projecteur Dangbei ATOM 1200 Lm au meilleur prix. Type: Projecteur Couleur: Noir R\u00e9solution (px): 1080 px Connexions: HDMI USB Mini Jack 3.5 mm M\u00e9moire interne: 32 GB Flux lumineux: 1200 Lm<\/p>","protected":false},"featured_media":62956,"comment_status":"open","ping_status":"closed","template":"","meta":[],"product_brand":[1621],"product_cat":[65,581,583],"product_tag":[],"class_list":{"0":"post-62957","1":"product","2":"type-product","3":"status-publish","4":"has-post-thumbnail","6":"product_brand-brandp_10159","7":"product_cat-informatique-electronique","8":"product_cat-informatique-peripheriques-et-consommables","9":"product_cat-projecteurs","11":"first","12":"instock","13":"taxable","14":"shipping-taxable","15":"purchasable","16":"product-type-simple"},"_links":{"self":[{"href":"https:\/\/bigbuy.tupique.com\/en\/wp-json\/wp\/v2\/product\/62957","targetHints":{"allow":["GET"]}}],"collection":[{"href":"https:\/\/bigbuy.tupique.com\/en\/wp-json\/wp\/v2\/product"}],"about":[{"href":"https:\/\/bigbuy.tupique.com\/en\/wp-json\/wp\/v2\/types\/product"}],"replies":[{"embeddable":true,"href":"https:\/\/bigbuy.tupique.com\/en\/wp-json\/wp\/v2\/comments?post=62957"}],"wp:featuredmedia":[{"embeddable":true,"href":"https:\/\/bigbuy.tupique.com\/en\/wp-json\/wp\/v2\/media\/62956"}],"wp:attachment":[{"href":"https:\/\/bigbuy.tupique.com\/en\/wp-json\/wp\/v2\/media?parent=62957"}],"wp:term":[{"taxonomy":"product_brand","embeddable":true,"href":"https:\/\/bigbuy.tupique.com\/en\/wp-json\/wp\/v2\/product_brand?post=62957"},{"taxonomy":"product_cat","embeddable":true,"href":"https:\/\/bigbuy.tupique.com\/en\/wp-json\/wp\/v2\/product_cat?post=62957"},{"taxonomy":"product_tag","embeddable":true,"href":"https:\/\/bigbuy.tupique.com\/en\/wp-json\/wp\/v2\/product_tag?post=62957"}],"curies":[{"name":"wp","href":"https:\/\/api.w.org\/{rel}","templated":true}]}}