{"id":62955,"date":"2026-04-01T17:46:03","date_gmt":"2026-04-01T16:46:03","guid":{"rendered":"https:\/\/bigbuy.tupique.com\/produto\/freezer-hisense-ft3b213sawe-white-235-l\/"},"modified":"2026-04-15T03:32:09","modified_gmt":"2026-04-15T02:32:09","slug":"freezer-hisense-ft3b213sawe-white-235-l","status":"publish","type":"product","link":"https:\/\/bigbuy.tupique.com\/en\/produto\/freezer-hisense-ft3b213sawe-white-235-l\/","title":{"rendered":"Cong\u00e9lateur Hisense FT3B213SAWE Blanc 235 L"},"content":{"rendered":"<p>Si vous pensez r\u00e9nover votre cuisine, achetez <b>Cong\u00e9lateur Hisense FT3B213SAWE Blanc 235 L<\/b> et d\u00b4autres <b>produits Hisense<\/b> !<\/p>\n<p>Le <b>cong\u00e9lateur<\/b> <b>Hisense FT3B213SAWE<\/b> est un appareil encastrable con\u00e7u pour offrir un stockage efficace et compact en cuisine, avec des dimensions d\u2019environ <b>177 cm de hauteur<\/b>, <b>54 \u00e0 56 cm de largeur<\/b> et une finition <b>blanche<\/b>, permettant une int\u00e9gration esth\u00e9tique facile dans diff\u00e9rents styles de mobilier. Sa classe \u00e9nerg\u00e9tique <b>E<\/b> indique un bon compromis entre consommation et performance, adapt\u00e9 aux utilisateurs souhaitant r\u00e9duire leur impact \u00e9nerg\u00e9tique sans sacrifier la fonctionnalit\u00e9. Fabriqu\u00e9 avec des mat\u00e9riaux r\u00e9sistants comme l\u2019acier et pens\u00e9 pour un usage pratique, il dispose d\u2019un <b>\u00e9cran int\u00e9gr\u00e9<\/b> et d\u2019une connectivit\u00e9 <b>Wi-Fi<\/b>, facilitant le contr\u00f4le et la surveillance \u00e0 distance de la temp\u00e9rature et d\u2019autres param\u00e8tres, apportant confort et modernit\u00e9 technologique \u00e0 ce cong\u00e9lateur \u00e0 porte unique. Sa capacit\u00e9 d\u2019int\u00e9gration permet une installation ais\u00e9e sous plan de travail ou dans un meuble, optimisant l\u2019espace sans r\u00e9duire le volume utile, id\u00e9al pour les foyers valorisant ordre et discr\u00e9tion dans leurs appareils \u00e9lectrom\u00e9nagers. De plus, le design et les fonctions de ce mod\u00e8le sont orient\u00e9s vers la praticit\u00e9 et la conservation des aliments, assurant une bonne pr\u00e9servation des diff\u00e9rents produits surgel\u00e9s. L\u2019alliance de ses dimensions compactes, de sa connectivit\u00e9 avanc\u00e9e et de sa finition soign\u00e9e fait du <b>Hisense FT3B213SAWE<\/b> une option polyvalente pour ceux qui recherchent un cong\u00e9lateur moderne, fonctionnel et facilement int\u00e9grable dans toute cuisine.<\/p>\n<ul>\n<li>Type:\n<ul>\n<li>Cong\u00e9lateur<\/li>\n<li>Int\u00e9gr\u00e9<\/li>\n<\/ul>\n<\/li>\n<li>Produit \u00e0 brancher: Oui<\/li>\n<li>Type de prise: Prise EU<\/li>\n<li>Bloc d\u2019Alimentation: r\u00e9seau \u00e9lectrique<\/li>\n<li>Couleur:\n<ul>\n<li>Blanc<\/li>\n<li>Acier<\/li>\n<\/ul>\n<\/li>\n<li>Largeur:\n<ul>\n<li>56 cm<\/li>\n<li>54 cm<\/li>\n<\/ul>\n<\/li>\n<li>Caract\u00e9ristiques:\n<ul>\n<li>\u00c9cran integr\u00e9<\/li>\n<li>Commande tactile<\/li>\n<\/ul>\n<\/li>\n<li>Type d&#8217;installation: Int\u00e9grable<\/li>\n<li>Classification \u00e9nerg\u00e9tique: E<\/li>\n<li>\u00c9lev\u00e9: 177 cm<\/li>\n<li>Capacit\u00e9: 235 L<\/li>\n<li>Dimensions approx.: 177 x 54 cm<\/li>\n<li>Mati\u00e8re: Acier<\/li>\n<li>Connectivit\u00e9: Wi-Fi<\/li>\n<li>Tension:\n<ul>\n<li>220 V<\/li>\n<li>220-240 V<\/li>\n<\/ul>\n<\/li>\n<li>Technologie: LED<\/li>\n<li>Direction d&#8217;ouverture: Droite<\/li>\n<li>Longueur du c\u00e2ble: 2 m<\/li>\n<li>Fr\u00e9quence: 50 Hz<\/li>\n<li>Thermostat: R\u00e9glable<\/li>\n<li>Inclut: Voyant lumineux<\/li>\n<li>Pieds: Ajustables<\/li>\n<\/ul>","protected":false},"excerpt":{"rendered":"<p><span class=\"unit-info\">4.7659 &euro; \/ 1 l<\/span><\/p>","protected":false},"featured_media":62953,"comment_status":"open","ping_status":"closed","template":"","meta":[],"product_brand":[1341],"product_cat":[60,77,226],"product_tag":[],"class_list":{"0":"post-62955","1":"product","2":"type-product","3":"status-publish","4":"has-post-thumbnail","6":"product_brand-brandp_612","7":"product_cat-cuisine-gourmet","8":"product_cat-petit-electromenager","9":"product_cat-refrigerateurs-et-congelateurs","11":"first","12":"instock","13":"taxable","14":"shipping-taxable","15":"purchasable","16":"product-type-simple"},"_links":{"self":[{"href":"https:\/\/bigbuy.tupique.com\/en\/wp-json\/wp\/v2\/product\/62955","targetHints":{"allow":["GET"]}}],"collection":[{"href":"https:\/\/bigbuy.tupique.com\/en\/wp-json\/wp\/v2\/product"}],"about":[{"href":"https:\/\/bigbuy.tupique.com\/en\/wp-json\/wp\/v2\/types\/product"}],"replies":[{"embeddable":true,"href":"https:\/\/bigbuy.tupique.com\/en\/wp-json\/wp\/v2\/comments?post=62955"}],"wp:featuredmedia":[{"embeddable":true,"href":"https:\/\/bigbuy.tupique.com\/en\/wp-json\/wp\/v2\/media\/62953"}],"wp:attachment":[{"href":"https:\/\/bigbuy.tupique.com\/en\/wp-json\/wp\/v2\/media?parent=62955"}],"wp:term":[{"taxonomy":"product_brand","embeddable":true,"href":"https:\/\/bigbuy.tupique.com\/en\/wp-json\/wp\/v2\/product_brand?post=62955"},{"taxonomy":"product_cat","embeddable":true,"href":"https:\/\/bigbuy.tupique.com\/en\/wp-json\/wp\/v2\/product_cat?post=62955"},{"taxonomy":"product_tag","embeddable":true,"href":"https:\/\/bigbuy.tupique.com\/en\/wp-json\/wp\/v2\/product_tag?post=62955"}],"curies":[{"name":"wp","href":"https:\/\/api.w.org\/{rel}","templated":true}]}}