{"id":62868,"date":"2026-04-01T17:32:07","date_gmt":"2026-04-01T16:32:07","guid":{"rendered":"https:\/\/bigbuy.tupique.com\/produto\/washer-dryer-lg-f4dr7009ags-9-kg-6-kg\/"},"modified":"2026-04-15T02:56:40","modified_gmt":"2026-04-15T01:56:40","slug":"washer-dryer-lg-f4dr7009ags-9-kg-6-kg","status":"publish","type":"product","link":"https:\/\/bigbuy.tupique.com\/en\/produto\/washer-dryer-lg-f4dr7009ags-9-kg-6-kg\/","title":{"rendered":"Laveuse &#8211; S\u00e9cheuse LG F4DR7009AGS 9 kg 6 Kg"},"content":{"rendered":"<p>Si vous pensez r\u00e9nover votre cuisine, achetez <b>Laveuse &#8211; S\u00e9cheuse LG F4DR7009AGS 9 kg 6 Kg<\/b> et d\u00b4autres <b>produits LG<\/b> !<\/p>\n<p>Le <b>lave-linge s\u00e9chant<\/b> LG F4DR7009AGS est une solution polyvalente et efficace pour ceux qui souhaitent laver et s\u00e9cher leur linge dans un seul appareil sans compromis sur la performance. Ce mod\u00e8le <b>blanc<\/b> se distingue par son design \u00e9l\u00e9gant et fonctionnel, s\u2019int\u00e9grant facilement dans tout int\u00e9rieur gr\u00e2ce \u00e0 sa largeur standard de <b>60 cm<\/b> et ses finitions en <b>acier inoxydable<\/b>, offrant durabilit\u00e9 et entretien facile. Il dispose d\u2019un <b>\u00e9cran int\u00e9gr\u00e9<\/b> pour une gestion intuitive des programmes et r\u00e9glages, permettant aux utilisateurs de choisir pr\u00e9cis\u00e9ment le cycle adapt\u00e9 \u00e0 chaque type de textile. Son <b>moteur puissant atteint une vitesse d\u2019essorage maximale de 1400 tr\/min<\/b>, assurant une extraction efficace de l\u2019humidit\u00e9 et r\u00e9duisant le temps de s\u00e9chage. Cet appareil combine deux niveaux d\u2019efficacit\u00e9 \u00e9nerg\u00e9tique \u2014<b>A pour le lavage<\/b> et <b>D pour le s\u00e9chage<\/b>\u2014 refl\u00e9tant une bonne gestion de la consommation \u00e9lectrique, id\u00e9al pour les foyers souhaitant allier efficacit\u00e9 et r\u00e9sultats. Le tambour spacieux et la flexibilit\u00e9 des programmes permettent de prendre soin des textiles d\u00e9licats comme des charges volumineuses, s\u2019adaptant au rythme de vie moderne. La LG F4DR7009AGS est un choix solide et pratique pour ceux qui recherchent fonctionnalit\u00e9 et fiabilit\u00e9 au quotidien pour le lavage et le s\u00e9chage.<\/p>\n<ul>\n<li>Classification \u00e9nerg\u00e9tique:\n<ul>\n<li>A<\/li>\n<li>D<\/li>\n<\/ul>\n<\/li>\n<li>Couleur:\n<ul>\n<li>Acier<\/li>\n<li>Blanc<\/li>\n<li>Noir<\/li>\n<\/ul>\n<\/li>\n<li>vitesse: 1400 rpm<\/li>\n<li>Capacit\u00e9:\n<ul>\n<li>9kg \/ 6kg<\/li>\n<li>9 kg<\/li>\n<li>6 Kg<\/li>\n<\/ul>\n<\/li>\n<li>Type d&#8217;installation: Sous le plan de travail<\/li>\n<li>Produit \u00e0 brancher: Oui<\/li>\n<li>Type de prise: Prise EU<\/li>\n<li>Type: Laveuse &#8211; S\u00e9cheuse<\/li>\n<li>Mati\u00e8re: Acier inoxydable<\/li>\n<li>Langue: Espagnol<\/li>\n<li>Bloc d\u2019Alimentation: r\u00e9seau \u00e9lectrique<\/li>\n<li>Largeur: 60 cm<\/li>\n<li>Programmes: 9<\/li>\n<\/ul>","protected":false},"excerpt":{"rendered":"<p>Si vous pensez r\u00e9nover votre cuisine, achetez Laveuse &#8211; S\u00e9cheuse LG F4DR7009AGS 9 kg 6 Kg et d\u00b4autres produits LG ! Le lave-linge s\u00e9chant LG F4DR7009AGS est une solution polyvalente et efficace pour ceux qui souhaitent laver et s\u00e9cher leur linge dans un seul appareil sans compromis sur la performance. Ce mod\u00e8le blanc se distingue [&hellip;]<\/p>\n","protected":false},"featured_media":62865,"comment_status":"open","ping_status":"closed","template":"","meta":[],"product_brand":[662],"product_cat":[239,240,751],"product_tag":[],"class_list":{"0":"post-62868","1":"product","2":"type-product","3":"status-publish","4":"has-post-thumbnail","6":"product_brand-brandp_559","7":"product_cat-maison-jardin","8":"product_cat-nettoyage-aspirateur-et-repassage","9":"product_cat-seche-linge-fers-a-repasser-sechoirs","11":"first","12":"instock","13":"taxable","14":"shipping-taxable","15":"purchasable","16":"product-type-simple"},"_links":{"self":[{"href":"https:\/\/bigbuy.tupique.com\/en\/wp-json\/wp\/v2\/product\/62868","targetHints":{"allow":["GET"]}}],"collection":[{"href":"https:\/\/bigbuy.tupique.com\/en\/wp-json\/wp\/v2\/product"}],"about":[{"href":"https:\/\/bigbuy.tupique.com\/en\/wp-json\/wp\/v2\/types\/product"}],"replies":[{"embeddable":true,"href":"https:\/\/bigbuy.tupique.com\/en\/wp-json\/wp\/v2\/comments?post=62868"}],"wp:featuredmedia":[{"embeddable":true,"href":"https:\/\/bigbuy.tupique.com\/en\/wp-json\/wp\/v2\/media\/62865"}],"wp:attachment":[{"href":"https:\/\/bigbuy.tupique.com\/en\/wp-json\/wp\/v2\/media?parent=62868"}],"wp:term":[{"taxonomy":"product_brand","embeddable":true,"href":"https:\/\/bigbuy.tupique.com\/en\/wp-json\/wp\/v2\/product_brand?post=62868"},{"taxonomy":"product_cat","embeddable":true,"href":"https:\/\/bigbuy.tupique.com\/en\/wp-json\/wp\/v2\/product_cat?post=62868"},{"taxonomy":"product_tag","embeddable":true,"href":"https:\/\/bigbuy.tupique.com\/en\/wp-json\/wp\/v2\/product_tag?post=62868"}],"curies":[{"name":"wp","href":"https:\/\/api.w.org\/{rel}","templated":true}]}}