{"id":62829,"date":"2026-04-01T17:31:12","date_gmt":"2026-04-01T16:31:12","guid":{"rendered":"https:\/\/bigbuy.tupique.com\/produto\/air-conditioning-bosch-climate-2000\/"},"modified":"2026-04-15T02:19:49","modified_gmt":"2026-04-15T01:19:49","slug":"air-conditioning-bosch-climate-2000","status":"publish","type":"product","link":"https:\/\/bigbuy.tupique.com\/en\/produto\/air-conditioning-bosch-climate-2000\/","title":{"rendered":"Air Conditionn\u00e9 BOSCH CLIMATE 2000"},"content":{"rendered":"<p>Si vous recherchez des \u00e9lectrom\u00e9nagers pour votre maison aux meilleurs prix, ne manquez pas <b>Air Conditionn\u00e9 BOSCH CLIMATE 2000<\/b> et une large s\u00e9lection de petits \u00e9lectrom\u00e9nagers de qualit\u00e9 !<\/p>\n<ul>\n<li>Couleur: Blanc<\/li>\n<li>Classification \u00e9nerg\u00e9tique:\n<ul>\n<li>A++<\/li>\n<li>A+++<\/li>\n<\/ul>\n<\/li>\n<li>puissance: 2800 W<\/li>\n<li>Puissance frigorifique: 2269 fg\/h<\/li>\n<li>Gaz: R32<\/li>\n<\/ul>","protected":false},"excerpt":{"rendered":"<p>Si vous recherchez des \u00e9lectrom\u00e9nagers pour votre maison aux meilleurs prix, ne manquez pas Air Conditionn\u00e9 BOSCH CLIMATE 2000 et une large s\u00e9lection de petits \u00e9lectrom\u00e9nagers de qualit\u00e9 ! Couleur: Blanc Classification \u00e9nerg\u00e9tique: A++ A+++ puissance: 2800 W Puissance frigorifique: 2269 fg\/h Gaz: R32<\/p>","protected":false},"featured_media":62827,"comment_status":"open","ping_status":"closed","template":"","meta":[],"product_brand":[162],"product_cat":[732,1334,239],"product_tag":[721,210],"class_list":{"0":"post-62829","1":"product","2":"type-product","3":"status-publish","4":"has-post-thumbnail","6":"product_brand-brandp_959","7":"product_cat-climatisation-et-chauffage","8":"product_cat-climatiseurs-et-ventilateurs","9":"product_cat-maison-jardin","10":"product_tag-tag_124","11":"product_tag-tag_25","13":"first","14":"instock","15":"taxable","16":"shipping-taxable","17":"purchasable","18":"product-type-simple"},"_links":{"self":[{"href":"https:\/\/bigbuy.tupique.com\/en\/wp-json\/wp\/v2\/product\/62829","targetHints":{"allow":["GET"]}}],"collection":[{"href":"https:\/\/bigbuy.tupique.com\/en\/wp-json\/wp\/v2\/product"}],"about":[{"href":"https:\/\/bigbuy.tupique.com\/en\/wp-json\/wp\/v2\/types\/product"}],"replies":[{"embeddable":true,"href":"https:\/\/bigbuy.tupique.com\/en\/wp-json\/wp\/v2\/comments?post=62829"}],"wp:featuredmedia":[{"embeddable":true,"href":"https:\/\/bigbuy.tupique.com\/en\/wp-json\/wp\/v2\/media\/62827"}],"wp:attachment":[{"href":"https:\/\/bigbuy.tupique.com\/en\/wp-json\/wp\/v2\/media?parent=62829"}],"wp:term":[{"taxonomy":"product_brand","embeddable":true,"href":"https:\/\/bigbuy.tupique.com\/en\/wp-json\/wp\/v2\/product_brand?post=62829"},{"taxonomy":"product_cat","embeddable":true,"href":"https:\/\/bigbuy.tupique.com\/en\/wp-json\/wp\/v2\/product_cat?post=62829"},{"taxonomy":"product_tag","embeddable":true,"href":"https:\/\/bigbuy.tupique.com\/en\/wp-json\/wp\/v2\/product_tag?post=62829"}],"curies":[{"name":"wp","href":"https:\/\/api.w.org\/{rel}","templated":true}]}}