{"id":62817,"date":"2026-04-01T17:30:57","date_gmt":"2026-04-01T16:30:57","guid":{"rendered":"https:\/\/bigbuy.tupique.com\/produto\/smart-tv-lg-97m39la-4k-ultra-hd-97-oled-amd-freesync\/"},"modified":"2026-04-16T06:44:32","modified_gmt":"2026-04-16T05:44:32","slug":"smart-tv-lg-97m39la-4k-ultra-hd-97-oled-amd-freesync","status":"publish","type":"product","link":"https:\/\/bigbuy.tupique.com\/en\/produto\/smart-tv-lg-97m39la-4k-ultra-hd-97-oled-amd-freesync\/","title":{"rendered":"TV intelligente LG 97M39LA 4K Ultra HD 97&#8243; OLED AMD FreeSync"},"content":{"rendered":"<p>Si vous \u00eates passionn\u00e9 d&#8217;<b>informatique et d&#8217;\u00e9lectronique<\/b>, si vous \u00eates \u00e0 la pointe de la technologie et qu&#8217;aucun d\u00e9tail ne vous \u00e9chappe, achetez <b>TV intelligente LG 97M39LA 4K Ultra HD 97&#8243; OLED AMD FreeSync<\/b> au meilleur prix.<\/p>\n<p>Le <b>Smart TV 98&#8243;<\/b> LG 97M39LA est un t\u00e9l\u00e9viseur grand format qui red\u00e9finit l\u2019exp\u00e9rience audiovisuelle \u00e0 domicile ou en milieu professionnel gr\u00e2ce \u00e0 son <b>\u00e9cran plat de 97 pouces avec r\u00e9solution 4K Ultra HD (3840 x 2160)<\/b>, offrant des images nettes, des couleurs \u00e9clatantes et un excellent niveau de d\u00e9tail, m\u00eame dans les grands espaces. Dot\u00e9 de <b>technologies avanc\u00e9es telles que NVIDIA G-SYNC et AMD FreeSync<\/b>, ce mod\u00e8le assure une fluidit\u00e9 d\u2019image sans interruption, id\u00e9ale pour le multim\u00e9dia comme pour les jeux vid\u00e9o de derni\u00e8re g\u00e9n\u00e9ration. Le syst\u00e8me d\u2019exploitation <b>WebOS<\/b> permet un acc\u00e8s rapide et intuitif \u00e0 un large \u00e9cosyst\u00e8me d\u2019applications, aux fonctions <b>Smart TV<\/b> et \u00e0 la navigation web, facilitant le streaming, la visualisation d\u2019images JPEG et la gestion de fichiers depuis des appareils externes via les ports <b>USB et USB 2.0<\/b>. Son format d\u2019image <b>16:9<\/b> est parfait pour regarder films et s\u00e9ries en mode panoramique, profitant pleinement de toute la surface d\u2019\u00e9cran. Il inclut un <b>tuner analogique et num\u00e9rique<\/b> pour une r\u00e9ception polyvalente des cha\u00eenes, ainsi qu\u2019une connectivit\u00e9 Wi-Fi pour un acc\u00e8s sans fil \u00e0 Internet et aux services en ligne. La <b>puissance sonore estim\u00e9e \u00e0 60 W RMS<\/b> garantit une exp\u00e9rience immersive accompagnant l\u2019image spectaculaire, bien qu\u2019il faille noter sa <b>classe \u00e9nerg\u00e9tique G<\/b> en termes de consommation. Ce mod\u00e8le LG 97M39LA constitue une r\u00e9f\u00e9rence pour ceux qui recherchent un <b>t\u00e9l\u00e9viseur grand format avec des fonctionnalit\u00e9s premium et multim\u00e9dia avanc\u00e9es<\/b>.<\/p>\n<ul>\n<li>Produit \u00e0 brancher: Oui<\/li>\n<li>Type de prise: Prise EU<\/li>\n<li>Ecran: 97&#8243;<\/li>\n<li>Bloc d\u2019Alimentation: r\u00e9seau \u00e9lectrique<\/li>\n<li>Diagonale de l&#8217;\u00e9cran (cm): 246 cm<\/li>\n<li>Connexions:\n<ul>\n<li>Ethernet LAN<\/li>\n<li>USB<\/li>\n<li>USB 2.0<\/li>\n<li>RJ45<\/li>\n<li>HDMI 1.4<\/li>\n<\/ul>\n<\/li>\n<li>Rapport d&#8217;aspect: 16:9<\/li>\n<li>Connectivit\u00e9:\n<ul>\n<li>Bluetooth<\/li>\n<li>Wi-Fi<\/li>\n<li>Wi-Fi 6 GHz<\/li>\n<li>Interface commune<\/li>\n<li>Ethernet LAN<\/li>\n<li>Bluetooth 5.0<\/li>\n<li>eARC<\/li>\n<\/ul>\n<\/li>\n<li>R\u00e9solution: 4K Ultra HD<\/li>\n<li>R\u00e9cepteur: Analogique et num\u00e9rique<\/li>\n<li>Technologie:\n<ul>\n<li>OLED<\/li>\n<li>AMD FreeSync<\/li>\n<li>HDR<\/li>\n<\/ul>\n<\/li>\n<li>TV intelligente: Oui<\/li>\n<li>R\u00e9solution (px): 3840 x 2160 px<\/li>\n<li>Caract\u00e9ristiques:\n<ul>\n<li>Navigation web<\/li>\n<li>TV intelligente<\/li>\n<li>Visualisation des images JPEG<\/li>\n<li>Apple AirPlay 2<\/li>\n<li>\u00c9cran plat<\/li>\n<\/ul>\n<\/li>\n<li>Classification \u00e9nerg\u00e9tique: G<\/li>\n<li>Ann\u00e9e: 2018<\/li>\n<li>Fr\u00e9quence: 100 Hz<\/li>\n<li>Compatible:\n<ul>\n<li>Amazon Alexa<\/li>\n<li>VESA 600 x 400 mm<\/li>\n<\/ul>\n<\/li>\n<li>Inclut: T\u00e9l\u00e9commande<\/li>\n<li>Tension: 100 &#8211; 240 V<\/li>\n<li>Syst\u00e8me d&#8217;exploitation: Web OS<\/li>\n<li>Fr\u00e9quence d&#8217;entr\u00e9e AC: 50-60 Hz<\/li>\n<li>Audio: Dolby Atmos<\/li>\n<li>puissance: 60 W<\/li>\n<li>Montage: VESA<\/li>\n<\/ul>","protected":false},"excerpt":{"rendered":"<p>Si vous \u00eates passionn\u00e9 d&#8217;informatique et d&#8217;\u00e9lectronique, si vous \u00eates \u00e0 la pointe de la technologie et qu&#8217;aucun d\u00e9tail ne vous \u00e9chappe, achetez TV intelligente LG 97M39LA 4K Ultra HD 97&#8243; OLED AMD FreeSync au meilleur prix. Le Smart TV 98&#8243; LG 97M39LA est un t\u00e9l\u00e9viseur grand format qui red\u00e9finit l\u2019exp\u00e9rience audiovisuelle \u00e0 domicile ou [&hellip;]<\/p>\n","protected":false},"featured_media":62815,"comment_status":"open","ping_status":"closed","template":"","meta":[],"product_brand":[662],"product_cat":[589,65,957],"product_tag":[],"class_list":{"0":"post-62817","1":"product","2":"type-product","3":"status-publish","4":"has-post-thumbnail","6":"product_brand-brandp_559","7":"product_cat-electronique-television","8":"product_cat-informatique-electronique","9":"product_cat-televisions-et-smart-tv","11":"first","12":"instock","13":"taxable","14":"shipping-taxable","15":"purchasable","16":"product-type-simple"},"_links":{"self":[{"href":"https:\/\/bigbuy.tupique.com\/en\/wp-json\/wp\/v2\/product\/62817","targetHints":{"allow":["GET"]}}],"collection":[{"href":"https:\/\/bigbuy.tupique.com\/en\/wp-json\/wp\/v2\/product"}],"about":[{"href":"https:\/\/bigbuy.tupique.com\/en\/wp-json\/wp\/v2\/types\/product"}],"replies":[{"embeddable":true,"href":"https:\/\/bigbuy.tupique.com\/en\/wp-json\/wp\/v2\/comments?post=62817"}],"wp:featuredmedia":[{"embeddable":true,"href":"https:\/\/bigbuy.tupique.com\/en\/wp-json\/wp\/v2\/media\/62815"}],"wp:attachment":[{"href":"https:\/\/bigbuy.tupique.com\/en\/wp-json\/wp\/v2\/media?parent=62817"}],"wp:term":[{"taxonomy":"product_brand","embeddable":true,"href":"https:\/\/bigbuy.tupique.com\/en\/wp-json\/wp\/v2\/product_brand?post=62817"},{"taxonomy":"product_cat","embeddable":true,"href":"https:\/\/bigbuy.tupique.com\/en\/wp-json\/wp\/v2\/product_cat?post=62817"},{"taxonomy":"product_tag","embeddable":true,"href":"https:\/\/bigbuy.tupique.com\/en\/wp-json\/wp\/v2\/product_tag?post=62817"}],"curies":[{"name":"wp","href":"https:\/\/api.w.org\/{rel}","templated":true}]}}