{"id":62811,"date":"2026-04-01T17:30:49","date_gmt":"2026-04-01T16:30:49","guid":{"rendered":"https:\/\/bigbuy.tupique.com\/produto\/superautomatic-coffee-maker-krups-ea89zb10\/"},"modified":"2026-04-15T01:27:15","modified_gmt":"2026-04-15T00:27:15","slug":"superautomatic-coffee-maker-krups-ea89zb10","status":"publish","type":"product","link":"https:\/\/bigbuy.tupique.com\/en\/produto\/superautomatic-coffee-maker-krups-ea89zb10\/","title":{"rendered":"Cafeti\u00e8re superautomatique Krups EA89ZB10"},"content":{"rendered":"<p>Si vous recherchez des \u00e9lectrom\u00e9nagers pour votre maison aux meilleurs prix, ne manquez pas <b>Cafeti\u00e8re superautomatique Krups EA89ZB10<\/b> et une large s\u00e9lection de petits \u00e9lectrom\u00e9nagers de qualit\u00e9 !<\/p>\n<p>La <b>Machine \u00e0 caf\u00e9 superautomatique Krups EA89ZB10<\/b> offre une exp\u00e9rience caf\u00e9 \u00e0 domicile de haut niveau, alliant un design \u00e9l\u00e9gant en <b>noir<\/b> \u00e0 des fonctionnalit\u00e9s avanc\u00e9es et une grande facilit\u00e9 d\u2019utilisation. \u00c9quip\u00e9e d\u2019un <b>moulin int\u00e9gr\u00e9<\/b>, cette machine permet de d\u00e9guster un caf\u00e9 toujours fra\u00eechement moulu, pr\u00e9servant l\u2019ar\u00f4me et la saveur naturelle du grain, tout en s\u2019adaptant aux pr\u00e9f\u00e9rences d\u2019intensit\u00e9. Sa <b>capacit\u00e9 de 2,5 litres<\/b> est particuli\u00e8rement pratique pour les foyers ou petits bureaux, r\u00e9duisant la fr\u00e9quence des recharges et facilitant la pr\u00e9paration de plusieurs tasses successives. La <b>pression de 15 bars<\/b> garantit une extraction optimale des ar\u00f4mes, pour des caf\u00e9s et cappuccinos avec une cr\u00e8me dense de qualit\u00e9 professionnelle. Son syst\u00e8me de <b>commande tactile<\/b> simplifie la s\u00e9lection des boissons, permettant de personnaliser facilement l\u2019intensit\u00e9, la quantit\u00e9 d\u2019eau et la temp\u00e9rature pour chaque tasse. Avec une <b>puissance de 1450 W<\/b>, l\u2019appareil assure un chauffage rapide et une performance efficace, r\u00e9duisant les temps d\u2019attente. De plus, la fonction sp\u00e9cifique pour pr\u00e9parer le <b>cappuccino<\/b> cr\u00e9e une mousse de lait soyeuse directement dans la tasse. Con\u00e7ue pour le confort, son utilisation intuitive et son entretien simple permettent de savourer des sp\u00e9cialit\u00e9s caf\u00e9 avec un r\u00e9sultat constant. En r\u00e9sum\u00e9, la Krups EA89ZB10 est une option avanc\u00e9e pour ceux qui recherchent qualit\u00e9, personnalisation et efficacit\u00e9 dans une machine \u00e0 caf\u00e9 superautomatique domestique, r\u00e9pondant parfaitement aux besoins quotidiens des amateurs de caf\u00e9 les plus exigeants.<\/p>\n<ul>\n<li>Caract\u00e9ristiques:\n<ul>\n<li>Broyeur int\u00e9gr\u00e9<\/li>\n<li>Commande tactile<\/li>\n<\/ul>\n<\/li>\n<li>Capacit\u00e9: 2,5 L<\/li>\n<li>Pression: 15 bar<\/li>\n<li>puissance: 1450 W<\/li>\n<li>Type:\n<ul>\n<li>Cafeti\u00e8re superautomatique<\/li>\n<li>Cafeti\u00e8re express<\/li>\n<\/ul>\n<\/li>\n<li>Produit \u00e0 brancher: Oui<\/li>\n<li>Bloc d\u2019Alimentation: r\u00e9seau \u00e9lectrique<\/li>\n<li>Couleur: Noir<\/li>\n<li>Largeur: 24 cm<\/li>\n<\/ul>","protected":false},"excerpt":{"rendered":"<p>Si vous recherchez des \u00e9lectrom\u00e9nagers pour votre maison aux meilleurs prix, ne manquez pas Cafeti\u00e8re superautomatique Krups EA89ZB10 et une large s\u00e9lection de petits \u00e9lectrom\u00e9nagers de qualit\u00e9 ! La Machine \u00e0 caf\u00e9 superautomatique Krups EA89ZB10 offre une exp\u00e9rience caf\u00e9 \u00e0 domicile de haut niveau, alliant un design \u00e9l\u00e9gant en noir \u00e0 des fonctionnalit\u00e9s avanc\u00e9es et [&hellip;]<\/p>\n","protected":false},"featured_media":62810,"comment_status":"open","ping_status":"closed","template":"","meta":[],"product_brand":[1644],"product_cat":[725,60,77],"product_tag":[104,56],"class_list":{"0":"post-62811","1":"product","2":"type-product","3":"status-publish","4":"has-post-thumbnail","6":"product_brand-brandp_911","7":"product_cat-cafetieres","8":"product_cat-cuisine-gourmet","9":"product_cat-petit-electromenager","10":"product_tag-tag_1279","11":"product_tag-tag_930","13":"first","14":"instock","15":"taxable","16":"shipping-taxable","17":"purchasable","18":"product-type-simple"},"_links":{"self":[{"href":"https:\/\/bigbuy.tupique.com\/en\/wp-json\/wp\/v2\/product\/62811","targetHints":{"allow":["GET"]}}],"collection":[{"href":"https:\/\/bigbuy.tupique.com\/en\/wp-json\/wp\/v2\/product"}],"about":[{"href":"https:\/\/bigbuy.tupique.com\/en\/wp-json\/wp\/v2\/types\/product"}],"replies":[{"embeddable":true,"href":"https:\/\/bigbuy.tupique.com\/en\/wp-json\/wp\/v2\/comments?post=62811"}],"wp:featuredmedia":[{"embeddable":true,"href":"https:\/\/bigbuy.tupique.com\/en\/wp-json\/wp\/v2\/media\/62810"}],"wp:attachment":[{"href":"https:\/\/bigbuy.tupique.com\/en\/wp-json\/wp\/v2\/media?parent=62811"}],"wp:term":[{"taxonomy":"product_brand","embeddable":true,"href":"https:\/\/bigbuy.tupique.com\/en\/wp-json\/wp\/v2\/product_brand?post=62811"},{"taxonomy":"product_cat","embeddable":true,"href":"https:\/\/bigbuy.tupique.com\/en\/wp-json\/wp\/v2\/product_cat?post=62811"},{"taxonomy":"product_tag","embeddable":true,"href":"https:\/\/bigbuy.tupique.com\/en\/wp-json\/wp\/v2\/product_tag?post=62811"}],"curies":[{"name":"wp","href":"https:\/\/api.w.org\/{rel}","templated":true}]}}