{"id":62800,"date":"2026-04-01T17:30:32","date_gmt":"2026-04-01T16:30:32","guid":{"rendered":"https:\/\/bigbuy.tupique.com\/produto\/dishwasher-beko-bdfn26440wc-60-cm\/"},"modified":"2026-04-15T01:25:45","modified_gmt":"2026-04-15T00:25:45","slug":"dishwasher-beko-bdfn26440wc-60-cm","status":"publish","type":"product","link":"https:\/\/bigbuy.tupique.com\/en\/produto\/dishwasher-beko-bdfn26440wc-60-cm\/","title":{"rendered":"Lave-vaisselle BEKO BDFN26440WC 60 cm"},"content":{"rendered":"<p>Si vous pensez r\u00e9nover votre cuisine, achetez <b>Lave-vaisselle BEKO BDFN26440WC 60 cm<\/b> et d\u00b4autres <b>produits BEKO<\/b> !<\/p>\n<p>Le <b>lave-vaisselle BDFN26440WC<\/b> de <b>BEKO<\/b> est un appareil con\u00e7u pour offrir un lavage efficace et pratique dans les foyers aux besoins moyens, avec une <b>capacit\u00e9 de 14 couverts<\/b> permettant de laver une grande quantit\u00e9 d\u2019ustensiles \u00e0 chaque cycle. Il pr\u00e9sente une <b>finition blanche<\/b> et une <b>largeur d\u2019environ 60 cm<\/b> (59,8 cm r\u00e9els), s\u2019adaptant facilement \u00e0 la plupart des cuisines standards. Il b\u00e9n\u00e9ficie d\u2019une <b>classe \u00e9nerg\u00e9tique C<\/b>, qui, bien que non la plus \u00e9lev\u00e9e du march\u00e9, offre un bon compromis entre consommation et performance. Ce mod\u00e8le se distingue par sa faible consommation d\u2019eau, n\u2019utilisant que <b>9,5 litres par cycle<\/b>, ce qui favorise les \u00e9conomies et la durabilit\u00e9. Il int\u00e8gre des fonctions pratiques comme le <b>verrouillage enfant<\/b>, garantissant la s\u00e9curit\u00e9 lors de l\u2019utilisation, et un <b>\u00e9cran int\u00e9gr\u00e9<\/b> facilitant la gestion et le contr\u00f4le des programmes disponibles. Parmi ces programmes, on trouve des options vari\u00e9es adapt\u00e9es aux diff\u00e9rents besoins de lavage et types de vaisselle : cycle automatique, d\u00e9licat \u00e0 40 \u00b0C, \u00e9co \u00e0 50 \u00b0C, intensif \u00e0 70 \u00b0C et mini, permettant d\u2019optimiser l\u2019usage de l\u2019eau et de l\u2019\u00e9nergie selon le degr\u00e9 de salet\u00e9. De plus, il dispose d\u2019une fonction de <b>d\u00e9marrage diff\u00e9r\u00e9 jusqu\u2019\u00e0 24 heures<\/b>, offrant une flexibilit\u00e9 pour adapter le fonctionnement de l\u2019appareil aux horaires de l\u2019utilisateur. En r\u00e9sum\u00e9, le lave-vaisselle BDFN26440WC combine des caract\u00e9ristiques techniques adapt\u00e9es et des fonctions polyvalentes qui facilitent le lavage quotidien, r\u00e9pondant aux exigences habituelles du foyer.<\/p>\n<ul>\n<li>Produit \u00e0 brancher: Oui<\/li>\n<li>Type: Lave-vaisselle<\/li>\n<li>Type de prise: Prise EU<\/li>\n<li>Bloc d\u2019Alimentation: r\u00e9seau \u00e9lectrique<\/li>\n<li>Couleur: Blanc<\/li>\n<li>Largeur: 60 cm<\/li>\n<li>Caract\u00e9ristiques:\n<ul>\n<li>Verrouillage pour enfants<\/li>\n<li>\u00c9cran integr\u00e9<\/li>\n<\/ul>\n<\/li>\n<li>Capacit\u00e9 (Nb de couverts):\n<ul>\n<li>6<\/li>\n<li>14<\/li>\n<\/ul>\n<\/li>\n<li>Classification \u00e9nerg\u00e9tique: C<\/li>\n<li>Programmes: 6<\/li>\n<li>Niveau sonore: 44 dB<\/li>\n<li>Capacit\u00e9: 14 Kg<\/li>\n<\/ul>","protected":false},"excerpt":{"rendered":"<p><span class=\"unit-info\">41.7850 &euro; \/ 1 kg<\/span><\/p>","protected":false},"featured_media":62798,"comment_status":"open","ping_status":"closed","template":"","meta":[],"product_brand":[825],"product_cat":[393,60,77],"product_tag":[],"class_list":{"0":"post-62800","1":"product","2":"type-product","3":"status-publish","4":"has-post-thumbnail","6":"product_brand-brandp_1255","7":"product_cat-autres-appareils-de-cuisines","8":"product_cat-cuisine-gourmet","9":"product_cat-petit-electromenager","11":"first","12":"instock","13":"taxable","14":"shipping-taxable","15":"purchasable","16":"product-type-simple"},"_links":{"self":[{"href":"https:\/\/bigbuy.tupique.com\/en\/wp-json\/wp\/v2\/product\/62800","targetHints":{"allow":["GET"]}}],"collection":[{"href":"https:\/\/bigbuy.tupique.com\/en\/wp-json\/wp\/v2\/product"}],"about":[{"href":"https:\/\/bigbuy.tupique.com\/en\/wp-json\/wp\/v2\/types\/product"}],"replies":[{"embeddable":true,"href":"https:\/\/bigbuy.tupique.com\/en\/wp-json\/wp\/v2\/comments?post=62800"}],"wp:featuredmedia":[{"embeddable":true,"href":"https:\/\/bigbuy.tupique.com\/en\/wp-json\/wp\/v2\/media\/62798"}],"wp:attachment":[{"href":"https:\/\/bigbuy.tupique.com\/en\/wp-json\/wp\/v2\/media?parent=62800"}],"wp:term":[{"taxonomy":"product_brand","embeddable":true,"href":"https:\/\/bigbuy.tupique.com\/en\/wp-json\/wp\/v2\/product_brand?post=62800"},{"taxonomy":"product_cat","embeddable":true,"href":"https:\/\/bigbuy.tupique.com\/en\/wp-json\/wp\/v2\/product_cat?post=62800"},{"taxonomy":"product_tag","embeddable":true,"href":"https:\/\/bigbuy.tupique.com\/en\/wp-json\/wp\/v2\/product_tag?post=62800"}],"curies":[{"name":"wp","href":"https:\/\/api.w.org\/{rel}","templated":true}]}}