{"id":62761,"date":"2026-04-01T17:28:45","date_gmt":"2026-04-01T16:28:45","guid":{"rendered":"https:\/\/bigbuy.tupique.com\/produto\/refrigerator-hisense-rl3k370sewe1-white\/"},"modified":"2026-05-11T19:57:27","modified_gmt":"2026-05-11T17:57:27","slug":"refrigerator-hisense-rl3k370sewe1-white","status":"publish","type":"product","link":"https:\/\/bigbuy.tupique.com\/en\/produto\/refrigerator-hisense-rl3k370sewe1-white\/","title":{"rendered":"R\u00e9frig\u00e9rateur Hisense RL3K370SEWE1 Blanc"},"content":{"rendered":"<p>Si vous pensez r\u00e9nover votre cuisine, achetez <b>R\u00e9frig\u00e9rateur Hisense RL3K370SEWE1 Blanc<\/b> et d\u00b4autres <b>produits Hisense<\/b> !<\/p>\n<ul>\n<li>Produit \u00e0 brancher: Oui<\/li>\n<li>Couleur: Blanc<\/li>\n<li>Type: LED<\/li>\n<li>Dimensions approx.: 186 x 60 cm<\/li>\n<li>Type d&#8217;installation: Auto-assemblage<\/li>\n<li>Tension: 230 V<\/li>\n<li>Technologie:\n<ul>\n<li>LED<\/li>\n<li>No Frost<\/li>\n<\/ul>\n<\/li>\n<li>Design: Ind\u00e9pendant<\/li>\n<li>Capacit\u00e9: 370 L<\/li>\n<li>\u00c9lev\u00e9: 186 cm<\/li>\n<li>Portes: 1 porte<\/li>\n<li>Capacit\u00e9 du r\u00e9frig\u00e9rateur: 370 L<\/li>\n<\/ul>","protected":false},"excerpt":{"rendered":"<p><span class=\"unit-info\">2.3432 &euro; \/ 1 l<\/span><\/p>","protected":false},"featured_media":62760,"comment_status":"open","ping_status":"closed","template":"","meta":[],"product_brand":[1341],"product_cat":[60,77,226],"product_tag":[56],"class_list":{"0":"post-62761","1":"product","2":"type-product","3":"status-publish","4":"has-post-thumbnail","6":"product_brand-brandp_612","7":"product_cat-cuisine-gourmet","8":"product_cat-petit-electromenager","9":"product_cat-refrigerateurs-et-congelateurs","10":"product_tag-tag_930","12":"first","13":"instock","14":"taxable","15":"shipping-taxable","16":"purchasable","17":"product-type-simple"},"_links":{"self":[{"href":"https:\/\/bigbuy.tupique.com\/en\/wp-json\/wp\/v2\/product\/62761","targetHints":{"allow":["GET"]}}],"collection":[{"href":"https:\/\/bigbuy.tupique.com\/en\/wp-json\/wp\/v2\/product"}],"about":[{"href":"https:\/\/bigbuy.tupique.com\/en\/wp-json\/wp\/v2\/types\/product"}],"replies":[{"embeddable":true,"href":"https:\/\/bigbuy.tupique.com\/en\/wp-json\/wp\/v2\/comments?post=62761"}],"wp:featuredmedia":[{"embeddable":true,"href":"https:\/\/bigbuy.tupique.com\/en\/wp-json\/wp\/v2\/media\/62760"}],"wp:attachment":[{"href":"https:\/\/bigbuy.tupique.com\/en\/wp-json\/wp\/v2\/media?parent=62761"}],"wp:term":[{"taxonomy":"product_brand","embeddable":true,"href":"https:\/\/bigbuy.tupique.com\/en\/wp-json\/wp\/v2\/product_brand?post=62761"},{"taxonomy":"product_cat","embeddable":true,"href":"https:\/\/bigbuy.tupique.com\/en\/wp-json\/wp\/v2\/product_cat?post=62761"},{"taxonomy":"product_tag","embeddable":true,"href":"https:\/\/bigbuy.tupique.com\/en\/wp-json\/wp\/v2\/product_tag?post=62761"}],"curies":[{"name":"wp","href":"https:\/\/api.w.org\/{rel}","templated":true}]}}