{"id":62738,"date":"2026-04-01T17:28:18","date_gmt":"2026-04-01T16:28:18","guid":{"rendered":"https:\/\/bigbuy.tupique.com\/produto\/gas-hob-siemens-er9a6sh40\/"},"modified":"2026-04-15T07:03:51","modified_gmt":"2026-04-15T06:03:51","slug":"gas-hob-siemens-er9a6sh40","status":"publish","type":"product","link":"https:\/\/bigbuy.tupique.com\/en\/produto\/gas-hob-siemens-er9a6sh40\/","title":{"rendered":"Plaque au gaz Siemens ER9A6SH40"},"content":{"rendered":"<p>Si vous pensez r\u00e9nover votre cuisine, achetez <b>Plaque au gaz Siemens ER9A6SH40<\/b> et d\u00b4autres <b>produits Siemens<\/b> !<\/p>\n<ul>\n<li>Produit \u00e0 brancher: Oui<\/li>\n<li>Caract\u00e9ristiques:\n<ul>\n<li>Finition mate<\/li>\n<li>Facile \u00e0 nettoyer<\/li>\n<\/ul>\n<\/li>\n<li>Type de prise: Prise EU<\/li>\n<li>Type:\n<ul>\n<li>Plaque au gaz<\/li>\n<li>Int\u00e9gr\u00e9<\/li>\n<\/ul>\n<\/li>\n<li>Bloc d\u2019Alimentation:\n<ul>\n<li>r\u00e9seau \u00e9lectrique<\/li>\n<li>Gaz<\/li>\n<\/ul>\n<\/li>\n<li>Zones de cuisson: 5<\/li>\n<li>Couleur: Noir<\/li>\n<li>Mati\u00e8re:\n<ul>\n<li>Acier inoxydable<\/li>\n<li>verre<\/li>\n<\/ul>\n<\/li>\n<li>Fonctions: Minuterie<\/li>\n<li>Forme: Rond<\/li>\n<li>Finition: Mat<\/li>\n<li>Tension:\n<ul>\n<li>240 V<\/li>\n<li>220-240 V<\/li>\n<\/ul>\n<\/li>\n<li>Niveaux de puissance: 9<\/li>\n<li>Longueur du c\u00e2ble: 1 m<\/li>\n<li>Type de carburant: Gaz<\/li>\n<li>Contr\u00f4le:\n<ul>\n<li>Tactile<\/li>\n<li>Plaque Tournante<\/li>\n<\/ul>\n<\/li>\n<li>Fr\u00e9quence d&#8217;entr\u00e9e AC: 50-60 Hz<\/li>\n<li>Inclut: Ecran<\/li>\n<li>Type d&#8217;installation: Sur le plan de travail<\/li>\n<li>\u00c9lev\u00e9: 4,5 cm<\/li>\n<li>Long: 52 cm<\/li>\n<li>Connectivit\u00e9: No<\/li>\n<\/ul>\n<p>Informations importantes: En ce qui concerne le raccordement au gaz, il convient de respecter les r\u00e9glementations nationales en vigueur..<\/p>","protected":false},"excerpt":{"rendered":"<p>Si vous pensez r\u00e9nover votre cuisine, achetez Plaque au gaz Siemens ER9A6SH40 et d\u00b4autres produits Siemens ! Produit \u00e0 brancher: Oui Caract\u00e9ristiques: Finition mate Facile \u00e0 nettoyer Type de prise: Prise EU Type: Plaque au gaz Int\u00e9gr\u00e9 Bloc d\u2019Alimentation: r\u00e9seau \u00e9lectrique Gaz Zones de cuisson: 5 Couleur: Noir Mati\u00e8re: Acier inoxydable verre Fonctions: Minuterie Forme: [&hellip;]<\/p>\n","protected":false},"featured_media":62723,"comment_status":"open","ping_status":"closed","template":"","meta":[],"product_brand":[1590],"product_cat":[60,77,78],"product_tag":[55,56],"class_list":{"0":"post-62738","1":"product","2":"type-product","3":"status-publish","4":"has-post-thumbnail","6":"product_brand-brandp_10139","7":"product_cat-cuisine-gourmet","8":"product_cat-petit-electromenager","9":"product_cat-plaques-de-cuisson","10":"product_tag-tag_926","11":"product_tag-tag_930","13":"first","14":"instock","15":"taxable","16":"shipping-taxable","17":"purchasable","18":"product-type-simple"},"_links":{"self":[{"href":"https:\/\/bigbuy.tupique.com\/en\/wp-json\/wp\/v2\/product\/62738","targetHints":{"allow":["GET"]}}],"collection":[{"href":"https:\/\/bigbuy.tupique.com\/en\/wp-json\/wp\/v2\/product"}],"about":[{"href":"https:\/\/bigbuy.tupique.com\/en\/wp-json\/wp\/v2\/types\/product"}],"replies":[{"embeddable":true,"href":"https:\/\/bigbuy.tupique.com\/en\/wp-json\/wp\/v2\/comments?post=62738"}],"wp:featuredmedia":[{"embeddable":true,"href":"https:\/\/bigbuy.tupique.com\/en\/wp-json\/wp\/v2\/media\/62723"}],"wp:attachment":[{"href":"https:\/\/bigbuy.tupique.com\/en\/wp-json\/wp\/v2\/media?parent=62738"}],"wp:term":[{"taxonomy":"product_brand","embeddable":true,"href":"https:\/\/bigbuy.tupique.com\/en\/wp-json\/wp\/v2\/product_brand?post=62738"},{"taxonomy":"product_cat","embeddable":true,"href":"https:\/\/bigbuy.tupique.com\/en\/wp-json\/wp\/v2\/product_cat?post=62738"},{"taxonomy":"product_tag","embeddable":true,"href":"https:\/\/bigbuy.tupique.com\/en\/wp-json\/wp\/v2\/product_tag?post=62738"}],"curies":[{"name":"wp","href":"https:\/\/api.w.org\/{rel}","templated":true}]}}